{"id":982,"date":"2022-11-19T05:56:05","date_gmt":"2022-11-19T05:56:05","guid":{"rendered":"https:\/\/bio-medx.com\/?post_type=product&#038;p=982"},"modified":"2023-09-01T03:48:42","modified_gmt":"2023-09-01T03:48:42","slug":"philips-l12-5-linear-array-probe","status":"publish","type":"product","link":"https:\/\/bio-medx.com\/en\/product\/philips-l12-5-linear-array-probe\/","title":{"rendered":"Sonde Lin\u00e9aire L12-5 &#8211; Philips"},"content":{"rendered":"<p>La sonde lin\u00e9aire Philips L12-5 est un transducteur d&rsquo;\u00e9chographie utilis\u00e9 pour obtenir des images haute r\u00e9solution dans des applications m\u00e9dicales. Elle est typiquement utilis\u00e9e pour visualiser des structures superficielles telles que les vaisseaux sanguins, les tendons, les muscles, les nerfs et autres tissus mous. La d\u00e9signation \u00ab\u00a0L12-5\u00a0\u00bb indique probablement la plage de fr\u00e9quences que la sonde peut utiliser, soit entre 12 et 5 MHz, ce qui est courant pour les sondes lin\u00e9aires.<\/p>\n<p>Modele : L12-5<\/p>\n<p>Fabricant : Philips<\/p>\n<p>Prix : Nous contacter<\/p>","protected":false},"excerpt":{"rendered":"<p>La sonde lin\u00e9aire Philips L12-5 est un transducteur d&rsquo;\u00e9chographie utilis\u00e9 pour obtenir des images haute r\u00e9solution dans des applications m\u00e9dicales. Elle est typiquement utilis\u00e9e pour visualiser des structures superficielles telles que les vaisseaux sanguins, les tendons, les muscles, les nerfs et autres tissus mous. La d\u00e9signation \u00ab\u00a0L12-5\u00a0\u00bb indique probablement la plage de fr\u00e9quences que la [&hellip;]<\/p>\n","protected":false},"featured_media":983,"comment_status":"open","ping_status":"closed","template":"","meta":[],"product_brand":[],"product_cat":[46],"product_tag":[41,42],"class_list":{"0":"post-982","1":"product","2":"type-product","3":"status-publish","4":"has-post-thumbnail","6":"product_cat-piecesgm","7":"product_tag-transduceur","8":"product_tag-ultrasons","10":"first","11":"instock","12":"shipping-taxable","13":"product-type-simple"},"yoast_head":"<!-- This site is optimized with the Yoast SEO plugin v27.4 - https:\/\/yoast.com\/product\/yoast-seo-wordpress\/ -->\n<title>Sonde Lin\u00e9aire L12-5 - Philips - Bio-MedX<\/title>\n<meta name=\"robots\" content=\"index, follow, max-snippet:-1, max-image-preview:large, max-video-preview:-1\" \/>\n<link rel=\"canonical\" href=\"https:\/\/bio-medx.com\/en\/product\/philips-l12-5-linear-array-probe\/\" \/>\n<meta property=\"og:locale\" content=\"en_US\" \/>\n<meta property=\"og:type\" content=\"article\" \/>\n<meta property=\"og:title\" content=\"Sonde Lin\u00e9aire L12-5 - Philips - Bio-MedX\" \/>\n<meta property=\"og:description\" content=\"La sonde lin\u00e9aire Philips L12-5 est un transducteur d&rsquo;\u00e9chographie utilis\u00e9 pour obtenir des images haute r\u00e9solution dans des applications m\u00e9dicales. Elle est typiquement utilis\u00e9e pour visualiser des structures superficielles telles que les vaisseaux sanguins, les tendons, les muscles, les nerfs et autres tissus mous. La d\u00e9signation \u00ab\u00a0L12-5\u00a0\u00bb indique probablement la plage de fr\u00e9quences que la [&hellip;]\" \/>\n<meta property=\"og:url\" content=\"https:\/\/bio-medx.com\/en\/product\/philips-l12-5-linear-array-probe\/\" \/>\n<meta property=\"og:site_name\" content=\"Bio-MedX\" \/>\n<meta property=\"article:publisher\" content=\"https:\/\/www.facebook.com\/biomedx99\" \/>\n<meta property=\"article:modified_time\" content=\"2023-09-01T03:48:42+00:00\" \/>\n<meta property=\"og:image\" content=\"https:\/\/bio-medx.com\/wp-content\/uploads\/2022\/11\/l12-5-1_8c2d6d73-86e2-4c3d-8936-3c3b9355d6ef.webp\" \/>\n\t<meta property=\"og:image:width\" content=\"456\" \/>\n\t<meta property=\"og:image:height\" content=\"331\" \/>\n\t<meta property=\"og:image:type\" content=\"image\/webp\" \/>\n<meta name=\"twitter:card\" content=\"summary_large_image\" \/>\n<script type=\"application\/ld+json\" class=\"yoast-schema-graph\">{\"@context\":\"https:\\\/\\\/schema.org\",\"@graph\":[{\"@type\":\"WebPage\",\"@id\":\"https:\\\/\\\/bio-medx.com\\\/product\\\/philips-l12-5-linear-array-probe\\\/\",\"url\":\"https:\\\/\\\/bio-medx.com\\\/product\\\/philips-l12-5-linear-array-probe\\\/\",\"name\":\"Sonde Lin\u00e9aire L12-5 - Philips - Bio-MedX\",\"isPartOf\":{\"@id\":\"https:\\\/\\\/bio-medx.com\\\/#website\"},\"primaryImageOfPage\":{\"@id\":\"https:\\\/\\\/bio-medx.com\\\/product\\\/philips-l12-5-linear-array-probe\\\/#primaryimage\"},\"image\":{\"@id\":\"https:\\\/\\\/bio-medx.com\\\/product\\\/philips-l12-5-linear-array-probe\\\/#primaryimage\"},\"thumbnailUrl\":\"https:\\\/\\\/bio-medx.com\\\/wp-content\\\/uploads\\\/2022\\\/11\\\/l12-5-1_8c2d6d73-86e2-4c3d-8936-3c3b9355d6ef.webp\",\"datePublished\":\"2022-11-19T05:56:05+00:00\",\"dateModified\":\"2023-09-01T03:48:42+00:00\",\"breadcrumb\":{\"@id\":\"https:\\\/\\\/bio-medx.com\\\/product\\\/philips-l12-5-linear-array-probe\\\/#breadcrumb\"},\"inLanguage\":\"en-US\",\"potentialAction\":[{\"@type\":\"ReadAction\",\"target\":[\"https:\\\/\\\/bio-medx.com\\\/product\\\/philips-l12-5-linear-array-probe\\\/\"]}]},{\"@type\":\"ImageObject\",\"inLanguage\":\"en-US\",\"@id\":\"https:\\\/\\\/bio-medx.com\\\/product\\\/philips-l12-5-linear-array-probe\\\/#primaryimage\",\"url\":\"https:\\\/\\\/bio-medx.com\\\/wp-content\\\/uploads\\\/2022\\\/11\\\/l12-5-1_8c2d6d73-86e2-4c3d-8936-3c3b9355d6ef.webp\",\"contentUrl\":\"https:\\\/\\\/bio-medx.com\\\/wp-content\\\/uploads\\\/2022\\\/11\\\/l12-5-1_8c2d6d73-86e2-4c3d-8936-3c3b9355d6ef.webp\",\"width\":456,\"height\":331},{\"@type\":\"BreadcrumbList\",\"@id\":\"https:\\\/\\\/bio-medx.com\\\/product\\\/philips-l12-5-linear-array-probe\\\/#breadcrumb\",\"itemListElement\":[{\"@type\":\"ListItem\",\"position\":1,\"name\":\"Accueil\",\"item\":\"https:\\\/\\\/bio-medx.com\\\/\"},{\"@type\":\"ListItem\",\"position\":2,\"name\":\"Produits\",\"item\":\"https:\\\/\\\/bio-medx.com\\\/produits\\\/\"},{\"@type\":\"ListItem\",\"position\":3,\"name\":\"Sonde Lin\u00e9aire L12-5 &#8211; Philips\"}]},{\"@type\":\"WebSite\",\"@id\":\"https:\\\/\\\/bio-medx.com\\\/#website\",\"url\":\"https:\\\/\\\/bio-medx.com\\\/\",\"name\":\"Bio-MedX\",\"description\":\"Nous facillitons l&#039;achat, l&#039;installation et la maintenance d&#039;\u00e9quipement m\u00e9dicaux \u00e0 l&#039;\u00e9chelle mondiale.\",\"publisher\":{\"@id\":\"https:\\\/\\\/bio-medx.com\\\/#organization\"},\"potentialAction\":[{\"@type\":\"SearchAction\",\"target\":{\"@type\":\"EntryPoint\",\"urlTemplate\":\"https:\\\/\\\/bio-medx.com\\\/?s={search_term_string}\"},\"query-input\":{\"@type\":\"PropertyValueSpecification\",\"valueRequired\":true,\"valueName\":\"search_term_string\"}}],\"inLanguage\":\"en-US\"},{\"@type\":\"Organization\",\"@id\":\"https:\\\/\\\/bio-medx.com\\\/#organization\",\"name\":\"Bio-MedX\",\"url\":\"https:\\\/\\\/bio-medx.com\\\/\",\"logo\":{\"@type\":\"ImageObject\",\"inLanguage\":\"en-US\",\"@id\":\"https:\\\/\\\/bio-medx.com\\\/#\\\/schema\\\/logo\\\/image\\\/\",\"url\":\"https:\\\/\\\/bio-medx.com\\\/wp-content\\\/uploads\\\/2022\\\/09\\\/cropped-5.png\",\"contentUrl\":\"https:\\\/\\\/bio-medx.com\\\/wp-content\\\/uploads\\\/2022\\\/09\\\/cropped-5.png\",\"width\":250,\"height\":144,\"caption\":\"Bio-MedX\"},\"image\":{\"@id\":\"https:\\\/\\\/bio-medx.com\\\/#\\\/schema\\\/logo\\\/image\\\/\"},\"sameAs\":[\"https:\\\/\\\/www.facebook.com\\\/biomedx99\",\"https:\\\/\\\/www.linkedin.com\\\/company\\\/biomed-x\\\/\"]}]}<\/script>\n<!-- \/ Yoast SEO plugin. -->","yoast_head_json":{"title":"Sonde Lin\u00e9aire L12-5 - Philips - Bio-MedX","robots":{"index":"index","follow":"follow","max-snippet":"max-snippet:-1","max-image-preview":"max-image-preview:large","max-video-preview":"max-video-preview:-1"},"canonical":"https:\/\/bio-medx.com\/en\/product\/philips-l12-5-linear-array-probe\/","og_locale":"en_US","og_type":"article","og_title":"Sonde Lin\u00e9aire L12-5 - Philips - Bio-MedX","og_description":"La sonde lin\u00e9aire Philips L12-5 est un transducteur d&rsquo;\u00e9chographie utilis\u00e9 pour obtenir des images haute r\u00e9solution dans des applications m\u00e9dicales. Elle est typiquement utilis\u00e9e pour visualiser des structures superficielles telles que les vaisseaux sanguins, les tendons, les muscles, les nerfs et autres tissus mous. La d\u00e9signation \u00ab\u00a0L12-5\u00a0\u00bb indique probablement la plage de fr\u00e9quences que la [&hellip;]","og_url":"https:\/\/bio-medx.com\/en\/product\/philips-l12-5-linear-array-probe\/","og_site_name":"Bio-MedX","article_publisher":"https:\/\/www.facebook.com\/biomedx99","article_modified_time":"2023-09-01T03:48:42+00:00","og_image":[{"width":456,"height":331,"url":"https:\/\/bio-medx.com\/wp-content\/uploads\/2022\/11\/l12-5-1_8c2d6d73-86e2-4c3d-8936-3c3b9355d6ef.webp","type":"image\/webp"}],"twitter_card":"summary_large_image","schema":{"@context":"https:\/\/schema.org","@graph":[{"@type":"WebPage","@id":"https:\/\/bio-medx.com\/product\/philips-l12-5-linear-array-probe\/","url":"https:\/\/bio-medx.com\/product\/philips-l12-5-linear-array-probe\/","name":"Sonde Lin\u00e9aire L12-5 - Philips - Bio-MedX","isPartOf":{"@id":"https:\/\/bio-medx.com\/#website"},"primaryImageOfPage":{"@id":"https:\/\/bio-medx.com\/product\/philips-l12-5-linear-array-probe\/#primaryimage"},"image":{"@id":"https:\/\/bio-medx.com\/product\/philips-l12-5-linear-array-probe\/#primaryimage"},"thumbnailUrl":"https:\/\/bio-medx.com\/wp-content\/uploads\/2022\/11\/l12-5-1_8c2d6d73-86e2-4c3d-8936-3c3b9355d6ef.webp","datePublished":"2022-11-19T05:56:05+00:00","dateModified":"2023-09-01T03:48:42+00:00","breadcrumb":{"@id":"https:\/\/bio-medx.com\/product\/philips-l12-5-linear-array-probe\/#breadcrumb"},"inLanguage":"en-US","potentialAction":[{"@type":"ReadAction","target":["https:\/\/bio-medx.com\/product\/philips-l12-5-linear-array-probe\/"]}]},{"@type":"ImageObject","inLanguage":"en-US","@id":"https:\/\/bio-medx.com\/product\/philips-l12-5-linear-array-probe\/#primaryimage","url":"https:\/\/bio-medx.com\/wp-content\/uploads\/2022\/11\/l12-5-1_8c2d6d73-86e2-4c3d-8936-3c3b9355d6ef.webp","contentUrl":"https:\/\/bio-medx.com\/wp-content\/uploads\/2022\/11\/l12-5-1_8c2d6d73-86e2-4c3d-8936-3c3b9355d6ef.webp","width":456,"height":331},{"@type":"BreadcrumbList","@id":"https:\/\/bio-medx.com\/product\/philips-l12-5-linear-array-probe\/#breadcrumb","itemListElement":[{"@type":"ListItem","position":1,"name":"Accueil","item":"https:\/\/bio-medx.com\/"},{"@type":"ListItem","position":2,"name":"Produits","item":"https:\/\/bio-medx.com\/produits\/"},{"@type":"ListItem","position":3,"name":"Sonde Lin\u00e9aire L12-5 &#8211; Philips"}]},{"@type":"WebSite","@id":"https:\/\/bio-medx.com\/#website","url":"https:\/\/bio-medx.com\/","name":"Bio-MedX","description":"Nous facillitons l&#039;achat, l&#039;installation et la maintenance d&#039;\u00e9quipement m\u00e9dicaux \u00e0 l&#039;\u00e9chelle mondiale.","publisher":{"@id":"https:\/\/bio-medx.com\/#organization"},"potentialAction":[{"@type":"SearchAction","target":{"@type":"EntryPoint","urlTemplate":"https:\/\/bio-medx.com\/?s={search_term_string}"},"query-input":{"@type":"PropertyValueSpecification","valueRequired":true,"valueName":"search_term_string"}}],"inLanguage":"en-US"},{"@type":"Organization","@id":"https:\/\/bio-medx.com\/#organization","name":"Bio-MedX","url":"https:\/\/bio-medx.com\/","logo":{"@type":"ImageObject","inLanguage":"en-US","@id":"https:\/\/bio-medx.com\/#\/schema\/logo\/image\/","url":"https:\/\/bio-medx.com\/wp-content\/uploads\/2022\/09\/cropped-5.png","contentUrl":"https:\/\/bio-medx.com\/wp-content\/uploads\/2022\/09\/cropped-5.png","width":250,"height":144,"caption":"Bio-MedX"},"image":{"@id":"https:\/\/bio-medx.com\/#\/schema\/logo\/image\/"},"sameAs":["https:\/\/www.facebook.com\/biomedx99","https:\/\/www.linkedin.com\/company\/biomed-x\/"]}]}},"_links":{"self":[{"href":"https:\/\/bio-medx.com\/en\/wp-json\/wp\/v2\/product\/982","targetHints":{"allow":["GET"]}}],"collection":[{"href":"https:\/\/bio-medx.com\/en\/wp-json\/wp\/v2\/product"}],"about":[{"href":"https:\/\/bio-medx.com\/en\/wp-json\/wp\/v2\/types\/product"}],"replies":[{"embeddable":true,"href":"https:\/\/bio-medx.com\/en\/wp-json\/wp\/v2\/comments?post=982"}],"wp:featuredmedia":[{"embeddable":true,"href":"https:\/\/bio-medx.com\/en\/wp-json\/wp\/v2\/media\/983"}],"wp:attachment":[{"href":"https:\/\/bio-medx.com\/en\/wp-json\/wp\/v2\/media?parent=982"}],"wp:term":[{"taxonomy":"product_brand","embeddable":true,"href":"https:\/\/bio-medx.com\/en\/wp-json\/wp\/v2\/product_brand?post=982"},{"taxonomy":"product_cat","embeddable":true,"href":"https:\/\/bio-medx.com\/en\/wp-json\/wp\/v2\/product_cat?post=982"},{"taxonomy":"product_tag","embeddable":true,"href":"https:\/\/bio-medx.com\/en\/wp-json\/wp\/v2\/product_tag?post=982"}],"curies":[{"name":"wp","href":"https:\/\/api.w.org\/{rel}","templated":true}]}}