{"id":551,"date":"2022-10-02T04:23:35","date_gmt":"2022-10-02T04:23:35","guid":{"rendered":"https:\/\/bio-medx.com\/?post_type=product&#038;p=551"},"modified":"2023-08-13T23:39:35","modified_gmt":"2023-08-13T23:39:35","slug":"covidien-medical-supplies-curity","status":"publish","type":"product","link":"https:\/\/bio-medx.com\/en\/product\/covidien-medical-supplies-curity\/","title":{"rendered":"Pansement adh\u00e9sif flexible Curity."},"content":{"rendered":"<p>Le pansement adh\u00e9sif flexible Curity est con\u00e7u pour prot\u00e9ger les petites plaies, \u00e9corchures, coupures ou abrasions. Gr\u00e2ce \u00e0 sa nature flexible, il peut s&rsquo;adapter facilement aux contours et aux mouvements du corps, assurant ainsi une protection optimale sans restreindre la mobilit\u00e9. Son adh\u00e9sif puissant assure une fixation solide, minimisant le risque de d\u00e9collement d\u00fb \u00e0 la transpiration ou aux mouvements.<\/p>\n<p>Modele : KEN 44102<\/p>\n<p>Fabricant : Covidien |<\/p>\n<div class=\"value\"><\/div>","protected":false},"excerpt":{"rendered":"<p>Le pansement adh\u00e9sif flexible Curity est con\u00e7u pour prot\u00e9ger les petites plaies, \u00e9corchures, coupures ou abrasions. Gr\u00e2ce \u00e0 sa nature flexible, il peut s&rsquo;adapter facilement aux contours et aux mouvements du corps, assurant ainsi une protection optimale sans restreindre la mobilit\u00e9. Son adh\u00e9sif puissant assure une fixation solide, minimisant le risque de d\u00e9collement d\u00fb \u00e0 [&hellip;]<\/p>\n","protected":false},"featured_media":552,"comment_status":"open","ping_status":"closed","template":"","meta":[],"product_brand":[],"product_cat":[24],"product_tag":[],"class_list":{"0":"post-551","1":"product","2":"type-product","3":"status-publish","4":"has-post-thumbnail","6":"product_cat-consommables","8":"first","9":"instock","10":"shipping-taxable","11":"product-type-simple"},"yoast_head":"<!-- This site is optimized with the Yoast SEO plugin v27.4 - https:\/\/yoast.com\/product\/yoast-seo-wordpress\/ -->\n<title>Pansement adh\u00e9sif flexible Curity. - Bio-MedX<\/title>\n<meta name=\"robots\" content=\"index, follow, max-snippet:-1, max-image-preview:large, max-video-preview:-1\" \/>\n<link rel=\"canonical\" href=\"https:\/\/bio-medx.com\/en\/product\/covidien-medical-supplies-curity\/\" \/>\n<meta property=\"og:locale\" content=\"en_US\" \/>\n<meta property=\"og:type\" content=\"article\" \/>\n<meta property=\"og:title\" content=\"Pansement adh\u00e9sif flexible Curity. - Bio-MedX\" \/>\n<meta property=\"og:description\" content=\"Le pansement adh\u00e9sif flexible Curity est con\u00e7u pour prot\u00e9ger les petites plaies, \u00e9corchures, coupures ou abrasions. Gr\u00e2ce \u00e0 sa nature flexible, il peut s&rsquo;adapter facilement aux contours et aux mouvements du corps, assurant ainsi une protection optimale sans restreindre la mobilit\u00e9. Son adh\u00e9sif puissant assure une fixation solide, minimisant le risque de d\u00e9collement d\u00fb \u00e0 [&hellip;]\" \/>\n<meta property=\"og:url\" content=\"https:\/\/bio-medx.com\/en\/product\/covidien-medical-supplies-curity\/\" \/>\n<meta property=\"og:site_name\" content=\"Bio-MedX\" \/>\n<meta property=\"article:publisher\" content=\"https:\/\/www.facebook.com\/biomedx99\" \/>\n<meta property=\"article:modified_time\" content=\"2023-08-13T23:39:35+00:00\" \/>\n<meta property=\"og:image\" content=\"https:\/\/bio-medx.com\/wp-content\/uploads\/2022\/10\/i71399-03.jpg\" \/>\n\t<meta property=\"og:image:width\" content=\"300\" \/>\n\t<meta property=\"og:image:height\" content=\"450\" \/>\n\t<meta property=\"og:image:type\" content=\"image\/jpeg\" \/>\n<meta name=\"twitter:card\" content=\"summary_large_image\" \/>\n<script type=\"application\/ld+json\" class=\"yoast-schema-graph\">{\"@context\":\"https:\\\/\\\/schema.org\",\"@graph\":[{\"@type\":\"WebPage\",\"@id\":\"https:\\\/\\\/bio-medx.com\\\/product\\\/covidien-medical-supplies-curity\\\/\",\"url\":\"https:\\\/\\\/bio-medx.com\\\/product\\\/covidien-medical-supplies-curity\\\/\",\"name\":\"Pansement adh\u00e9sif flexible Curity. - Bio-MedX\",\"isPartOf\":{\"@id\":\"https:\\\/\\\/bio-medx.com\\\/#website\"},\"primaryImageOfPage\":{\"@id\":\"https:\\\/\\\/bio-medx.com\\\/product\\\/covidien-medical-supplies-curity\\\/#primaryimage\"},\"image\":{\"@id\":\"https:\\\/\\\/bio-medx.com\\\/product\\\/covidien-medical-supplies-curity\\\/#primaryimage\"},\"thumbnailUrl\":\"https:\\\/\\\/bio-medx.com\\\/wp-content\\\/uploads\\\/2022\\\/10\\\/i71399-03.jpg\",\"datePublished\":\"2022-10-02T04:23:35+00:00\",\"dateModified\":\"2023-08-13T23:39:35+00:00\",\"breadcrumb\":{\"@id\":\"https:\\\/\\\/bio-medx.com\\\/product\\\/covidien-medical-supplies-curity\\\/#breadcrumb\"},\"inLanguage\":\"en-US\",\"potentialAction\":[{\"@type\":\"ReadAction\",\"target\":[\"https:\\\/\\\/bio-medx.com\\\/product\\\/covidien-medical-supplies-curity\\\/\"]}]},{\"@type\":\"ImageObject\",\"inLanguage\":\"en-US\",\"@id\":\"https:\\\/\\\/bio-medx.com\\\/product\\\/covidien-medical-supplies-curity\\\/#primaryimage\",\"url\":\"https:\\\/\\\/bio-medx.com\\\/wp-content\\\/uploads\\\/2022\\\/10\\\/i71399-03.jpg\",\"contentUrl\":\"https:\\\/\\\/bio-medx.com\\\/wp-content\\\/uploads\\\/2022\\\/10\\\/i71399-03.jpg\",\"width\":300,\"height\":450},{\"@type\":\"BreadcrumbList\",\"@id\":\"https:\\\/\\\/bio-medx.com\\\/product\\\/covidien-medical-supplies-curity\\\/#breadcrumb\",\"itemListElement\":[{\"@type\":\"ListItem\",\"position\":1,\"name\":\"Accueil\",\"item\":\"https:\\\/\\\/bio-medx.com\\\/\"},{\"@type\":\"ListItem\",\"position\":2,\"name\":\"Produits\",\"item\":\"https:\\\/\\\/bio-medx.com\\\/produits\\\/\"},{\"@type\":\"ListItem\",\"position\":3,\"name\":\"Pansement adh\u00e9sif flexible Curity.\"}]},{\"@type\":\"WebSite\",\"@id\":\"https:\\\/\\\/bio-medx.com\\\/#website\",\"url\":\"https:\\\/\\\/bio-medx.com\\\/\",\"name\":\"Bio-MedX\",\"description\":\"Nous facillitons l&#039;achat, l&#039;installation et la maintenance d&#039;\u00e9quipement m\u00e9dicaux \u00e0 l&#039;\u00e9chelle mondiale.\",\"publisher\":{\"@id\":\"https:\\\/\\\/bio-medx.com\\\/#organization\"},\"potentialAction\":[{\"@type\":\"SearchAction\",\"target\":{\"@type\":\"EntryPoint\",\"urlTemplate\":\"https:\\\/\\\/bio-medx.com\\\/?s={search_term_string}\"},\"query-input\":{\"@type\":\"PropertyValueSpecification\",\"valueRequired\":true,\"valueName\":\"search_term_string\"}}],\"inLanguage\":\"en-US\"},{\"@type\":\"Organization\",\"@id\":\"https:\\\/\\\/bio-medx.com\\\/#organization\",\"name\":\"Bio-MedX\",\"url\":\"https:\\\/\\\/bio-medx.com\\\/\",\"logo\":{\"@type\":\"ImageObject\",\"inLanguage\":\"en-US\",\"@id\":\"https:\\\/\\\/bio-medx.com\\\/#\\\/schema\\\/logo\\\/image\\\/\",\"url\":\"https:\\\/\\\/bio-medx.com\\\/wp-content\\\/uploads\\\/2022\\\/09\\\/cropped-5.png\",\"contentUrl\":\"https:\\\/\\\/bio-medx.com\\\/wp-content\\\/uploads\\\/2022\\\/09\\\/cropped-5.png\",\"width\":250,\"height\":144,\"caption\":\"Bio-MedX\"},\"image\":{\"@id\":\"https:\\\/\\\/bio-medx.com\\\/#\\\/schema\\\/logo\\\/image\\\/\"},\"sameAs\":[\"https:\\\/\\\/www.facebook.com\\\/biomedx99\",\"https:\\\/\\\/www.linkedin.com\\\/company\\\/biomed-x\\\/\"]}]}<\/script>\n<!-- \/ Yoast SEO plugin. -->","yoast_head_json":{"title":"Pansement adh\u00e9sif flexible Curity. - Bio-MedX","robots":{"index":"index","follow":"follow","max-snippet":"max-snippet:-1","max-image-preview":"max-image-preview:large","max-video-preview":"max-video-preview:-1"},"canonical":"https:\/\/bio-medx.com\/en\/product\/covidien-medical-supplies-curity\/","og_locale":"en_US","og_type":"article","og_title":"Pansement adh\u00e9sif flexible Curity. - Bio-MedX","og_description":"Le pansement adh\u00e9sif flexible Curity est con\u00e7u pour prot\u00e9ger les petites plaies, \u00e9corchures, coupures ou abrasions. Gr\u00e2ce \u00e0 sa nature flexible, il peut s&rsquo;adapter facilement aux contours et aux mouvements du corps, assurant ainsi une protection optimale sans restreindre la mobilit\u00e9. Son adh\u00e9sif puissant assure une fixation solide, minimisant le risque de d\u00e9collement d\u00fb \u00e0 [&hellip;]","og_url":"https:\/\/bio-medx.com\/en\/product\/covidien-medical-supplies-curity\/","og_site_name":"Bio-MedX","article_publisher":"https:\/\/www.facebook.com\/biomedx99","article_modified_time":"2023-08-13T23:39:35+00:00","og_image":[{"width":300,"height":450,"url":"https:\/\/bio-medx.com\/wp-content\/uploads\/2022\/10\/i71399-03.jpg","type":"image\/jpeg"}],"twitter_card":"summary_large_image","schema":{"@context":"https:\/\/schema.org","@graph":[{"@type":"WebPage","@id":"https:\/\/bio-medx.com\/product\/covidien-medical-supplies-curity\/","url":"https:\/\/bio-medx.com\/product\/covidien-medical-supplies-curity\/","name":"Pansement adh\u00e9sif flexible Curity. - Bio-MedX","isPartOf":{"@id":"https:\/\/bio-medx.com\/#website"},"primaryImageOfPage":{"@id":"https:\/\/bio-medx.com\/product\/covidien-medical-supplies-curity\/#primaryimage"},"image":{"@id":"https:\/\/bio-medx.com\/product\/covidien-medical-supplies-curity\/#primaryimage"},"thumbnailUrl":"https:\/\/bio-medx.com\/wp-content\/uploads\/2022\/10\/i71399-03.jpg","datePublished":"2022-10-02T04:23:35+00:00","dateModified":"2023-08-13T23:39:35+00:00","breadcrumb":{"@id":"https:\/\/bio-medx.com\/product\/covidien-medical-supplies-curity\/#breadcrumb"},"inLanguage":"en-US","potentialAction":[{"@type":"ReadAction","target":["https:\/\/bio-medx.com\/product\/covidien-medical-supplies-curity\/"]}]},{"@type":"ImageObject","inLanguage":"en-US","@id":"https:\/\/bio-medx.com\/product\/covidien-medical-supplies-curity\/#primaryimage","url":"https:\/\/bio-medx.com\/wp-content\/uploads\/2022\/10\/i71399-03.jpg","contentUrl":"https:\/\/bio-medx.com\/wp-content\/uploads\/2022\/10\/i71399-03.jpg","width":300,"height":450},{"@type":"BreadcrumbList","@id":"https:\/\/bio-medx.com\/product\/covidien-medical-supplies-curity\/#breadcrumb","itemListElement":[{"@type":"ListItem","position":1,"name":"Accueil","item":"https:\/\/bio-medx.com\/"},{"@type":"ListItem","position":2,"name":"Produits","item":"https:\/\/bio-medx.com\/produits\/"},{"@type":"ListItem","position":3,"name":"Pansement adh\u00e9sif flexible Curity."}]},{"@type":"WebSite","@id":"https:\/\/bio-medx.com\/#website","url":"https:\/\/bio-medx.com\/","name":"Bio-MedX","description":"Nous facillitons l&#039;achat, l&#039;installation et la maintenance d&#039;\u00e9quipement m\u00e9dicaux \u00e0 l&#039;\u00e9chelle mondiale.","publisher":{"@id":"https:\/\/bio-medx.com\/#organization"},"potentialAction":[{"@type":"SearchAction","target":{"@type":"EntryPoint","urlTemplate":"https:\/\/bio-medx.com\/?s={search_term_string}"},"query-input":{"@type":"PropertyValueSpecification","valueRequired":true,"valueName":"search_term_string"}}],"inLanguage":"en-US"},{"@type":"Organization","@id":"https:\/\/bio-medx.com\/#organization","name":"Bio-MedX","url":"https:\/\/bio-medx.com\/","logo":{"@type":"ImageObject","inLanguage":"en-US","@id":"https:\/\/bio-medx.com\/#\/schema\/logo\/image\/","url":"https:\/\/bio-medx.com\/wp-content\/uploads\/2022\/09\/cropped-5.png","contentUrl":"https:\/\/bio-medx.com\/wp-content\/uploads\/2022\/09\/cropped-5.png","width":250,"height":144,"caption":"Bio-MedX"},"image":{"@id":"https:\/\/bio-medx.com\/#\/schema\/logo\/image\/"},"sameAs":["https:\/\/www.facebook.com\/biomedx99","https:\/\/www.linkedin.com\/company\/biomed-x\/"]}]}},"_links":{"self":[{"href":"https:\/\/bio-medx.com\/en\/wp-json\/wp\/v2\/product\/551","targetHints":{"allow":["GET"]}}],"collection":[{"href":"https:\/\/bio-medx.com\/en\/wp-json\/wp\/v2\/product"}],"about":[{"href":"https:\/\/bio-medx.com\/en\/wp-json\/wp\/v2\/types\/product"}],"replies":[{"embeddable":true,"href":"https:\/\/bio-medx.com\/en\/wp-json\/wp\/v2\/comments?post=551"}],"wp:featuredmedia":[{"embeddable":true,"href":"https:\/\/bio-medx.com\/en\/wp-json\/wp\/v2\/media\/552"}],"wp:attachment":[{"href":"https:\/\/bio-medx.com\/en\/wp-json\/wp\/v2\/media?parent=551"}],"wp:term":[{"taxonomy":"product_brand","embeddable":true,"href":"https:\/\/bio-medx.com\/en\/wp-json\/wp\/v2\/product_brand?post=551"},{"taxonomy":"product_cat","embeddable":true,"href":"https:\/\/bio-medx.com\/en\/wp-json\/wp\/v2\/product_cat?post=551"},{"taxonomy":"product_tag","embeddable":true,"href":"https:\/\/bio-medx.com\/en\/wp-json\/wp\/v2\/product_tag?post=551"}],"curies":[{"name":"wp","href":"https:\/\/api.w.org\/{rel}","templated":true}]}}