{"id":549,"date":"2022-10-02T04:22:20","date_gmt":"2022-10-02T04:22:20","guid":{"rendered":"https:\/\/bio-medx.com\/?post_type=product&#038;p=549"},"modified":"2023-09-01T03:51:07","modified_gmt":"2023-09-01T03:51:07","slug":"bci-1300-1301-1303-1302-compatible-disposable-sensors","status":"publish","type":"product","link":"https:\/\/bio-medx.com\/en\/product\/bci-1300-1301-1303-1302-compatible-disposable-sensors\/","title":{"rendered":"Capteurs jetables compatibles BCI\u00ae 1300, 1301, 1303, 1302."},"content":{"rendered":"<p>Les capteurs jetables compatibles avec BCI\u00ae 1300, 1301, 1303, 1302 sont con\u00e7us pour garantir une performance fiable et pr\u00e9cise lorsqu&rsquo;ils sont utilis\u00e9s avec les dispositifs correspondants de la marque BCI. Ces capteurs peuvent \u00eatre utilis\u00e9s pour diverses applications m\u00e9dicales, telles que la surveillance des signes vitaux, l&rsquo;oxym\u00e9trie de pouls, etc. \u00c9tant jetables, ils minimisent le risque de contamination crois\u00e9e entre les patients. Ces capteurs sont sp\u00e9cifiquement con\u00e7us pour \u00eatre enti\u00e8rement compatibles avec les mod\u00e8les mentionn\u00e9s, garantissant ainsi une int\u00e9gration sans faille et une pr\u00e9cision optimale lors des mesures.<\/p>\n<p>Prix : nous contacter<\/p>","protected":false},"excerpt":{"rendered":"<p>Les capteurs jetables compatibles avec BCI\u00ae 1300, 1301, 1303, 1302 sont con\u00e7us pour garantir une performance fiable et pr\u00e9cise lorsqu&rsquo;ils sont utilis\u00e9s avec les dispositifs correspondants de la marque BCI. Ces capteurs peuvent \u00eatre utilis\u00e9s pour diverses applications m\u00e9dicales, telles que la surveillance des signes vitaux, l&rsquo;oxym\u00e9trie de pouls, etc. \u00c9tant jetables, ils minimisent le [&hellip;]<\/p>\n","protected":false},"featured_media":550,"comment_status":"open","ping_status":"closed","template":"","meta":[],"product_brand":[],"product_cat":[17,24],"product_tag":[],"class_list":{"0":"post-549","1":"product","2":"type-product","3":"status-publish","4":"has-post-thumbnail","6":"product_cat-piecesimagerie","7":"product_cat-consommables","9":"first","10":"instock","11":"shipping-taxable","12":"product-type-simple"},"yoast_head":"<!-- This site is optimized with the Yoast SEO plugin v27.3 - https:\/\/yoast.com\/product\/yoast-seo-wordpress\/ -->\n<title>Capteurs jetables compatibles BCI\u00ae 1300, 1301, 1303, 1302. - Bio-MedX<\/title>\n<meta name=\"robots\" content=\"index, follow, max-snippet:-1, max-image-preview:large, max-video-preview:-1\" \/>\n<link rel=\"canonical\" href=\"https:\/\/bio-medx.com\/en\/product\/bci-1300-1301-1303-1302-compatible-disposable-sensors\/\" \/>\n<meta property=\"og:locale\" content=\"en_US\" \/>\n<meta property=\"og:type\" content=\"article\" \/>\n<meta property=\"og:title\" content=\"Capteurs jetables compatibles BCI\u00ae 1300, 1301, 1303, 1302. - Bio-MedX\" \/>\n<meta property=\"og:description\" content=\"Les capteurs jetables compatibles avec BCI\u00ae 1300, 1301, 1303, 1302 sont con\u00e7us pour garantir une performance fiable et pr\u00e9cise lorsqu&rsquo;ils sont utilis\u00e9s avec les dispositifs correspondants de la marque BCI. Ces capteurs peuvent \u00eatre utilis\u00e9s pour diverses applications m\u00e9dicales, telles que la surveillance des signes vitaux, l&rsquo;oxym\u00e9trie de pouls, etc. \u00c9tant jetables, ils minimisent le [&hellip;]\" \/>\n<meta property=\"og:url\" content=\"https:\/\/bio-medx.com\/en\/product\/bci-1300-1301-1303-1302-compatible-disposable-sensors\/\" \/>\n<meta property=\"og:site_name\" content=\"Bio-MedX\" \/>\n<meta property=\"article:publisher\" content=\"https:\/\/www.facebook.com\/biomedx99\" \/>\n<meta property=\"article:modified_time\" content=\"2023-09-01T03:51:07+00:00\" \/>\n<meta property=\"og:image\" content=\"https:\/\/bio-medx.com\/wp-content\/uploads\/2022\/10\/S503-060_large.jpeg\" \/>\n\t<meta property=\"og:image:width\" content=\"480\" \/>\n\t<meta property=\"og:image:height\" content=\"320\" \/>\n\t<meta property=\"og:image:type\" content=\"image\/jpeg\" \/>\n<meta name=\"twitter:card\" content=\"summary_large_image\" \/>\n<meta name=\"twitter:label1\" content=\"Est. reading time\" \/>\n\t<meta name=\"twitter:data1\" content=\"1 minute\" \/>\n<script type=\"application\/ld+json\" class=\"yoast-schema-graph\">{\"@context\":\"https:\\\/\\\/schema.org\",\"@graph\":[{\"@type\":\"WebPage\",\"@id\":\"https:\\\/\\\/bio-medx.com\\\/product\\\/bci-1300-1301-1303-1302-compatible-disposable-sensors\\\/\",\"url\":\"https:\\\/\\\/bio-medx.com\\\/product\\\/bci-1300-1301-1303-1302-compatible-disposable-sensors\\\/\",\"name\":\"Capteurs jetables compatibles BCI\u00ae 1300, 1301, 1303, 1302. - Bio-MedX\",\"isPartOf\":{\"@id\":\"https:\\\/\\\/bio-medx.com\\\/#website\"},\"primaryImageOfPage\":{\"@id\":\"https:\\\/\\\/bio-medx.com\\\/product\\\/bci-1300-1301-1303-1302-compatible-disposable-sensors\\\/#primaryimage\"},\"image\":{\"@id\":\"https:\\\/\\\/bio-medx.com\\\/product\\\/bci-1300-1301-1303-1302-compatible-disposable-sensors\\\/#primaryimage\"},\"thumbnailUrl\":\"https:\\\/\\\/bio-medx.com\\\/wp-content\\\/uploads\\\/2022\\\/10\\\/S503-060_large.jpeg\",\"datePublished\":\"2022-10-02T04:22:20+00:00\",\"dateModified\":\"2023-09-01T03:51:07+00:00\",\"breadcrumb\":{\"@id\":\"https:\\\/\\\/bio-medx.com\\\/product\\\/bci-1300-1301-1303-1302-compatible-disposable-sensors\\\/#breadcrumb\"},\"inLanguage\":\"en-US\",\"potentialAction\":[{\"@type\":\"ReadAction\",\"target\":[\"https:\\\/\\\/bio-medx.com\\\/product\\\/bci-1300-1301-1303-1302-compatible-disposable-sensors\\\/\"]}]},{\"@type\":\"ImageObject\",\"inLanguage\":\"en-US\",\"@id\":\"https:\\\/\\\/bio-medx.com\\\/product\\\/bci-1300-1301-1303-1302-compatible-disposable-sensors\\\/#primaryimage\",\"url\":\"https:\\\/\\\/bio-medx.com\\\/wp-content\\\/uploads\\\/2022\\\/10\\\/S503-060_large.jpeg\",\"contentUrl\":\"https:\\\/\\\/bio-medx.com\\\/wp-content\\\/uploads\\\/2022\\\/10\\\/S503-060_large.jpeg\",\"width\":480,\"height\":320},{\"@type\":\"BreadcrumbList\",\"@id\":\"https:\\\/\\\/bio-medx.com\\\/product\\\/bci-1300-1301-1303-1302-compatible-disposable-sensors\\\/#breadcrumb\",\"itemListElement\":[{\"@type\":\"ListItem\",\"position\":1,\"name\":\"Accueil\",\"item\":\"https:\\\/\\\/bio-medx.com\\\/\"},{\"@type\":\"ListItem\",\"position\":2,\"name\":\"Produits\",\"item\":\"https:\\\/\\\/bio-medx.com\\\/produits\\\/\"},{\"@type\":\"ListItem\",\"position\":3,\"name\":\"Capteurs jetables compatibles BCI\u00ae 1300, 1301, 1303, 1302.\"}]},{\"@type\":\"WebSite\",\"@id\":\"https:\\\/\\\/bio-medx.com\\\/#website\",\"url\":\"https:\\\/\\\/bio-medx.com\\\/\",\"name\":\"Bio-MedX\",\"description\":\"Nous facillitons l&#039;achat, l&#039;installation et la maintenance d&#039;\u00e9quipement m\u00e9dicaux \u00e0 l&#039;\u00e9chelle mondiale.\",\"publisher\":{\"@id\":\"https:\\\/\\\/bio-medx.com\\\/#organization\"},\"potentialAction\":[{\"@type\":\"SearchAction\",\"target\":{\"@type\":\"EntryPoint\",\"urlTemplate\":\"https:\\\/\\\/bio-medx.com\\\/?s={search_term_string}\"},\"query-input\":{\"@type\":\"PropertyValueSpecification\",\"valueRequired\":true,\"valueName\":\"search_term_string\"}}],\"inLanguage\":\"en-US\"},{\"@type\":\"Organization\",\"@id\":\"https:\\\/\\\/bio-medx.com\\\/#organization\",\"name\":\"Bio-MedX\",\"url\":\"https:\\\/\\\/bio-medx.com\\\/\",\"logo\":{\"@type\":\"ImageObject\",\"inLanguage\":\"en-US\",\"@id\":\"https:\\\/\\\/bio-medx.com\\\/#\\\/schema\\\/logo\\\/image\\\/\",\"url\":\"https:\\\/\\\/bio-medx.com\\\/wp-content\\\/uploads\\\/2022\\\/09\\\/cropped-5.png\",\"contentUrl\":\"https:\\\/\\\/bio-medx.com\\\/wp-content\\\/uploads\\\/2022\\\/09\\\/cropped-5.png\",\"width\":250,\"height\":144,\"caption\":\"Bio-MedX\"},\"image\":{\"@id\":\"https:\\\/\\\/bio-medx.com\\\/#\\\/schema\\\/logo\\\/image\\\/\"},\"sameAs\":[\"https:\\\/\\\/www.facebook.com\\\/biomedx99\",\"https:\\\/\\\/www.linkedin.com\\\/company\\\/biomed-x\\\/\"]}]}<\/script>\n<!-- \/ Yoast SEO plugin. -->","yoast_head_json":{"title":"Capteurs jetables compatibles BCI\u00ae 1300, 1301, 1303, 1302. - Bio-MedX","robots":{"index":"index","follow":"follow","max-snippet":"max-snippet:-1","max-image-preview":"max-image-preview:large","max-video-preview":"max-video-preview:-1"},"canonical":"https:\/\/bio-medx.com\/en\/product\/bci-1300-1301-1303-1302-compatible-disposable-sensors\/","og_locale":"en_US","og_type":"article","og_title":"Capteurs jetables compatibles BCI\u00ae 1300, 1301, 1303, 1302. - Bio-MedX","og_description":"Les capteurs jetables compatibles avec BCI\u00ae 1300, 1301, 1303, 1302 sont con\u00e7us pour garantir une performance fiable et pr\u00e9cise lorsqu&rsquo;ils sont utilis\u00e9s avec les dispositifs correspondants de la marque BCI. Ces capteurs peuvent \u00eatre utilis\u00e9s pour diverses applications m\u00e9dicales, telles que la surveillance des signes vitaux, l&rsquo;oxym\u00e9trie de pouls, etc. \u00c9tant jetables, ils minimisent le [&hellip;]","og_url":"https:\/\/bio-medx.com\/en\/product\/bci-1300-1301-1303-1302-compatible-disposable-sensors\/","og_site_name":"Bio-MedX","article_publisher":"https:\/\/www.facebook.com\/biomedx99","article_modified_time":"2023-09-01T03:51:07+00:00","og_image":[{"width":480,"height":320,"url":"https:\/\/bio-medx.com\/wp-content\/uploads\/2022\/10\/S503-060_large.jpeg","type":"image\/jpeg"}],"twitter_card":"summary_large_image","twitter_misc":{"Est. reading time":"1 minute"},"schema":{"@context":"https:\/\/schema.org","@graph":[{"@type":"WebPage","@id":"https:\/\/bio-medx.com\/product\/bci-1300-1301-1303-1302-compatible-disposable-sensors\/","url":"https:\/\/bio-medx.com\/product\/bci-1300-1301-1303-1302-compatible-disposable-sensors\/","name":"Capteurs jetables compatibles BCI\u00ae 1300, 1301, 1303, 1302. - Bio-MedX","isPartOf":{"@id":"https:\/\/bio-medx.com\/#website"},"primaryImageOfPage":{"@id":"https:\/\/bio-medx.com\/product\/bci-1300-1301-1303-1302-compatible-disposable-sensors\/#primaryimage"},"image":{"@id":"https:\/\/bio-medx.com\/product\/bci-1300-1301-1303-1302-compatible-disposable-sensors\/#primaryimage"},"thumbnailUrl":"https:\/\/bio-medx.com\/wp-content\/uploads\/2022\/10\/S503-060_large.jpeg","datePublished":"2022-10-02T04:22:20+00:00","dateModified":"2023-09-01T03:51:07+00:00","breadcrumb":{"@id":"https:\/\/bio-medx.com\/product\/bci-1300-1301-1303-1302-compatible-disposable-sensors\/#breadcrumb"},"inLanguage":"en-US","potentialAction":[{"@type":"ReadAction","target":["https:\/\/bio-medx.com\/product\/bci-1300-1301-1303-1302-compatible-disposable-sensors\/"]}]},{"@type":"ImageObject","inLanguage":"en-US","@id":"https:\/\/bio-medx.com\/product\/bci-1300-1301-1303-1302-compatible-disposable-sensors\/#primaryimage","url":"https:\/\/bio-medx.com\/wp-content\/uploads\/2022\/10\/S503-060_large.jpeg","contentUrl":"https:\/\/bio-medx.com\/wp-content\/uploads\/2022\/10\/S503-060_large.jpeg","width":480,"height":320},{"@type":"BreadcrumbList","@id":"https:\/\/bio-medx.com\/product\/bci-1300-1301-1303-1302-compatible-disposable-sensors\/#breadcrumb","itemListElement":[{"@type":"ListItem","position":1,"name":"Accueil","item":"https:\/\/bio-medx.com\/"},{"@type":"ListItem","position":2,"name":"Produits","item":"https:\/\/bio-medx.com\/produits\/"},{"@type":"ListItem","position":3,"name":"Capteurs jetables compatibles BCI\u00ae 1300, 1301, 1303, 1302."}]},{"@type":"WebSite","@id":"https:\/\/bio-medx.com\/#website","url":"https:\/\/bio-medx.com\/","name":"Bio-MedX","description":"Nous facillitons l&#039;achat, l&#039;installation et la maintenance d&#039;\u00e9quipement m\u00e9dicaux \u00e0 l&#039;\u00e9chelle mondiale.","publisher":{"@id":"https:\/\/bio-medx.com\/#organization"},"potentialAction":[{"@type":"SearchAction","target":{"@type":"EntryPoint","urlTemplate":"https:\/\/bio-medx.com\/?s={search_term_string}"},"query-input":{"@type":"PropertyValueSpecification","valueRequired":true,"valueName":"search_term_string"}}],"inLanguage":"en-US"},{"@type":"Organization","@id":"https:\/\/bio-medx.com\/#organization","name":"Bio-MedX","url":"https:\/\/bio-medx.com\/","logo":{"@type":"ImageObject","inLanguage":"en-US","@id":"https:\/\/bio-medx.com\/#\/schema\/logo\/image\/","url":"https:\/\/bio-medx.com\/wp-content\/uploads\/2022\/09\/cropped-5.png","contentUrl":"https:\/\/bio-medx.com\/wp-content\/uploads\/2022\/09\/cropped-5.png","width":250,"height":144,"caption":"Bio-MedX"},"image":{"@id":"https:\/\/bio-medx.com\/#\/schema\/logo\/image\/"},"sameAs":["https:\/\/www.facebook.com\/biomedx99","https:\/\/www.linkedin.com\/company\/biomed-x\/"]}]}},"_links":{"self":[{"href":"https:\/\/bio-medx.com\/en\/wp-json\/wp\/v2\/product\/549","targetHints":{"allow":["GET"]}}],"collection":[{"href":"https:\/\/bio-medx.com\/en\/wp-json\/wp\/v2\/product"}],"about":[{"href":"https:\/\/bio-medx.com\/en\/wp-json\/wp\/v2\/types\/product"}],"replies":[{"embeddable":true,"href":"https:\/\/bio-medx.com\/en\/wp-json\/wp\/v2\/comments?post=549"}],"wp:featuredmedia":[{"embeddable":true,"href":"https:\/\/bio-medx.com\/en\/wp-json\/wp\/v2\/media\/550"}],"wp:attachment":[{"href":"https:\/\/bio-medx.com\/en\/wp-json\/wp\/v2\/media?parent=549"}],"wp:term":[{"taxonomy":"product_brand","embeddable":true,"href":"https:\/\/bio-medx.com\/en\/wp-json\/wp\/v2\/product_brand?post=549"},{"taxonomy":"product_cat","embeddable":true,"href":"https:\/\/bio-medx.com\/en\/wp-json\/wp\/v2\/product_cat?post=549"},{"taxonomy":"product_tag","embeddable":true,"href":"https:\/\/bio-medx.com\/en\/wp-json\/wp\/v2\/product_tag?post=549"}],"curies":[{"name":"wp","href":"https:\/\/api.w.org\/{rel}","templated":true}]}}