{"id":547,"date":"2022-10-02T04:21:00","date_gmt":"2022-10-02T04:21:00","guid":{"rendered":"https:\/\/bio-medx.com\/?post_type=product&#038;p=547"},"modified":"2023-09-01T03:48:35","modified_gmt":"2023-09-01T03:48:35","slug":"bci-3311-spo2-adapter-cable","status":"publish","type":"product","link":"https:\/\/bio-medx.com\/en\/product\/bci-3311-spo2-adapter-cable\/","title":{"rendered":"C\u00e2ble adaptateur pour capteurs d&rsquo;oxym\u00e9trie de pouls"},"content":{"rendered":"<div class=\"value\">\n<div>Le c\u00e2ble adaptateur SpO2 BCI 3311 est con\u00e7u pour connecter et adapter des capteurs d&rsquo;oxym\u00e9trie de pouls (SpO2) \u00e0 des dispositifs m\u00e9dicaux sp\u00e9cifiques. Il s&rsquo;agit d&rsquo;un outil essentiel pour transmettre des donn\u00e9es pr\u00e9cises sur la saturation en oxyg\u00e8ne du sang d&rsquo;un patient vers l&rsquo;\u00e9quipement de surveillance.<\/div>\n<\/div>\n<div>Fabricant: BCI<\/div>\n<div class=\"value\">\n<div class=\"value\">Modele: 191431<\/div>\n<\/div>","protected":false},"excerpt":{"rendered":"<p>Le c\u00e2ble adaptateur SpO2 BCI 3311 est con\u00e7u pour connecter et adapter des capteurs d&rsquo;oxym\u00e9trie de pouls (SpO2) \u00e0 des dispositifs m\u00e9dicaux sp\u00e9cifiques. Il s&rsquo;agit d&rsquo;un outil essentiel pour transmettre des donn\u00e9es pr\u00e9cises sur la saturation en oxyg\u00e8ne du sang d&rsquo;un patient vers l&rsquo;\u00e9quipement de surveillance. Fabricant: BCI Modele: 191431<\/p>","protected":false},"featured_media":548,"comment_status":"open","ping_status":"closed","template":"","meta":[],"product_brand":[],"product_cat":[17],"product_tag":[],"class_list":{"0":"post-547","1":"product","2":"type-product","3":"status-publish","4":"has-post-thumbnail","6":"product_cat-piecesimagerie","8":"first","9":"instock","10":"shipping-taxable","11":"product-type-simple"},"yoast_head":"<!-- This site is optimized with the Yoast SEO plugin v27.4 - https:\/\/yoast.com\/product\/yoast-seo-wordpress\/ -->\n<title>C\u00e2ble adaptateur pour capteurs d&#039;oxym\u00e9trie de pouls - Bio-MedX<\/title>\n<meta name=\"robots\" content=\"index, follow, max-snippet:-1, max-image-preview:large, max-video-preview:-1\" \/>\n<link rel=\"canonical\" href=\"https:\/\/bio-medx.com\/en\/product\/bci-3311-spo2-adapter-cable\/\" \/>\n<meta property=\"og:locale\" content=\"en_US\" \/>\n<meta property=\"og:type\" content=\"article\" \/>\n<meta property=\"og:title\" content=\"C\u00e2ble adaptateur pour capteurs d&#039;oxym\u00e9trie de pouls - Bio-MedX\" \/>\n<meta property=\"og:description\" content=\"Le c\u00e2ble adaptateur SpO2 BCI 3311 est con\u00e7u pour connecter et adapter des capteurs d&rsquo;oxym\u00e9trie de pouls (SpO2) \u00e0 des dispositifs m\u00e9dicaux sp\u00e9cifiques. Il s&rsquo;agit d&rsquo;un outil essentiel pour transmettre des donn\u00e9es pr\u00e9cises sur la saturation en oxyg\u00e8ne du sang d&rsquo;un patient vers l&rsquo;\u00e9quipement de surveillance. Fabricant: BCI Modele: 191431\" \/>\n<meta property=\"og:url\" content=\"https:\/\/bio-medx.com\/en\/product\/bci-3311-spo2-adapter-cable\/\" \/>\n<meta property=\"og:site_name\" content=\"Bio-MedX\" \/>\n<meta property=\"article:publisher\" content=\"https:\/\/www.facebook.com\/biomedx99\" \/>\n<meta property=\"article:modified_time\" content=\"2023-09-01T03:48:35+00:00\" \/>\n<meta property=\"og:image\" content=\"https:\/\/bio-medx.com\/wp-content\/uploads\/2022\/10\/E708-060_large-01.jpeg\" \/>\n\t<meta property=\"og:image:width\" content=\"480\" \/>\n\t<meta property=\"og:image:height\" content=\"320\" \/>\n\t<meta property=\"og:image:type\" content=\"image\/jpeg\" \/>\n<meta name=\"twitter:card\" content=\"summary_large_image\" \/>\n<script type=\"application\/ld+json\" class=\"yoast-schema-graph\">{\"@context\":\"https:\\\/\\\/schema.org\",\"@graph\":[{\"@type\":\"WebPage\",\"@id\":\"https:\\\/\\\/bio-medx.com\\\/product\\\/bci-3311-spo2-adapter-cable\\\/\",\"url\":\"https:\\\/\\\/bio-medx.com\\\/product\\\/bci-3311-spo2-adapter-cable\\\/\",\"name\":\"C\u00e2ble adaptateur pour capteurs d'oxym\u00e9trie de pouls - Bio-MedX\",\"isPartOf\":{\"@id\":\"https:\\\/\\\/bio-medx.com\\\/#website\"},\"primaryImageOfPage\":{\"@id\":\"https:\\\/\\\/bio-medx.com\\\/product\\\/bci-3311-spo2-adapter-cable\\\/#primaryimage\"},\"image\":{\"@id\":\"https:\\\/\\\/bio-medx.com\\\/product\\\/bci-3311-spo2-adapter-cable\\\/#primaryimage\"},\"thumbnailUrl\":\"https:\\\/\\\/bio-medx.com\\\/wp-content\\\/uploads\\\/2022\\\/10\\\/E708-060_large-01.jpeg\",\"datePublished\":\"2022-10-02T04:21:00+00:00\",\"dateModified\":\"2023-09-01T03:48:35+00:00\",\"breadcrumb\":{\"@id\":\"https:\\\/\\\/bio-medx.com\\\/product\\\/bci-3311-spo2-adapter-cable\\\/#breadcrumb\"},\"inLanguage\":\"en-US\",\"potentialAction\":[{\"@type\":\"ReadAction\",\"target\":[\"https:\\\/\\\/bio-medx.com\\\/product\\\/bci-3311-spo2-adapter-cable\\\/\"]}]},{\"@type\":\"ImageObject\",\"inLanguage\":\"en-US\",\"@id\":\"https:\\\/\\\/bio-medx.com\\\/product\\\/bci-3311-spo2-adapter-cable\\\/#primaryimage\",\"url\":\"https:\\\/\\\/bio-medx.com\\\/wp-content\\\/uploads\\\/2022\\\/10\\\/E708-060_large-01.jpeg\",\"contentUrl\":\"https:\\\/\\\/bio-medx.com\\\/wp-content\\\/uploads\\\/2022\\\/10\\\/E708-060_large-01.jpeg\",\"width\":480,\"height\":320},{\"@type\":\"BreadcrumbList\",\"@id\":\"https:\\\/\\\/bio-medx.com\\\/product\\\/bci-3311-spo2-adapter-cable\\\/#breadcrumb\",\"itemListElement\":[{\"@type\":\"ListItem\",\"position\":1,\"name\":\"Accueil\",\"item\":\"https:\\\/\\\/bio-medx.com\\\/\"},{\"@type\":\"ListItem\",\"position\":2,\"name\":\"Produits\",\"item\":\"https:\\\/\\\/bio-medx.com\\\/produits\\\/\"},{\"@type\":\"ListItem\",\"position\":3,\"name\":\"C\u00e2ble adaptateur pour capteurs d&#8217;oxym\u00e9trie de pouls\"}]},{\"@type\":\"WebSite\",\"@id\":\"https:\\\/\\\/bio-medx.com\\\/#website\",\"url\":\"https:\\\/\\\/bio-medx.com\\\/\",\"name\":\"Bio-MedX\",\"description\":\"Nous facillitons l&#039;achat, l&#039;installation et la maintenance d&#039;\u00e9quipement m\u00e9dicaux \u00e0 l&#039;\u00e9chelle mondiale.\",\"publisher\":{\"@id\":\"https:\\\/\\\/bio-medx.com\\\/#organization\"},\"potentialAction\":[{\"@type\":\"SearchAction\",\"target\":{\"@type\":\"EntryPoint\",\"urlTemplate\":\"https:\\\/\\\/bio-medx.com\\\/?s={search_term_string}\"},\"query-input\":{\"@type\":\"PropertyValueSpecification\",\"valueRequired\":true,\"valueName\":\"search_term_string\"}}],\"inLanguage\":\"en-US\"},{\"@type\":\"Organization\",\"@id\":\"https:\\\/\\\/bio-medx.com\\\/#organization\",\"name\":\"Bio-MedX\",\"url\":\"https:\\\/\\\/bio-medx.com\\\/\",\"logo\":{\"@type\":\"ImageObject\",\"inLanguage\":\"en-US\",\"@id\":\"https:\\\/\\\/bio-medx.com\\\/#\\\/schema\\\/logo\\\/image\\\/\",\"url\":\"https:\\\/\\\/bio-medx.com\\\/wp-content\\\/uploads\\\/2022\\\/09\\\/cropped-5.png\",\"contentUrl\":\"https:\\\/\\\/bio-medx.com\\\/wp-content\\\/uploads\\\/2022\\\/09\\\/cropped-5.png\",\"width\":250,\"height\":144,\"caption\":\"Bio-MedX\"},\"image\":{\"@id\":\"https:\\\/\\\/bio-medx.com\\\/#\\\/schema\\\/logo\\\/image\\\/\"},\"sameAs\":[\"https:\\\/\\\/www.facebook.com\\\/biomedx99\",\"https:\\\/\\\/www.linkedin.com\\\/company\\\/biomed-x\\\/\"]}]}<\/script>\n<!-- \/ Yoast SEO plugin. -->","yoast_head_json":{"title":"C\u00e2ble adaptateur pour capteurs d'oxym\u00e9trie de pouls - Bio-MedX","robots":{"index":"index","follow":"follow","max-snippet":"max-snippet:-1","max-image-preview":"max-image-preview:large","max-video-preview":"max-video-preview:-1"},"canonical":"https:\/\/bio-medx.com\/en\/product\/bci-3311-spo2-adapter-cable\/","og_locale":"en_US","og_type":"article","og_title":"C\u00e2ble adaptateur pour capteurs d'oxym\u00e9trie de pouls - Bio-MedX","og_description":"Le c\u00e2ble adaptateur SpO2 BCI 3311 est con\u00e7u pour connecter et adapter des capteurs d&rsquo;oxym\u00e9trie de pouls (SpO2) \u00e0 des dispositifs m\u00e9dicaux sp\u00e9cifiques. Il s&rsquo;agit d&rsquo;un outil essentiel pour transmettre des donn\u00e9es pr\u00e9cises sur la saturation en oxyg\u00e8ne du sang d&rsquo;un patient vers l&rsquo;\u00e9quipement de surveillance. Fabricant: BCI Modele: 191431","og_url":"https:\/\/bio-medx.com\/en\/product\/bci-3311-spo2-adapter-cable\/","og_site_name":"Bio-MedX","article_publisher":"https:\/\/www.facebook.com\/biomedx99","article_modified_time":"2023-09-01T03:48:35+00:00","og_image":[{"width":480,"height":320,"url":"https:\/\/bio-medx.com\/wp-content\/uploads\/2022\/10\/E708-060_large-01.jpeg","type":"image\/jpeg"}],"twitter_card":"summary_large_image","schema":{"@context":"https:\/\/schema.org","@graph":[{"@type":"WebPage","@id":"https:\/\/bio-medx.com\/product\/bci-3311-spo2-adapter-cable\/","url":"https:\/\/bio-medx.com\/product\/bci-3311-spo2-adapter-cable\/","name":"C\u00e2ble adaptateur pour capteurs d'oxym\u00e9trie de pouls - Bio-MedX","isPartOf":{"@id":"https:\/\/bio-medx.com\/#website"},"primaryImageOfPage":{"@id":"https:\/\/bio-medx.com\/product\/bci-3311-spo2-adapter-cable\/#primaryimage"},"image":{"@id":"https:\/\/bio-medx.com\/product\/bci-3311-spo2-adapter-cable\/#primaryimage"},"thumbnailUrl":"https:\/\/bio-medx.com\/wp-content\/uploads\/2022\/10\/E708-060_large-01.jpeg","datePublished":"2022-10-02T04:21:00+00:00","dateModified":"2023-09-01T03:48:35+00:00","breadcrumb":{"@id":"https:\/\/bio-medx.com\/product\/bci-3311-spo2-adapter-cable\/#breadcrumb"},"inLanguage":"en-US","potentialAction":[{"@type":"ReadAction","target":["https:\/\/bio-medx.com\/product\/bci-3311-spo2-adapter-cable\/"]}]},{"@type":"ImageObject","inLanguage":"en-US","@id":"https:\/\/bio-medx.com\/product\/bci-3311-spo2-adapter-cable\/#primaryimage","url":"https:\/\/bio-medx.com\/wp-content\/uploads\/2022\/10\/E708-060_large-01.jpeg","contentUrl":"https:\/\/bio-medx.com\/wp-content\/uploads\/2022\/10\/E708-060_large-01.jpeg","width":480,"height":320},{"@type":"BreadcrumbList","@id":"https:\/\/bio-medx.com\/product\/bci-3311-spo2-adapter-cable\/#breadcrumb","itemListElement":[{"@type":"ListItem","position":1,"name":"Accueil","item":"https:\/\/bio-medx.com\/"},{"@type":"ListItem","position":2,"name":"Produits","item":"https:\/\/bio-medx.com\/produits\/"},{"@type":"ListItem","position":3,"name":"C\u00e2ble adaptateur pour capteurs d&#8217;oxym\u00e9trie de pouls"}]},{"@type":"WebSite","@id":"https:\/\/bio-medx.com\/#website","url":"https:\/\/bio-medx.com\/","name":"Bio-MedX","description":"Nous facillitons l&#039;achat, l&#039;installation et la maintenance d&#039;\u00e9quipement m\u00e9dicaux \u00e0 l&#039;\u00e9chelle mondiale.","publisher":{"@id":"https:\/\/bio-medx.com\/#organization"},"potentialAction":[{"@type":"SearchAction","target":{"@type":"EntryPoint","urlTemplate":"https:\/\/bio-medx.com\/?s={search_term_string}"},"query-input":{"@type":"PropertyValueSpecification","valueRequired":true,"valueName":"search_term_string"}}],"inLanguage":"en-US"},{"@type":"Organization","@id":"https:\/\/bio-medx.com\/#organization","name":"Bio-MedX","url":"https:\/\/bio-medx.com\/","logo":{"@type":"ImageObject","inLanguage":"en-US","@id":"https:\/\/bio-medx.com\/#\/schema\/logo\/image\/","url":"https:\/\/bio-medx.com\/wp-content\/uploads\/2022\/09\/cropped-5.png","contentUrl":"https:\/\/bio-medx.com\/wp-content\/uploads\/2022\/09\/cropped-5.png","width":250,"height":144,"caption":"Bio-MedX"},"image":{"@id":"https:\/\/bio-medx.com\/#\/schema\/logo\/image\/"},"sameAs":["https:\/\/www.facebook.com\/biomedx99","https:\/\/www.linkedin.com\/company\/biomed-x\/"]}]}},"_links":{"self":[{"href":"https:\/\/bio-medx.com\/en\/wp-json\/wp\/v2\/product\/547","targetHints":{"allow":["GET"]}}],"collection":[{"href":"https:\/\/bio-medx.com\/en\/wp-json\/wp\/v2\/product"}],"about":[{"href":"https:\/\/bio-medx.com\/en\/wp-json\/wp\/v2\/types\/product"}],"replies":[{"embeddable":true,"href":"https:\/\/bio-medx.com\/en\/wp-json\/wp\/v2\/comments?post=547"}],"wp:featuredmedia":[{"embeddable":true,"href":"https:\/\/bio-medx.com\/en\/wp-json\/wp\/v2\/media\/548"}],"wp:attachment":[{"href":"https:\/\/bio-medx.com\/en\/wp-json\/wp\/v2\/media?parent=547"}],"wp:term":[{"taxonomy":"product_brand","embeddable":true,"href":"https:\/\/bio-medx.com\/en\/wp-json\/wp\/v2\/product_brand?post=547"},{"taxonomy":"product_cat","embeddable":true,"href":"https:\/\/bio-medx.com\/en\/wp-json\/wp\/v2\/product_cat?post=547"},{"taxonomy":"product_tag","embeddable":true,"href":"https:\/\/bio-medx.com\/en\/wp-json\/wp\/v2\/product_tag?post=547"}],"curies":[{"name":"wp","href":"https:\/\/api.w.org\/{rel}","templated":true}]}}