{"id":545,"date":"2022-10-02T04:19:06","date_gmt":"2022-10-02T04:19:06","guid":{"rendered":"https:\/\/bio-medx.com\/?post_type=product&#038;p=545"},"modified":"2023-08-13T23:39:35","modified_gmt":"2023-08-13T23:39:35","slug":"t716-bio-protech-foam-ecg-electrodes-2","status":"publish","type":"product","link":"https:\/\/bio-medx.com\/en\/product\/t716-bio-protech-foam-ecg-electrodes-2\/","title":{"rendered":"\u00c9lectrodes ECG en mousse T716 Bio ProTech"},"content":{"rendered":"<p>Les \u00e9lectrodes ECG en mousse T716 Bio ProTech sont des dispositifs m\u00e9dicaux con\u00e7us pour capturer les signaux \u00e9lectriques du c\u0153ur d&rsquo;un patient lors d&rsquo;un \u00e9lectrocardiogramme (ECG). Ces \u00e9lectrodes sont souvent fabriqu\u00e9es \u00e0 partir d&rsquo;une mousse confortable et adh\u00e9sive qui se fixe sur la peau du patient.<\/p>\n<p>Specification<\/p>\n<table>\n<tbody>\n<tr>\n<th>Modele<\/th>\n<th>Forme<\/th>\n<th>Taille (mm)<\/th>\n<th>Mat\u00e9riau<\/th>\n<th>Patient \/ Utilisation \/ Dur\u00e9e<\/th>\n<th>Conditionnement<\/th>\n<\/tr>\n<tr>\n<td>T716<\/td>\n<td>Ovale<\/td>\n<td>43&#215;45<\/td>\n<td>Mousse<\/td>\n<td>Adulte \/ Surveillance \/ 2 jours<\/td>\n<td>1000\/Bo\u00eete<\/td>\n<\/tr>\n<\/tbody>\n<\/table>\n<p>Prix : Nous contacter<\/p>","protected":false},"excerpt":{"rendered":"<p>Les \u00e9lectrodes ECG en mousse T716 Bio ProTech sont des dispositifs m\u00e9dicaux con\u00e7us pour capturer les signaux \u00e9lectriques du c\u0153ur d&rsquo;un patient lors d&rsquo;un \u00e9lectrocardiogramme (ECG). Ces \u00e9lectrodes sont souvent fabriqu\u00e9es \u00e0 partir d&rsquo;une mousse confortable et adh\u00e9sive qui se fixe sur la peau du patient. Specification Modele Forme Taille (mm) Mat\u00e9riau Patient \/ Utilisation [&hellip;]<\/p>\n","protected":false},"featured_media":546,"comment_status":"open","ping_status":"closed","template":"","meta":[],"product_brand":[],"product_cat":[24],"product_tag":[],"class_list":{"0":"post-545","1":"product","2":"type-product","3":"status-publish","4":"has-post-thumbnail","6":"product_cat-consommables","8":"first","9":"instock","10":"shipping-taxable","11":"product-type-simple"},"yoast_head":"<!-- This site is optimized with the Yoast SEO plugin v27.4 - https:\/\/yoast.com\/product\/yoast-seo-wordpress\/ -->\n<title>\u00c9lectrodes ECG en mousse T716 Bio ProTech - Bio-MedX<\/title>\n<meta name=\"robots\" content=\"index, follow, max-snippet:-1, max-image-preview:large, max-video-preview:-1\" \/>\n<link rel=\"canonical\" href=\"https:\/\/bio-medx.com\/en\/product\/t716-bio-protech-foam-ecg-electrodes-2\/\" \/>\n<meta property=\"og:locale\" content=\"en_US\" \/>\n<meta property=\"og:type\" content=\"article\" \/>\n<meta property=\"og:title\" content=\"\u00c9lectrodes ECG en mousse T716 Bio ProTech - Bio-MedX\" \/>\n<meta property=\"og:description\" content=\"Les \u00e9lectrodes ECG en mousse T716 Bio ProTech sont des dispositifs m\u00e9dicaux con\u00e7us pour capturer les signaux \u00e9lectriques du c\u0153ur d&rsquo;un patient lors d&rsquo;un \u00e9lectrocardiogramme (ECG). Ces \u00e9lectrodes sont souvent fabriqu\u00e9es \u00e0 partir d&rsquo;une mousse confortable et adh\u00e9sive qui se fixe sur la peau du patient. Specification Modele Forme Taille (mm) Mat\u00e9riau Patient \/ Utilisation [&hellip;]\" \/>\n<meta property=\"og:url\" content=\"https:\/\/bio-medx.com\/en\/product\/t716-bio-protech-foam-ecg-electrodes-2\/\" \/>\n<meta property=\"og:site_name\" content=\"Bio-MedX\" \/>\n<meta property=\"article:publisher\" content=\"https:\/\/www.facebook.com\/biomedx99\" \/>\n<meta property=\"article:modified_time\" content=\"2023-08-13T23:39:35+00:00\" \/>\n<meta property=\"og:image\" content=\"https:\/\/bio-medx.com\/wp-content\/uploads\/2022\/10\/Cardiology-Supplies-Electrodes-Bio-ProTech-Foam-Electrode-01-01-01.jpg\" \/>\n\t<meta property=\"og:image:width\" content=\"380\" \/>\n\t<meta property=\"og:image:height\" content=\"380\" \/>\n\t<meta property=\"og:image:type\" content=\"image\/jpeg\" \/>\n<meta name=\"twitter:card\" content=\"summary_large_image\" \/>\n<script type=\"application\/ld+json\" class=\"yoast-schema-graph\">{\"@context\":\"https:\\\/\\\/schema.org\",\"@graph\":[{\"@type\":\"WebPage\",\"@id\":\"https:\\\/\\\/bio-medx.com\\\/product\\\/t716-bio-protech-foam-ecg-electrodes-2\\\/\",\"url\":\"https:\\\/\\\/bio-medx.com\\\/product\\\/t716-bio-protech-foam-ecg-electrodes-2\\\/\",\"name\":\"\u00c9lectrodes ECG en mousse T716 Bio ProTech - Bio-MedX\",\"isPartOf\":{\"@id\":\"https:\\\/\\\/bio-medx.com\\\/#website\"},\"primaryImageOfPage\":{\"@id\":\"https:\\\/\\\/bio-medx.com\\\/product\\\/t716-bio-protech-foam-ecg-electrodes-2\\\/#primaryimage\"},\"image\":{\"@id\":\"https:\\\/\\\/bio-medx.com\\\/product\\\/t716-bio-protech-foam-ecg-electrodes-2\\\/#primaryimage\"},\"thumbnailUrl\":\"https:\\\/\\\/bio-medx.com\\\/wp-content\\\/uploads\\\/2022\\\/10\\\/Cardiology-Supplies-Electrodes-Bio-ProTech-Foam-Electrode-01-01-01.jpg\",\"datePublished\":\"2022-10-02T04:19:06+00:00\",\"dateModified\":\"2023-08-13T23:39:35+00:00\",\"breadcrumb\":{\"@id\":\"https:\\\/\\\/bio-medx.com\\\/product\\\/t716-bio-protech-foam-ecg-electrodes-2\\\/#breadcrumb\"},\"inLanguage\":\"en-US\",\"potentialAction\":[{\"@type\":\"ReadAction\",\"target\":[\"https:\\\/\\\/bio-medx.com\\\/product\\\/t716-bio-protech-foam-ecg-electrodes-2\\\/\"]}]},{\"@type\":\"ImageObject\",\"inLanguage\":\"en-US\",\"@id\":\"https:\\\/\\\/bio-medx.com\\\/product\\\/t716-bio-protech-foam-ecg-electrodes-2\\\/#primaryimage\",\"url\":\"https:\\\/\\\/bio-medx.com\\\/wp-content\\\/uploads\\\/2022\\\/10\\\/Cardiology-Supplies-Electrodes-Bio-ProTech-Foam-Electrode-01-01-01.jpg\",\"contentUrl\":\"https:\\\/\\\/bio-medx.com\\\/wp-content\\\/uploads\\\/2022\\\/10\\\/Cardiology-Supplies-Electrodes-Bio-ProTech-Foam-Electrode-01-01-01.jpg\",\"width\":380,\"height\":380},{\"@type\":\"BreadcrumbList\",\"@id\":\"https:\\\/\\\/bio-medx.com\\\/product\\\/t716-bio-protech-foam-ecg-electrodes-2\\\/#breadcrumb\",\"itemListElement\":[{\"@type\":\"ListItem\",\"position\":1,\"name\":\"Accueil\",\"item\":\"https:\\\/\\\/bio-medx.com\\\/\"},{\"@type\":\"ListItem\",\"position\":2,\"name\":\"Produits\",\"item\":\"https:\\\/\\\/bio-medx.com\\\/produits\\\/\"},{\"@type\":\"ListItem\",\"position\":3,\"name\":\"\u00c9lectrodes ECG en mousse T716 Bio ProTech\"}]},{\"@type\":\"WebSite\",\"@id\":\"https:\\\/\\\/bio-medx.com\\\/#website\",\"url\":\"https:\\\/\\\/bio-medx.com\\\/\",\"name\":\"Bio-MedX\",\"description\":\"Nous facillitons l&#039;achat, l&#039;installation et la maintenance d&#039;\u00e9quipement m\u00e9dicaux \u00e0 l&#039;\u00e9chelle mondiale.\",\"publisher\":{\"@id\":\"https:\\\/\\\/bio-medx.com\\\/#organization\"},\"potentialAction\":[{\"@type\":\"SearchAction\",\"target\":{\"@type\":\"EntryPoint\",\"urlTemplate\":\"https:\\\/\\\/bio-medx.com\\\/?s={search_term_string}\"},\"query-input\":{\"@type\":\"PropertyValueSpecification\",\"valueRequired\":true,\"valueName\":\"search_term_string\"}}],\"inLanguage\":\"en-US\"},{\"@type\":\"Organization\",\"@id\":\"https:\\\/\\\/bio-medx.com\\\/#organization\",\"name\":\"Bio-MedX\",\"url\":\"https:\\\/\\\/bio-medx.com\\\/\",\"logo\":{\"@type\":\"ImageObject\",\"inLanguage\":\"en-US\",\"@id\":\"https:\\\/\\\/bio-medx.com\\\/#\\\/schema\\\/logo\\\/image\\\/\",\"url\":\"https:\\\/\\\/bio-medx.com\\\/wp-content\\\/uploads\\\/2022\\\/09\\\/cropped-5.png\",\"contentUrl\":\"https:\\\/\\\/bio-medx.com\\\/wp-content\\\/uploads\\\/2022\\\/09\\\/cropped-5.png\",\"width\":250,\"height\":144,\"caption\":\"Bio-MedX\"},\"image\":{\"@id\":\"https:\\\/\\\/bio-medx.com\\\/#\\\/schema\\\/logo\\\/image\\\/\"},\"sameAs\":[\"https:\\\/\\\/www.facebook.com\\\/biomedx99\",\"https:\\\/\\\/www.linkedin.com\\\/company\\\/biomed-x\\\/\"]}]}<\/script>\n<!-- \/ Yoast SEO plugin. -->","yoast_head_json":{"title":"\u00c9lectrodes ECG en mousse T716 Bio ProTech - Bio-MedX","robots":{"index":"index","follow":"follow","max-snippet":"max-snippet:-1","max-image-preview":"max-image-preview:large","max-video-preview":"max-video-preview:-1"},"canonical":"https:\/\/bio-medx.com\/en\/product\/t716-bio-protech-foam-ecg-electrodes-2\/","og_locale":"en_US","og_type":"article","og_title":"\u00c9lectrodes ECG en mousse T716 Bio ProTech - Bio-MedX","og_description":"Les \u00e9lectrodes ECG en mousse T716 Bio ProTech sont des dispositifs m\u00e9dicaux con\u00e7us pour capturer les signaux \u00e9lectriques du c\u0153ur d&rsquo;un patient lors d&rsquo;un \u00e9lectrocardiogramme (ECG). Ces \u00e9lectrodes sont souvent fabriqu\u00e9es \u00e0 partir d&rsquo;une mousse confortable et adh\u00e9sive qui se fixe sur la peau du patient. Specification Modele Forme Taille (mm) Mat\u00e9riau Patient \/ Utilisation [&hellip;]","og_url":"https:\/\/bio-medx.com\/en\/product\/t716-bio-protech-foam-ecg-electrodes-2\/","og_site_name":"Bio-MedX","article_publisher":"https:\/\/www.facebook.com\/biomedx99","article_modified_time":"2023-08-13T23:39:35+00:00","og_image":[{"width":380,"height":380,"url":"https:\/\/bio-medx.com\/wp-content\/uploads\/2022\/10\/Cardiology-Supplies-Electrodes-Bio-ProTech-Foam-Electrode-01-01-01.jpg","type":"image\/jpeg"}],"twitter_card":"summary_large_image","schema":{"@context":"https:\/\/schema.org","@graph":[{"@type":"WebPage","@id":"https:\/\/bio-medx.com\/product\/t716-bio-protech-foam-ecg-electrodes-2\/","url":"https:\/\/bio-medx.com\/product\/t716-bio-protech-foam-ecg-electrodes-2\/","name":"\u00c9lectrodes ECG en mousse T716 Bio ProTech - Bio-MedX","isPartOf":{"@id":"https:\/\/bio-medx.com\/#website"},"primaryImageOfPage":{"@id":"https:\/\/bio-medx.com\/product\/t716-bio-protech-foam-ecg-electrodes-2\/#primaryimage"},"image":{"@id":"https:\/\/bio-medx.com\/product\/t716-bio-protech-foam-ecg-electrodes-2\/#primaryimage"},"thumbnailUrl":"https:\/\/bio-medx.com\/wp-content\/uploads\/2022\/10\/Cardiology-Supplies-Electrodes-Bio-ProTech-Foam-Electrode-01-01-01.jpg","datePublished":"2022-10-02T04:19:06+00:00","dateModified":"2023-08-13T23:39:35+00:00","breadcrumb":{"@id":"https:\/\/bio-medx.com\/product\/t716-bio-protech-foam-ecg-electrodes-2\/#breadcrumb"},"inLanguage":"en-US","potentialAction":[{"@type":"ReadAction","target":["https:\/\/bio-medx.com\/product\/t716-bio-protech-foam-ecg-electrodes-2\/"]}]},{"@type":"ImageObject","inLanguage":"en-US","@id":"https:\/\/bio-medx.com\/product\/t716-bio-protech-foam-ecg-electrodes-2\/#primaryimage","url":"https:\/\/bio-medx.com\/wp-content\/uploads\/2022\/10\/Cardiology-Supplies-Electrodes-Bio-ProTech-Foam-Electrode-01-01-01.jpg","contentUrl":"https:\/\/bio-medx.com\/wp-content\/uploads\/2022\/10\/Cardiology-Supplies-Electrodes-Bio-ProTech-Foam-Electrode-01-01-01.jpg","width":380,"height":380},{"@type":"BreadcrumbList","@id":"https:\/\/bio-medx.com\/product\/t716-bio-protech-foam-ecg-electrodes-2\/#breadcrumb","itemListElement":[{"@type":"ListItem","position":1,"name":"Accueil","item":"https:\/\/bio-medx.com\/"},{"@type":"ListItem","position":2,"name":"Produits","item":"https:\/\/bio-medx.com\/produits\/"},{"@type":"ListItem","position":3,"name":"\u00c9lectrodes ECG en mousse T716 Bio ProTech"}]},{"@type":"WebSite","@id":"https:\/\/bio-medx.com\/#website","url":"https:\/\/bio-medx.com\/","name":"Bio-MedX","description":"Nous facillitons l&#039;achat, l&#039;installation et la maintenance d&#039;\u00e9quipement m\u00e9dicaux \u00e0 l&#039;\u00e9chelle mondiale.","publisher":{"@id":"https:\/\/bio-medx.com\/#organization"},"potentialAction":[{"@type":"SearchAction","target":{"@type":"EntryPoint","urlTemplate":"https:\/\/bio-medx.com\/?s={search_term_string}"},"query-input":{"@type":"PropertyValueSpecification","valueRequired":true,"valueName":"search_term_string"}}],"inLanguage":"en-US"},{"@type":"Organization","@id":"https:\/\/bio-medx.com\/#organization","name":"Bio-MedX","url":"https:\/\/bio-medx.com\/","logo":{"@type":"ImageObject","inLanguage":"en-US","@id":"https:\/\/bio-medx.com\/#\/schema\/logo\/image\/","url":"https:\/\/bio-medx.com\/wp-content\/uploads\/2022\/09\/cropped-5.png","contentUrl":"https:\/\/bio-medx.com\/wp-content\/uploads\/2022\/09\/cropped-5.png","width":250,"height":144,"caption":"Bio-MedX"},"image":{"@id":"https:\/\/bio-medx.com\/#\/schema\/logo\/image\/"},"sameAs":["https:\/\/www.facebook.com\/biomedx99","https:\/\/www.linkedin.com\/company\/biomed-x\/"]}]}},"_links":{"self":[{"href":"https:\/\/bio-medx.com\/en\/wp-json\/wp\/v2\/product\/545","targetHints":{"allow":["GET"]}}],"collection":[{"href":"https:\/\/bio-medx.com\/en\/wp-json\/wp\/v2\/product"}],"about":[{"href":"https:\/\/bio-medx.com\/en\/wp-json\/wp\/v2\/types\/product"}],"replies":[{"embeddable":true,"href":"https:\/\/bio-medx.com\/en\/wp-json\/wp\/v2\/comments?post=545"}],"wp:featuredmedia":[{"embeddable":true,"href":"https:\/\/bio-medx.com\/en\/wp-json\/wp\/v2\/media\/546"}],"wp:attachment":[{"href":"https:\/\/bio-medx.com\/en\/wp-json\/wp\/v2\/media?parent=545"}],"wp:term":[{"taxonomy":"product_brand","embeddable":true,"href":"https:\/\/bio-medx.com\/en\/wp-json\/wp\/v2\/product_brand?post=545"},{"taxonomy":"product_cat","embeddable":true,"href":"https:\/\/bio-medx.com\/en\/wp-json\/wp\/v2\/product_cat?post=545"},{"taxonomy":"product_tag","embeddable":true,"href":"https:\/\/bio-medx.com\/en\/wp-json\/wp\/v2\/product_tag?post=545"}],"curies":[{"name":"wp","href":"https:\/\/api.w.org\/{rel}","templated":true}]}}