{"id":543,"date":"2022-10-02T04:17:36","date_gmt":"2022-10-02T04:17:36","guid":{"rendered":"https:\/\/bio-medx.com\/?post_type=product&#038;p=543"},"modified":"2023-08-13T23:41:15","modified_gmt":"2023-08-13T23:41:15","slug":"t716-bio-protech-foam-ecg-electrodes","status":"publish","type":"product","link":"https:\/\/bio-medx.com\/en\/product\/t716-bio-protech-foam-ecg-electrodes\/","title":{"rendered":"\u00c9lectrodes ECG au repos &#8211; Biotabs"},"content":{"rendered":"<p>L&rsquo;\u00e9lectrode ECG Unomedical \/ Ambu 0415 est renomm\u00e9e pour sa qualit\u00e9. Produisant des \u00e9lectrodes ECG depuis plus de 20 ans, Unomedical \/ Ambu est la marque de r\u00e9f\u00e9rence en mati\u00e8re d&rsquo;\u00e9lectrodes pour la surveillance des patients. La combinaison du prix et de la qualit\u00e9 ne peut \u00eatre \u00e9gal\u00e9e par aucune autre \u00e9lectrode. Parfait pour effectuer des tests sur n&rsquo;importe quelle machine EKG !<\/p>\n<p>M\u00eame si l&rsquo;adaptateur se plie, le design de la languette en forme de queue de poisson r\u00e9duit les d\u00e9collements de l&rsquo;\u00e9lectrode. L&rsquo;\u00e9lectrode est pratique en taille et poss\u00e8de un adh\u00e9sif fort mais doux pour la peau. L&rsquo;\u00e9lectrode ne contient ni latex ni PVC.<\/p>\n<p>Caract\u00e9ristiques de l&rsquo;\u00e9lectrode Ambu 0415 :<\/p>\n<ul>\n<li>\u00c9lectrode ECG sans PVC (en contact avec la peau)<\/li>\n<li>\u00c9lectrode ECG sans latex<\/li>\n<li>Radio-transparente et compatible MRI<\/li>\n<li>Design de languette en forme de queue de poisson r\u00e9duisant les d\u00e9collements de l&rsquo;\u00e9lectrode<\/li>\n<\/ul>\n<p>\u00c9lectrode ECG de repos pour adultes Biotabs :<\/p>\n<ul>\n<li>Composition Chlorure d&rsquo;argent\/argent<\/li>\n<li>Composition hypoallerg\u00e9nique et sans latex<\/li>\n<li>Faible imp\u00e9dance<\/li>\n<li>Support en Poly-Vinyle<\/li>\n<li>Connexion par pince crocodile<\/li>\n<li>Hydrogel<\/li>\n<li>Taille : 22,5 x 34mm<\/li>\n<li>Quantit\u00e9 : 500 par bo\u00eete.<\/li>\n<\/ul>","protected":false},"excerpt":{"rendered":"<p>L&rsquo;\u00e9lectrode ECG Unomedical \/ Ambu 0415 est renomm\u00e9e pour sa qualit\u00e9. Produisant des \u00e9lectrodes ECG depuis plus de 20 ans, Unomedical \/ Ambu est la marque de r\u00e9f\u00e9rence en mati\u00e8re d&rsquo;\u00e9lectrodes pour la surveillance des patients. La combinaison du prix et de la qualit\u00e9 ne peut \u00eatre \u00e9gal\u00e9e par aucune autre \u00e9lectrode. Parfait pour effectuer [&hellip;]<\/p>\n","protected":false},"featured_media":544,"comment_status":"open","ping_status":"closed","template":"","meta":[],"product_brand":[],"product_cat":[24],"product_tag":[],"class_list":{"0":"post-543","1":"product","2":"type-product","3":"status-publish","4":"has-post-thumbnail","6":"product_cat-consommables","8":"first","9":"instock","10":"shipping-taxable","11":"product-type-simple"},"yoast_head":"<!-- This site is optimized with the Yoast SEO plugin v27.4 - https:\/\/yoast.com\/product\/yoast-seo-wordpress\/ -->\n<title>\u00c9lectrodes ECG au repos - Biotabs - Bio-MedX<\/title>\n<meta name=\"robots\" content=\"index, follow, max-snippet:-1, max-image-preview:large, max-video-preview:-1\" \/>\n<link rel=\"canonical\" href=\"https:\/\/bio-medx.com\/en\/product\/t716-bio-protech-foam-ecg-electrodes\/\" \/>\n<meta property=\"og:locale\" content=\"en_US\" \/>\n<meta property=\"og:type\" content=\"article\" \/>\n<meta property=\"og:title\" content=\"\u00c9lectrodes ECG au repos - Biotabs - Bio-MedX\" \/>\n<meta property=\"og:description\" content=\"L&rsquo;\u00e9lectrode ECG Unomedical \/ Ambu 0415 est renomm\u00e9e pour sa qualit\u00e9. Produisant des \u00e9lectrodes ECG depuis plus de 20 ans, Unomedical \/ Ambu est la marque de r\u00e9f\u00e9rence en mati\u00e8re d&rsquo;\u00e9lectrodes pour la surveillance des patients. La combinaison du prix et de la qualit\u00e9 ne peut \u00eatre \u00e9gal\u00e9e par aucune autre \u00e9lectrode. Parfait pour effectuer [&hellip;]\" \/>\n<meta property=\"og:url\" content=\"https:\/\/bio-medx.com\/en\/product\/t716-bio-protech-foam-ecg-electrodes\/\" \/>\n<meta property=\"og:site_name\" content=\"Bio-MedX\" \/>\n<meta property=\"article:publisher\" content=\"https:\/\/www.facebook.com\/biomedx99\" \/>\n<meta property=\"article:modified_time\" content=\"2023-08-13T23:41:15+00:00\" \/>\n<meta property=\"og:image\" content=\"https:\/\/bio-medx.com\/wp-content\/uploads\/2022\/10\/biotabs_0415.jpg\" \/>\n\t<meta property=\"og:image:width\" content=\"238\" \/>\n\t<meta property=\"og:image:height\" content=\"211\" \/>\n\t<meta property=\"og:image:type\" content=\"image\/jpeg\" \/>\n<meta name=\"twitter:card\" content=\"summary_large_image\" \/>\n<meta name=\"twitter:label1\" content=\"Est. reading time\" \/>\n\t<meta name=\"twitter:data1\" content=\"1 minute\" \/>\n<script type=\"application\/ld+json\" class=\"yoast-schema-graph\">{\"@context\":\"https:\\\/\\\/schema.org\",\"@graph\":[{\"@type\":\"WebPage\",\"@id\":\"https:\\\/\\\/bio-medx.com\\\/product\\\/t716-bio-protech-foam-ecg-electrodes\\\/\",\"url\":\"https:\\\/\\\/bio-medx.com\\\/product\\\/t716-bio-protech-foam-ecg-electrodes\\\/\",\"name\":\"\u00c9lectrodes ECG au repos - Biotabs - Bio-MedX\",\"isPartOf\":{\"@id\":\"https:\\\/\\\/bio-medx.com\\\/#website\"},\"primaryImageOfPage\":{\"@id\":\"https:\\\/\\\/bio-medx.com\\\/product\\\/t716-bio-protech-foam-ecg-electrodes\\\/#primaryimage\"},\"image\":{\"@id\":\"https:\\\/\\\/bio-medx.com\\\/product\\\/t716-bio-protech-foam-ecg-electrodes\\\/#primaryimage\"},\"thumbnailUrl\":\"https:\\\/\\\/bio-medx.com\\\/wp-content\\\/uploads\\\/2022\\\/10\\\/biotabs_0415.jpg\",\"datePublished\":\"2022-10-02T04:17:36+00:00\",\"dateModified\":\"2023-08-13T23:41:15+00:00\",\"breadcrumb\":{\"@id\":\"https:\\\/\\\/bio-medx.com\\\/product\\\/t716-bio-protech-foam-ecg-electrodes\\\/#breadcrumb\"},\"inLanguage\":\"en-US\",\"potentialAction\":[{\"@type\":\"ReadAction\",\"target\":[\"https:\\\/\\\/bio-medx.com\\\/product\\\/t716-bio-protech-foam-ecg-electrodes\\\/\"]}]},{\"@type\":\"ImageObject\",\"inLanguage\":\"en-US\",\"@id\":\"https:\\\/\\\/bio-medx.com\\\/product\\\/t716-bio-protech-foam-ecg-electrodes\\\/#primaryimage\",\"url\":\"https:\\\/\\\/bio-medx.com\\\/wp-content\\\/uploads\\\/2022\\\/10\\\/biotabs_0415.jpg\",\"contentUrl\":\"https:\\\/\\\/bio-medx.com\\\/wp-content\\\/uploads\\\/2022\\\/10\\\/biotabs_0415.jpg\",\"width\":238,\"height\":211},{\"@type\":\"BreadcrumbList\",\"@id\":\"https:\\\/\\\/bio-medx.com\\\/product\\\/t716-bio-protech-foam-ecg-electrodes\\\/#breadcrumb\",\"itemListElement\":[{\"@type\":\"ListItem\",\"position\":1,\"name\":\"Accueil\",\"item\":\"https:\\\/\\\/bio-medx.com\\\/\"},{\"@type\":\"ListItem\",\"position\":2,\"name\":\"Produits\",\"item\":\"https:\\\/\\\/bio-medx.com\\\/produits\\\/\"},{\"@type\":\"ListItem\",\"position\":3,\"name\":\"\u00c9lectrodes ECG au repos &#8211; Biotabs\"}]},{\"@type\":\"WebSite\",\"@id\":\"https:\\\/\\\/bio-medx.com\\\/#website\",\"url\":\"https:\\\/\\\/bio-medx.com\\\/\",\"name\":\"Bio-MedX\",\"description\":\"Nous facillitons l&#039;achat, l&#039;installation et la maintenance d&#039;\u00e9quipement m\u00e9dicaux \u00e0 l&#039;\u00e9chelle mondiale.\",\"publisher\":{\"@id\":\"https:\\\/\\\/bio-medx.com\\\/#organization\"},\"potentialAction\":[{\"@type\":\"SearchAction\",\"target\":{\"@type\":\"EntryPoint\",\"urlTemplate\":\"https:\\\/\\\/bio-medx.com\\\/?s={search_term_string}\"},\"query-input\":{\"@type\":\"PropertyValueSpecification\",\"valueRequired\":true,\"valueName\":\"search_term_string\"}}],\"inLanguage\":\"en-US\"},{\"@type\":\"Organization\",\"@id\":\"https:\\\/\\\/bio-medx.com\\\/#organization\",\"name\":\"Bio-MedX\",\"url\":\"https:\\\/\\\/bio-medx.com\\\/\",\"logo\":{\"@type\":\"ImageObject\",\"inLanguage\":\"en-US\",\"@id\":\"https:\\\/\\\/bio-medx.com\\\/#\\\/schema\\\/logo\\\/image\\\/\",\"url\":\"https:\\\/\\\/bio-medx.com\\\/wp-content\\\/uploads\\\/2022\\\/09\\\/cropped-5.png\",\"contentUrl\":\"https:\\\/\\\/bio-medx.com\\\/wp-content\\\/uploads\\\/2022\\\/09\\\/cropped-5.png\",\"width\":250,\"height\":144,\"caption\":\"Bio-MedX\"},\"image\":{\"@id\":\"https:\\\/\\\/bio-medx.com\\\/#\\\/schema\\\/logo\\\/image\\\/\"},\"sameAs\":[\"https:\\\/\\\/www.facebook.com\\\/biomedx99\",\"https:\\\/\\\/www.linkedin.com\\\/company\\\/biomed-x\\\/\"]}]}<\/script>\n<!-- \/ Yoast SEO plugin. -->","yoast_head_json":{"title":"\u00c9lectrodes ECG au repos - Biotabs - Bio-MedX","robots":{"index":"index","follow":"follow","max-snippet":"max-snippet:-1","max-image-preview":"max-image-preview:large","max-video-preview":"max-video-preview:-1"},"canonical":"https:\/\/bio-medx.com\/en\/product\/t716-bio-protech-foam-ecg-electrodes\/","og_locale":"en_US","og_type":"article","og_title":"\u00c9lectrodes ECG au repos - Biotabs - Bio-MedX","og_description":"L&rsquo;\u00e9lectrode ECG Unomedical \/ Ambu 0415 est renomm\u00e9e pour sa qualit\u00e9. Produisant des \u00e9lectrodes ECG depuis plus de 20 ans, Unomedical \/ Ambu est la marque de r\u00e9f\u00e9rence en mati\u00e8re d&rsquo;\u00e9lectrodes pour la surveillance des patients. La combinaison du prix et de la qualit\u00e9 ne peut \u00eatre \u00e9gal\u00e9e par aucune autre \u00e9lectrode. Parfait pour effectuer [&hellip;]","og_url":"https:\/\/bio-medx.com\/en\/product\/t716-bio-protech-foam-ecg-electrodes\/","og_site_name":"Bio-MedX","article_publisher":"https:\/\/www.facebook.com\/biomedx99","article_modified_time":"2023-08-13T23:41:15+00:00","og_image":[{"width":238,"height":211,"url":"https:\/\/bio-medx.com\/wp-content\/uploads\/2022\/10\/biotabs_0415.jpg","type":"image\/jpeg"}],"twitter_card":"summary_large_image","twitter_misc":{"Est. reading time":"1 minute"},"schema":{"@context":"https:\/\/schema.org","@graph":[{"@type":"WebPage","@id":"https:\/\/bio-medx.com\/product\/t716-bio-protech-foam-ecg-electrodes\/","url":"https:\/\/bio-medx.com\/product\/t716-bio-protech-foam-ecg-electrodes\/","name":"\u00c9lectrodes ECG au repos - Biotabs - Bio-MedX","isPartOf":{"@id":"https:\/\/bio-medx.com\/#website"},"primaryImageOfPage":{"@id":"https:\/\/bio-medx.com\/product\/t716-bio-protech-foam-ecg-electrodes\/#primaryimage"},"image":{"@id":"https:\/\/bio-medx.com\/product\/t716-bio-protech-foam-ecg-electrodes\/#primaryimage"},"thumbnailUrl":"https:\/\/bio-medx.com\/wp-content\/uploads\/2022\/10\/biotabs_0415.jpg","datePublished":"2022-10-02T04:17:36+00:00","dateModified":"2023-08-13T23:41:15+00:00","breadcrumb":{"@id":"https:\/\/bio-medx.com\/product\/t716-bio-protech-foam-ecg-electrodes\/#breadcrumb"},"inLanguage":"en-US","potentialAction":[{"@type":"ReadAction","target":["https:\/\/bio-medx.com\/product\/t716-bio-protech-foam-ecg-electrodes\/"]}]},{"@type":"ImageObject","inLanguage":"en-US","@id":"https:\/\/bio-medx.com\/product\/t716-bio-protech-foam-ecg-electrodes\/#primaryimage","url":"https:\/\/bio-medx.com\/wp-content\/uploads\/2022\/10\/biotabs_0415.jpg","contentUrl":"https:\/\/bio-medx.com\/wp-content\/uploads\/2022\/10\/biotabs_0415.jpg","width":238,"height":211},{"@type":"BreadcrumbList","@id":"https:\/\/bio-medx.com\/product\/t716-bio-protech-foam-ecg-electrodes\/#breadcrumb","itemListElement":[{"@type":"ListItem","position":1,"name":"Accueil","item":"https:\/\/bio-medx.com\/"},{"@type":"ListItem","position":2,"name":"Produits","item":"https:\/\/bio-medx.com\/produits\/"},{"@type":"ListItem","position":3,"name":"\u00c9lectrodes ECG au repos &#8211; Biotabs"}]},{"@type":"WebSite","@id":"https:\/\/bio-medx.com\/#website","url":"https:\/\/bio-medx.com\/","name":"Bio-MedX","description":"Nous facillitons l&#039;achat, l&#039;installation et la maintenance d&#039;\u00e9quipement m\u00e9dicaux \u00e0 l&#039;\u00e9chelle mondiale.","publisher":{"@id":"https:\/\/bio-medx.com\/#organization"},"potentialAction":[{"@type":"SearchAction","target":{"@type":"EntryPoint","urlTemplate":"https:\/\/bio-medx.com\/?s={search_term_string}"},"query-input":{"@type":"PropertyValueSpecification","valueRequired":true,"valueName":"search_term_string"}}],"inLanguage":"en-US"},{"@type":"Organization","@id":"https:\/\/bio-medx.com\/#organization","name":"Bio-MedX","url":"https:\/\/bio-medx.com\/","logo":{"@type":"ImageObject","inLanguage":"en-US","@id":"https:\/\/bio-medx.com\/#\/schema\/logo\/image\/","url":"https:\/\/bio-medx.com\/wp-content\/uploads\/2022\/09\/cropped-5.png","contentUrl":"https:\/\/bio-medx.com\/wp-content\/uploads\/2022\/09\/cropped-5.png","width":250,"height":144,"caption":"Bio-MedX"},"image":{"@id":"https:\/\/bio-medx.com\/#\/schema\/logo\/image\/"},"sameAs":["https:\/\/www.facebook.com\/biomedx99","https:\/\/www.linkedin.com\/company\/biomed-x\/"]}]}},"_links":{"self":[{"href":"https:\/\/bio-medx.com\/en\/wp-json\/wp\/v2\/product\/543","targetHints":{"allow":["GET"]}}],"collection":[{"href":"https:\/\/bio-medx.com\/en\/wp-json\/wp\/v2\/product"}],"about":[{"href":"https:\/\/bio-medx.com\/en\/wp-json\/wp\/v2\/types\/product"}],"replies":[{"embeddable":true,"href":"https:\/\/bio-medx.com\/en\/wp-json\/wp\/v2\/comments?post=543"}],"wp:featuredmedia":[{"embeddable":true,"href":"https:\/\/bio-medx.com\/en\/wp-json\/wp\/v2\/media\/544"}],"wp:attachment":[{"href":"https:\/\/bio-medx.com\/en\/wp-json\/wp\/v2\/media?parent=543"}],"wp:term":[{"taxonomy":"product_brand","embeddable":true,"href":"https:\/\/bio-medx.com\/en\/wp-json\/wp\/v2\/product_brand?post=543"},{"taxonomy":"product_cat","embeddable":true,"href":"https:\/\/bio-medx.com\/en\/wp-json\/wp\/v2\/product_cat?post=543"},{"taxonomy":"product_tag","embeddable":true,"href":"https:\/\/bio-medx.com\/en\/wp-json\/wp\/v2\/product_tag?post=543"}],"curies":[{"name":"wp","href":"https:\/\/api.w.org\/{rel}","templated":true}]}}