{"id":541,"date":"2022-10-02T04:15:24","date_gmt":"2022-10-02T04:15:24","guid":{"rendered":"https:\/\/bio-medx.com\/?post_type=product&#038;p=541"},"modified":"2023-08-13T23:39:36","modified_gmt":"2023-08-13T23:39:36","slug":"covidien-medical-supplies-monoject","status":"publish","type":"product","link":"https:\/\/bio-medx.com\/en\/product\/covidien-medical-supplies-monoject\/","title":{"rendered":"Aiguille hypodermique Monoject \u2013 Moyeu en polypropyl\u00e8ne 18GA"},"content":{"rendered":"<p>COVIDIEN\/CARDINAL 1188818112 Aiguille hypodermique Monoject \u2013 Moyeu en polypropyl\u00e8ne 18GA.<\/p>\n<p>Elle poss\u00e8de un moyeu (la partie qui se fixe \u00e0 la seringue) en polypropyl\u00e8ne, un type de plastique couramment utilis\u00e9 pour sa robustesse et sa r\u00e9sistance aux produits chimiques. La taille de l&rsquo;aiguille est indiqu\u00e9e par 18GA, ce qui signifie qu&rsquo;elle a un calibre de 18, ce qui d\u00e9note une \u00e9paisseur sp\u00e9cifique de l&rsquo;aiguille. En g\u00e9n\u00e9ral, plus le chiffre du calibre est bas, plus l&rsquo;aiguille est \u00e9paisse.<\/p>\n<p><span style=\"color: #222222;\">Modele:<\/span> 1188818112<\/p>\n<p>Fabricant: COVIDIEN\/CARDINAL<\/p>\n<p>Prix : Nous contacter<\/p>","protected":false},"excerpt":{"rendered":"<p>COVIDIEN\/CARDINAL 1188818112 Aiguille hypodermique Monoject \u2013 Moyeu en polypropyl\u00e8ne 18GA. Elle poss\u00e8de un moyeu (la partie qui se fixe \u00e0 la seringue) en polypropyl\u00e8ne, un type de plastique couramment utilis\u00e9 pour sa robustesse et sa r\u00e9sistance aux produits chimiques. La taille de l&rsquo;aiguille est indiqu\u00e9e par 18GA, ce qui signifie qu&rsquo;elle a un calibre de [&hellip;]<\/p>\n","protected":false},"featured_media":542,"comment_status":"open","ping_status":"closed","template":"","meta":[],"product_brand":[],"product_cat":[24],"product_tag":[],"class_list":{"0":"post-541","1":"product","2":"type-product","3":"status-publish","4":"has-post-thumbnail","6":"product_cat-consommables","8":"first","9":"instock","10":"shipping-taxable","11":"product-type-simple"},"yoast_head":"<!-- This site is optimized with the Yoast SEO plugin v27.4 - https:\/\/yoast.com\/product\/yoast-seo-wordpress\/ -->\n<title>Aiguille hypodermique Monoject \u2013 Moyeu en polypropyl\u00e8ne 18GA - Bio-MedX<\/title>\n<meta name=\"robots\" content=\"index, follow, max-snippet:-1, max-image-preview:large, max-video-preview:-1\" \/>\n<link rel=\"canonical\" href=\"https:\/\/bio-medx.com\/en\/product\/covidien-medical-supplies-monoject\/\" \/>\n<meta property=\"og:locale\" content=\"en_US\" \/>\n<meta property=\"og:type\" content=\"article\" \/>\n<meta property=\"og:title\" content=\"Aiguille hypodermique Monoject \u2013 Moyeu en polypropyl\u00e8ne 18GA - Bio-MedX\" \/>\n<meta property=\"og:description\" content=\"COVIDIEN\/CARDINAL 1188818112 Aiguille hypodermique Monoject \u2013 Moyeu en polypropyl\u00e8ne 18GA. Elle poss\u00e8de un moyeu (la partie qui se fixe \u00e0 la seringue) en polypropyl\u00e8ne, un type de plastique couramment utilis\u00e9 pour sa robustesse et sa r\u00e9sistance aux produits chimiques. La taille de l&rsquo;aiguille est indiqu\u00e9e par 18GA, ce qui signifie qu&rsquo;elle a un calibre de [&hellip;]\" \/>\n<meta property=\"og:url\" content=\"https:\/\/bio-medx.com\/en\/product\/covidien-medical-supplies-monoject\/\" \/>\n<meta property=\"og:site_name\" content=\"Bio-MedX\" \/>\n<meta property=\"article:publisher\" content=\"https:\/\/www.facebook.com\/biomedx99\" \/>\n<meta property=\"article:modified_time\" content=\"2023-08-13T23:39:36+00:00\" \/>\n<meta property=\"og:image\" content=\"https:\/\/bio-medx.com\/wp-content\/uploads\/2022\/10\/i67184-02.jpg\" \/>\n\t<meta property=\"og:image:width\" content=\"300\" \/>\n\t<meta property=\"og:image:height\" content=\"240\" \/>\n\t<meta property=\"og:image:type\" content=\"image\/jpeg\" \/>\n<meta name=\"twitter:card\" content=\"summary_large_image\" \/>\n<script type=\"application\/ld+json\" class=\"yoast-schema-graph\">{\"@context\":\"https:\\\/\\\/schema.org\",\"@graph\":[{\"@type\":\"WebPage\",\"@id\":\"https:\\\/\\\/bio-medx.com\\\/product\\\/covidien-medical-supplies-monoject\\\/\",\"url\":\"https:\\\/\\\/bio-medx.com\\\/product\\\/covidien-medical-supplies-monoject\\\/\",\"name\":\"Aiguille hypodermique Monoject \u2013 Moyeu en polypropyl\u00e8ne 18GA - Bio-MedX\",\"isPartOf\":{\"@id\":\"https:\\\/\\\/bio-medx.com\\\/#website\"},\"primaryImageOfPage\":{\"@id\":\"https:\\\/\\\/bio-medx.com\\\/product\\\/covidien-medical-supplies-monoject\\\/#primaryimage\"},\"image\":{\"@id\":\"https:\\\/\\\/bio-medx.com\\\/product\\\/covidien-medical-supplies-monoject\\\/#primaryimage\"},\"thumbnailUrl\":\"https:\\\/\\\/bio-medx.com\\\/wp-content\\\/uploads\\\/2022\\\/10\\\/i67184-02.jpg\",\"datePublished\":\"2022-10-02T04:15:24+00:00\",\"dateModified\":\"2023-08-13T23:39:36+00:00\",\"breadcrumb\":{\"@id\":\"https:\\\/\\\/bio-medx.com\\\/product\\\/covidien-medical-supplies-monoject\\\/#breadcrumb\"},\"inLanguage\":\"en-US\",\"potentialAction\":[{\"@type\":\"ReadAction\",\"target\":[\"https:\\\/\\\/bio-medx.com\\\/product\\\/covidien-medical-supplies-monoject\\\/\"]}]},{\"@type\":\"ImageObject\",\"inLanguage\":\"en-US\",\"@id\":\"https:\\\/\\\/bio-medx.com\\\/product\\\/covidien-medical-supplies-monoject\\\/#primaryimage\",\"url\":\"https:\\\/\\\/bio-medx.com\\\/wp-content\\\/uploads\\\/2022\\\/10\\\/i67184-02.jpg\",\"contentUrl\":\"https:\\\/\\\/bio-medx.com\\\/wp-content\\\/uploads\\\/2022\\\/10\\\/i67184-02.jpg\",\"width\":300,\"height\":240,\"caption\":\"Camera: DCS660C Serial #: K660C-01193 Width: 3040 Height: 2008 Date: 10\\\/4\\\/00 Time: 15:19:56 DCS6XX Image FW Ver: 3.2.3 TIFF Image Look: Product Sharpening Requested:No (Preferences) Counter: [178] Shutter: 1\\\/125 Aperture: f-- ISO Speed: 80 Max Aperture: f-- Min Aperture: f-- Focal Length: ?? Exposure Mode: Manual (M) Meter Mode: Center Weighted Drive Mode: Single Focus Mode: Manual (AF-M) Focus Point: Center Flash Mode: Normal Sync Compensation: +0.0 Flash Compensation: +0.0 Self Timer Time: 10s White balance: Preset (Flash) Time: 15:19:56.199\"},{\"@type\":\"BreadcrumbList\",\"@id\":\"https:\\\/\\\/bio-medx.com\\\/product\\\/covidien-medical-supplies-monoject\\\/#breadcrumb\",\"itemListElement\":[{\"@type\":\"ListItem\",\"position\":1,\"name\":\"Accueil\",\"item\":\"https:\\\/\\\/bio-medx.com\\\/\"},{\"@type\":\"ListItem\",\"position\":2,\"name\":\"Produits\",\"item\":\"https:\\\/\\\/bio-medx.com\\\/produits\\\/\"},{\"@type\":\"ListItem\",\"position\":3,\"name\":\"Aiguille hypodermique Monoject \u2013 Moyeu en polypropyl\u00e8ne 18GA\"}]},{\"@type\":\"WebSite\",\"@id\":\"https:\\\/\\\/bio-medx.com\\\/#website\",\"url\":\"https:\\\/\\\/bio-medx.com\\\/\",\"name\":\"Bio-MedX\",\"description\":\"Nous facillitons l&#039;achat, l&#039;installation et la maintenance d&#039;\u00e9quipement m\u00e9dicaux \u00e0 l&#039;\u00e9chelle mondiale.\",\"publisher\":{\"@id\":\"https:\\\/\\\/bio-medx.com\\\/#organization\"},\"potentialAction\":[{\"@type\":\"SearchAction\",\"target\":{\"@type\":\"EntryPoint\",\"urlTemplate\":\"https:\\\/\\\/bio-medx.com\\\/?s={search_term_string}\"},\"query-input\":{\"@type\":\"PropertyValueSpecification\",\"valueRequired\":true,\"valueName\":\"search_term_string\"}}],\"inLanguage\":\"en-US\"},{\"@type\":\"Organization\",\"@id\":\"https:\\\/\\\/bio-medx.com\\\/#organization\",\"name\":\"Bio-MedX\",\"url\":\"https:\\\/\\\/bio-medx.com\\\/\",\"logo\":{\"@type\":\"ImageObject\",\"inLanguage\":\"en-US\",\"@id\":\"https:\\\/\\\/bio-medx.com\\\/#\\\/schema\\\/logo\\\/image\\\/\",\"url\":\"https:\\\/\\\/bio-medx.com\\\/wp-content\\\/uploads\\\/2022\\\/09\\\/cropped-5.png\",\"contentUrl\":\"https:\\\/\\\/bio-medx.com\\\/wp-content\\\/uploads\\\/2022\\\/09\\\/cropped-5.png\",\"width\":250,\"height\":144,\"caption\":\"Bio-MedX\"},\"image\":{\"@id\":\"https:\\\/\\\/bio-medx.com\\\/#\\\/schema\\\/logo\\\/image\\\/\"},\"sameAs\":[\"https:\\\/\\\/www.facebook.com\\\/biomedx99\",\"https:\\\/\\\/www.linkedin.com\\\/company\\\/biomed-x\\\/\"]}]}<\/script>\n<!-- \/ Yoast SEO plugin. -->","yoast_head_json":{"title":"Aiguille hypodermique Monoject \u2013 Moyeu en polypropyl\u00e8ne 18GA - Bio-MedX","robots":{"index":"index","follow":"follow","max-snippet":"max-snippet:-1","max-image-preview":"max-image-preview:large","max-video-preview":"max-video-preview:-1"},"canonical":"https:\/\/bio-medx.com\/en\/product\/covidien-medical-supplies-monoject\/","og_locale":"en_US","og_type":"article","og_title":"Aiguille hypodermique Monoject \u2013 Moyeu en polypropyl\u00e8ne 18GA - Bio-MedX","og_description":"COVIDIEN\/CARDINAL 1188818112 Aiguille hypodermique Monoject \u2013 Moyeu en polypropyl\u00e8ne 18GA. Elle poss\u00e8de un moyeu (la partie qui se fixe \u00e0 la seringue) en polypropyl\u00e8ne, un type de plastique couramment utilis\u00e9 pour sa robustesse et sa r\u00e9sistance aux produits chimiques. La taille de l&rsquo;aiguille est indiqu\u00e9e par 18GA, ce qui signifie qu&rsquo;elle a un calibre de [&hellip;]","og_url":"https:\/\/bio-medx.com\/en\/product\/covidien-medical-supplies-monoject\/","og_site_name":"Bio-MedX","article_publisher":"https:\/\/www.facebook.com\/biomedx99","article_modified_time":"2023-08-13T23:39:36+00:00","og_image":[{"width":300,"height":240,"url":"https:\/\/bio-medx.com\/wp-content\/uploads\/2022\/10\/i67184-02.jpg","type":"image\/jpeg"}],"twitter_card":"summary_large_image","schema":{"@context":"https:\/\/schema.org","@graph":[{"@type":"WebPage","@id":"https:\/\/bio-medx.com\/product\/covidien-medical-supplies-monoject\/","url":"https:\/\/bio-medx.com\/product\/covidien-medical-supplies-monoject\/","name":"Aiguille hypodermique Monoject \u2013 Moyeu en polypropyl\u00e8ne 18GA - Bio-MedX","isPartOf":{"@id":"https:\/\/bio-medx.com\/#website"},"primaryImageOfPage":{"@id":"https:\/\/bio-medx.com\/product\/covidien-medical-supplies-monoject\/#primaryimage"},"image":{"@id":"https:\/\/bio-medx.com\/product\/covidien-medical-supplies-monoject\/#primaryimage"},"thumbnailUrl":"https:\/\/bio-medx.com\/wp-content\/uploads\/2022\/10\/i67184-02.jpg","datePublished":"2022-10-02T04:15:24+00:00","dateModified":"2023-08-13T23:39:36+00:00","breadcrumb":{"@id":"https:\/\/bio-medx.com\/product\/covidien-medical-supplies-monoject\/#breadcrumb"},"inLanguage":"en-US","potentialAction":[{"@type":"ReadAction","target":["https:\/\/bio-medx.com\/product\/covidien-medical-supplies-monoject\/"]}]},{"@type":"ImageObject","inLanguage":"en-US","@id":"https:\/\/bio-medx.com\/product\/covidien-medical-supplies-monoject\/#primaryimage","url":"https:\/\/bio-medx.com\/wp-content\/uploads\/2022\/10\/i67184-02.jpg","contentUrl":"https:\/\/bio-medx.com\/wp-content\/uploads\/2022\/10\/i67184-02.jpg","width":300,"height":240,"caption":"Camera: DCS660C Serial #: K660C-01193 Width: 3040 Height: 2008 Date: 10\/4\/00 Time: 15:19:56 DCS6XX Image FW Ver: 3.2.3 TIFF Image Look: Product Sharpening Requested:No (Preferences) Counter: [178] Shutter: 1\/125 Aperture: f-- ISO Speed: 80 Max Aperture: f-- Min Aperture: f-- Focal Length: ?? Exposure Mode: Manual (M) Meter Mode: Center Weighted Drive Mode: Single Focus Mode: Manual (AF-M) Focus Point: Center Flash Mode: Normal Sync Compensation: +0.0 Flash Compensation: +0.0 Self Timer Time: 10s White balance: Preset (Flash) Time: 15:19:56.199"},{"@type":"BreadcrumbList","@id":"https:\/\/bio-medx.com\/product\/covidien-medical-supplies-monoject\/#breadcrumb","itemListElement":[{"@type":"ListItem","position":1,"name":"Accueil","item":"https:\/\/bio-medx.com\/"},{"@type":"ListItem","position":2,"name":"Produits","item":"https:\/\/bio-medx.com\/produits\/"},{"@type":"ListItem","position":3,"name":"Aiguille hypodermique Monoject \u2013 Moyeu en polypropyl\u00e8ne 18GA"}]},{"@type":"WebSite","@id":"https:\/\/bio-medx.com\/#website","url":"https:\/\/bio-medx.com\/","name":"Bio-MedX","description":"Nous facillitons l&#039;achat, l&#039;installation et la maintenance d&#039;\u00e9quipement m\u00e9dicaux \u00e0 l&#039;\u00e9chelle mondiale.","publisher":{"@id":"https:\/\/bio-medx.com\/#organization"},"potentialAction":[{"@type":"SearchAction","target":{"@type":"EntryPoint","urlTemplate":"https:\/\/bio-medx.com\/?s={search_term_string}"},"query-input":{"@type":"PropertyValueSpecification","valueRequired":true,"valueName":"search_term_string"}}],"inLanguage":"en-US"},{"@type":"Organization","@id":"https:\/\/bio-medx.com\/#organization","name":"Bio-MedX","url":"https:\/\/bio-medx.com\/","logo":{"@type":"ImageObject","inLanguage":"en-US","@id":"https:\/\/bio-medx.com\/#\/schema\/logo\/image\/","url":"https:\/\/bio-medx.com\/wp-content\/uploads\/2022\/09\/cropped-5.png","contentUrl":"https:\/\/bio-medx.com\/wp-content\/uploads\/2022\/09\/cropped-5.png","width":250,"height":144,"caption":"Bio-MedX"},"image":{"@id":"https:\/\/bio-medx.com\/#\/schema\/logo\/image\/"},"sameAs":["https:\/\/www.facebook.com\/biomedx99","https:\/\/www.linkedin.com\/company\/biomed-x\/"]}]}},"_links":{"self":[{"href":"https:\/\/bio-medx.com\/en\/wp-json\/wp\/v2\/product\/541","targetHints":{"allow":["GET"]}}],"collection":[{"href":"https:\/\/bio-medx.com\/en\/wp-json\/wp\/v2\/product"}],"about":[{"href":"https:\/\/bio-medx.com\/en\/wp-json\/wp\/v2\/types\/product"}],"replies":[{"embeddable":true,"href":"https:\/\/bio-medx.com\/en\/wp-json\/wp\/v2\/comments?post=541"}],"wp:featuredmedia":[{"embeddable":true,"href":"https:\/\/bio-medx.com\/en\/wp-json\/wp\/v2\/media\/542"}],"wp:attachment":[{"href":"https:\/\/bio-medx.com\/en\/wp-json\/wp\/v2\/media?parent=541"}],"wp:term":[{"taxonomy":"product_brand","embeddable":true,"href":"https:\/\/bio-medx.com\/en\/wp-json\/wp\/v2\/product_brand?post=541"},{"taxonomy":"product_cat","embeddable":true,"href":"https:\/\/bio-medx.com\/en\/wp-json\/wp\/v2\/product_cat?post=541"},{"taxonomy":"product_tag","embeddable":true,"href":"https:\/\/bio-medx.com\/en\/wp-json\/wp\/v2\/product_tag?post=541"}],"curies":[{"name":"wp","href":"https:\/\/api.w.org\/{rel}","templated":true}]}}