{"id":430,"date":"2022-09-28T12:01:10","date_gmt":"2022-09-28T12:01:10","guid":{"rendered":"https:\/\/bio-medx.com\/index.php\/product\/x-ray-tube-lifting-tool-by-ge-healthcare\/"},"modified":"2023-09-01T03:47:39","modified_gmt":"2023-09-01T03:47:39","slug":"x-ray-tube-lifting-tool-by-ge-healthcare","status":"publish","type":"product","link":"https:\/\/bio-medx.com\/en\/product\/x-ray-tube-lifting-tool-by-ge-healthcare\/","title":{"rendered":"OUTIL DE LEVAGE POUR TUBE \u00c0 RAYONS X"},"content":{"rendered":"<p>L&rsquo;outil de levage pour tube \u00e0 rayons X\u00a0 est con\u00e7u pour aider les techniciens et autres professionnels de la sant\u00e9 \u00e0 manipuler, installer ou remplacer en toute s\u00e9curit\u00e9 les tubes \u00e0 rayons X dans les appareils d&rsquo;imagerie. Manipuler ces tubes sans l&rsquo;\u00e9quipement appropri\u00e9 peut pr\u00e9senter des risques en raison de leur poids et de leur complexit\u00e9. Cet outil assure une manipulation s\u00e9curis\u00e9e, minimisant ainsi le risque de dommages au tube ou de blessures pour le personnel.<\/p>\n<p>Prix: Nous contacter<\/p>","protected":false},"excerpt":{"rendered":"<p>L&rsquo;outil de levage pour tube \u00e0 rayons X\u00a0 est con\u00e7u pour aider les techniciens et autres professionnels de la sant\u00e9 \u00e0 manipuler, installer ou remplacer en toute s\u00e9curit\u00e9 les tubes \u00e0 rayons X dans les appareils d&rsquo;imagerie. Manipuler ces tubes sans l&rsquo;\u00e9quipement appropri\u00e9 peut pr\u00e9senter des risques en raison de leur poids et de leur [&hellip;]<\/p>\n","protected":false},"featured_media":465,"comment_status":"open","ping_status":"closed","template":"","meta":[],"product_brand":[],"product_cat":[46],"product_tag":[],"class_list":{"0":"post-430","1":"product","2":"type-product","3":"status-publish","4":"has-post-thumbnail","6":"product_cat-piecesgm","8":"first","9":"instock","10":"shipping-taxable","11":"product-type-simple"},"yoast_head":"<!-- This site is optimized with the Yoast SEO plugin v27.4 - https:\/\/yoast.com\/product\/yoast-seo-wordpress\/ -->\n<title>OUTIL DE LEVAGE POUR TUBE \u00c0 RAYONS X - Bio-MedX<\/title>\n<meta name=\"robots\" content=\"index, follow, max-snippet:-1, max-image-preview:large, max-video-preview:-1\" \/>\n<link rel=\"canonical\" href=\"https:\/\/bio-medx.com\/en\/product\/x-ray-tube-lifting-tool-by-ge-healthcare\/\" \/>\n<meta property=\"og:locale\" content=\"en_US\" \/>\n<meta property=\"og:type\" content=\"article\" \/>\n<meta property=\"og:title\" content=\"OUTIL DE LEVAGE POUR TUBE \u00c0 RAYONS X - Bio-MedX\" \/>\n<meta property=\"og:description\" content=\"L&rsquo;outil de levage pour tube \u00e0 rayons X\u00a0 est con\u00e7u pour aider les techniciens et autres professionnels de la sant\u00e9 \u00e0 manipuler, installer ou remplacer en toute s\u00e9curit\u00e9 les tubes \u00e0 rayons X dans les appareils d&rsquo;imagerie. Manipuler ces tubes sans l&rsquo;\u00e9quipement appropri\u00e9 peut pr\u00e9senter des risques en raison de leur poids et de leur [&hellip;]\" \/>\n<meta property=\"og:url\" content=\"https:\/\/bio-medx.com\/en\/product\/x-ray-tube-lifting-tool-by-ge-healthcare\/\" \/>\n<meta property=\"og:site_name\" content=\"Bio-MedX\" \/>\n<meta property=\"article:publisher\" content=\"https:\/\/www.facebook.com\/biomedx99\" \/>\n<meta property=\"article:modified_time\" content=\"2023-09-01T03:47:39+00:00\" \/>\n<meta property=\"og:image\" content=\"https:\/\/bio-medx.com\/wp-content\/uploads\/2022\/09\/3268517_1.jpg\" \/>\n\t<meta property=\"og:image:width\" content=\"470\" \/>\n\t<meta property=\"og:image:height\" content=\"351\" \/>\n\t<meta property=\"og:image:type\" content=\"image\/jpeg\" \/>\n<meta name=\"twitter:card\" content=\"summary_large_image\" \/>\n<script type=\"application\/ld+json\" class=\"yoast-schema-graph\">{\"@context\":\"https:\\\/\\\/schema.org\",\"@graph\":[{\"@type\":\"WebPage\",\"@id\":\"https:\\\/\\\/bio-medx.com\\\/product\\\/x-ray-tube-lifting-tool-by-ge-healthcare\\\/\",\"url\":\"https:\\\/\\\/bio-medx.com\\\/product\\\/x-ray-tube-lifting-tool-by-ge-healthcare\\\/\",\"name\":\"OUTIL DE LEVAGE POUR TUBE \u00c0 RAYONS X - Bio-MedX\",\"isPartOf\":{\"@id\":\"https:\\\/\\\/bio-medx.com\\\/#website\"},\"primaryImageOfPage\":{\"@id\":\"https:\\\/\\\/bio-medx.com\\\/product\\\/x-ray-tube-lifting-tool-by-ge-healthcare\\\/#primaryimage\"},\"image\":{\"@id\":\"https:\\\/\\\/bio-medx.com\\\/product\\\/x-ray-tube-lifting-tool-by-ge-healthcare\\\/#primaryimage\"},\"thumbnailUrl\":\"https:\\\/\\\/bio-medx.com\\\/wp-content\\\/uploads\\\/2022\\\/09\\\/3268517_1.jpg\",\"datePublished\":\"2022-09-28T12:01:10+00:00\",\"dateModified\":\"2023-09-01T03:47:39+00:00\",\"breadcrumb\":{\"@id\":\"https:\\\/\\\/bio-medx.com\\\/product\\\/x-ray-tube-lifting-tool-by-ge-healthcare\\\/#breadcrumb\"},\"inLanguage\":\"en-US\",\"potentialAction\":[{\"@type\":\"ReadAction\",\"target\":[\"https:\\\/\\\/bio-medx.com\\\/product\\\/x-ray-tube-lifting-tool-by-ge-healthcare\\\/\"]}]},{\"@type\":\"ImageObject\",\"inLanguage\":\"en-US\",\"@id\":\"https:\\\/\\\/bio-medx.com\\\/product\\\/x-ray-tube-lifting-tool-by-ge-healthcare\\\/#primaryimage\",\"url\":\"https:\\\/\\\/bio-medx.com\\\/wp-content\\\/uploads\\\/2022\\\/09\\\/3268517_1.jpg\",\"contentUrl\":\"https:\\\/\\\/bio-medx.com\\\/wp-content\\\/uploads\\\/2022\\\/09\\\/3268517_1.jpg\",\"width\":470,\"height\":351},{\"@type\":\"BreadcrumbList\",\"@id\":\"https:\\\/\\\/bio-medx.com\\\/product\\\/x-ray-tube-lifting-tool-by-ge-healthcare\\\/#breadcrumb\",\"itemListElement\":[{\"@type\":\"ListItem\",\"position\":1,\"name\":\"Accueil\",\"item\":\"https:\\\/\\\/bio-medx.com\\\/\"},{\"@type\":\"ListItem\",\"position\":2,\"name\":\"Produits\",\"item\":\"https:\\\/\\\/bio-medx.com\\\/produits\\\/\"},{\"@type\":\"ListItem\",\"position\":3,\"name\":\"OUTIL DE LEVAGE POUR TUBE \u00c0 RAYONS X\"}]},{\"@type\":\"WebSite\",\"@id\":\"https:\\\/\\\/bio-medx.com\\\/#website\",\"url\":\"https:\\\/\\\/bio-medx.com\\\/\",\"name\":\"Bio-MedX\",\"description\":\"Nous facillitons l&#039;achat, l&#039;installation et la maintenance d&#039;\u00e9quipement m\u00e9dicaux \u00e0 l&#039;\u00e9chelle mondiale.\",\"publisher\":{\"@id\":\"https:\\\/\\\/bio-medx.com\\\/#organization\"},\"potentialAction\":[{\"@type\":\"SearchAction\",\"target\":{\"@type\":\"EntryPoint\",\"urlTemplate\":\"https:\\\/\\\/bio-medx.com\\\/?s={search_term_string}\"},\"query-input\":{\"@type\":\"PropertyValueSpecification\",\"valueRequired\":true,\"valueName\":\"search_term_string\"}}],\"inLanguage\":\"en-US\"},{\"@type\":\"Organization\",\"@id\":\"https:\\\/\\\/bio-medx.com\\\/#organization\",\"name\":\"Bio-MedX\",\"url\":\"https:\\\/\\\/bio-medx.com\\\/\",\"logo\":{\"@type\":\"ImageObject\",\"inLanguage\":\"en-US\",\"@id\":\"https:\\\/\\\/bio-medx.com\\\/#\\\/schema\\\/logo\\\/image\\\/\",\"url\":\"https:\\\/\\\/bio-medx.com\\\/wp-content\\\/uploads\\\/2022\\\/09\\\/cropped-5.png\",\"contentUrl\":\"https:\\\/\\\/bio-medx.com\\\/wp-content\\\/uploads\\\/2022\\\/09\\\/cropped-5.png\",\"width\":250,\"height\":144,\"caption\":\"Bio-MedX\"},\"image\":{\"@id\":\"https:\\\/\\\/bio-medx.com\\\/#\\\/schema\\\/logo\\\/image\\\/\"},\"sameAs\":[\"https:\\\/\\\/www.facebook.com\\\/biomedx99\",\"https:\\\/\\\/www.linkedin.com\\\/company\\\/biomed-x\\\/\"]}]}<\/script>\n<!-- \/ Yoast SEO plugin. -->","yoast_head_json":{"title":"OUTIL DE LEVAGE POUR TUBE \u00c0 RAYONS X - Bio-MedX","robots":{"index":"index","follow":"follow","max-snippet":"max-snippet:-1","max-image-preview":"max-image-preview:large","max-video-preview":"max-video-preview:-1"},"canonical":"https:\/\/bio-medx.com\/en\/product\/x-ray-tube-lifting-tool-by-ge-healthcare\/","og_locale":"en_US","og_type":"article","og_title":"OUTIL DE LEVAGE POUR TUBE \u00c0 RAYONS X - Bio-MedX","og_description":"L&rsquo;outil de levage pour tube \u00e0 rayons X\u00a0 est con\u00e7u pour aider les techniciens et autres professionnels de la sant\u00e9 \u00e0 manipuler, installer ou remplacer en toute s\u00e9curit\u00e9 les tubes \u00e0 rayons X dans les appareils d&rsquo;imagerie. Manipuler ces tubes sans l&rsquo;\u00e9quipement appropri\u00e9 peut pr\u00e9senter des risques en raison de leur poids et de leur [&hellip;]","og_url":"https:\/\/bio-medx.com\/en\/product\/x-ray-tube-lifting-tool-by-ge-healthcare\/","og_site_name":"Bio-MedX","article_publisher":"https:\/\/www.facebook.com\/biomedx99","article_modified_time":"2023-09-01T03:47:39+00:00","og_image":[{"width":470,"height":351,"url":"https:\/\/bio-medx.com\/wp-content\/uploads\/2022\/09\/3268517_1.jpg","type":"image\/jpeg"}],"twitter_card":"summary_large_image","schema":{"@context":"https:\/\/schema.org","@graph":[{"@type":"WebPage","@id":"https:\/\/bio-medx.com\/product\/x-ray-tube-lifting-tool-by-ge-healthcare\/","url":"https:\/\/bio-medx.com\/product\/x-ray-tube-lifting-tool-by-ge-healthcare\/","name":"OUTIL DE LEVAGE POUR TUBE \u00c0 RAYONS X - Bio-MedX","isPartOf":{"@id":"https:\/\/bio-medx.com\/#website"},"primaryImageOfPage":{"@id":"https:\/\/bio-medx.com\/product\/x-ray-tube-lifting-tool-by-ge-healthcare\/#primaryimage"},"image":{"@id":"https:\/\/bio-medx.com\/product\/x-ray-tube-lifting-tool-by-ge-healthcare\/#primaryimage"},"thumbnailUrl":"https:\/\/bio-medx.com\/wp-content\/uploads\/2022\/09\/3268517_1.jpg","datePublished":"2022-09-28T12:01:10+00:00","dateModified":"2023-09-01T03:47:39+00:00","breadcrumb":{"@id":"https:\/\/bio-medx.com\/product\/x-ray-tube-lifting-tool-by-ge-healthcare\/#breadcrumb"},"inLanguage":"en-US","potentialAction":[{"@type":"ReadAction","target":["https:\/\/bio-medx.com\/product\/x-ray-tube-lifting-tool-by-ge-healthcare\/"]}]},{"@type":"ImageObject","inLanguage":"en-US","@id":"https:\/\/bio-medx.com\/product\/x-ray-tube-lifting-tool-by-ge-healthcare\/#primaryimage","url":"https:\/\/bio-medx.com\/wp-content\/uploads\/2022\/09\/3268517_1.jpg","contentUrl":"https:\/\/bio-medx.com\/wp-content\/uploads\/2022\/09\/3268517_1.jpg","width":470,"height":351},{"@type":"BreadcrumbList","@id":"https:\/\/bio-medx.com\/product\/x-ray-tube-lifting-tool-by-ge-healthcare\/#breadcrumb","itemListElement":[{"@type":"ListItem","position":1,"name":"Accueil","item":"https:\/\/bio-medx.com\/"},{"@type":"ListItem","position":2,"name":"Produits","item":"https:\/\/bio-medx.com\/produits\/"},{"@type":"ListItem","position":3,"name":"OUTIL DE LEVAGE POUR TUBE \u00c0 RAYONS X"}]},{"@type":"WebSite","@id":"https:\/\/bio-medx.com\/#website","url":"https:\/\/bio-medx.com\/","name":"Bio-MedX","description":"Nous facillitons l&#039;achat, l&#039;installation et la maintenance d&#039;\u00e9quipement m\u00e9dicaux \u00e0 l&#039;\u00e9chelle mondiale.","publisher":{"@id":"https:\/\/bio-medx.com\/#organization"},"potentialAction":[{"@type":"SearchAction","target":{"@type":"EntryPoint","urlTemplate":"https:\/\/bio-medx.com\/?s={search_term_string}"},"query-input":{"@type":"PropertyValueSpecification","valueRequired":true,"valueName":"search_term_string"}}],"inLanguage":"en-US"},{"@type":"Organization","@id":"https:\/\/bio-medx.com\/#organization","name":"Bio-MedX","url":"https:\/\/bio-medx.com\/","logo":{"@type":"ImageObject","inLanguage":"en-US","@id":"https:\/\/bio-medx.com\/#\/schema\/logo\/image\/","url":"https:\/\/bio-medx.com\/wp-content\/uploads\/2022\/09\/cropped-5.png","contentUrl":"https:\/\/bio-medx.com\/wp-content\/uploads\/2022\/09\/cropped-5.png","width":250,"height":144,"caption":"Bio-MedX"},"image":{"@id":"https:\/\/bio-medx.com\/#\/schema\/logo\/image\/"},"sameAs":["https:\/\/www.facebook.com\/biomedx99","https:\/\/www.linkedin.com\/company\/biomed-x\/"]}]}},"_links":{"self":[{"href":"https:\/\/bio-medx.com\/en\/wp-json\/wp\/v2\/product\/430","targetHints":{"allow":["GET"]}}],"collection":[{"href":"https:\/\/bio-medx.com\/en\/wp-json\/wp\/v2\/product"}],"about":[{"href":"https:\/\/bio-medx.com\/en\/wp-json\/wp\/v2\/types\/product"}],"replies":[{"embeddable":true,"href":"https:\/\/bio-medx.com\/en\/wp-json\/wp\/v2\/comments?post=430"}],"wp:featuredmedia":[{"embeddable":true,"href":"https:\/\/bio-medx.com\/en\/wp-json\/wp\/v2\/media\/465"}],"wp:attachment":[{"href":"https:\/\/bio-medx.com\/en\/wp-json\/wp\/v2\/media?parent=430"}],"wp:term":[{"taxonomy":"product_brand","embeddable":true,"href":"https:\/\/bio-medx.com\/en\/wp-json\/wp\/v2\/product_brand?post=430"},{"taxonomy":"product_cat","embeddable":true,"href":"https:\/\/bio-medx.com\/en\/wp-json\/wp\/v2\/product_cat?post=430"},{"taxonomy":"product_tag","embeddable":true,"href":"https:\/\/bio-medx.com\/en\/wp-json\/wp\/v2\/product_tag?post=430"}],"curies":[{"name":"wp","href":"https:\/\/api.w.org\/{rel}","templated":true}]}}