{"id":1174,"date":"2022-11-24T14:54:10","date_gmt":"2022-11-24T14:54:10","guid":{"rendered":"https:\/\/bio-medx.com\/?post_type=product&#038;p=1174"},"modified":"2023-09-01T03:49:33","modified_gmt":"2023-09-01T03:49:33","slug":"example-of-product","status":"publish","type":"product","link":"https:\/\/bio-medx.com\/en\/product\/example-of-product\/","title":{"rendered":"Machine \u00e0 ultrasons &#8211; Philips"},"content":{"rendered":"","protected":false},"excerpt":{"rendered":"","protected":false},"featured_media":1243,"comment_status":"open","ping_status":"closed","template":"","meta":[],"product_brand":[],"product_cat":[25],"product_tag":[],"class_list":{"0":"post-1174","1":"product","2":"type-product","3":"status-publish","4":"has-post-thumbnail","6":"product_cat-radiologie","8":"first","9":"instock","10":"shipping-taxable","11":"product-type-simple"},"yoast_head":"<!-- This site is optimized with the Yoast SEO plugin v27.4 - https:\/\/yoast.com\/product\/yoast-seo-wordpress\/ -->\n<title>Machine \u00e0 ultrasons - Philips - Bio-MedX<\/title>\n<meta name=\"robots\" content=\"index, follow, max-snippet:-1, max-image-preview:large, max-video-preview:-1\" \/>\n<link rel=\"canonical\" href=\"https:\/\/bio-medx.com\/en\/product\/example-of-product\/\" \/>\n<meta property=\"og:locale\" content=\"en_US\" \/>\n<meta property=\"og:type\" content=\"article\" \/>\n<meta property=\"og:title\" content=\"Machine \u00e0 ultrasons - Philips - Bio-MedX\" \/>\n<meta property=\"og:url\" content=\"https:\/\/bio-medx.com\/en\/product\/example-of-product\/\" \/>\n<meta property=\"og:site_name\" content=\"Bio-MedX\" \/>\n<meta property=\"article:publisher\" content=\"https:\/\/www.facebook.com\/biomedx99\" \/>\n<meta property=\"article:modified_time\" content=\"2023-09-01T03:49:33+00:00\" \/>\n<meta property=\"og:image\" content=\"https:\/\/bio-medx.com\/wp-content\/uploads\/2022\/11\/acuson_p500_ultrasound.jpg\" \/>\n\t<meta property=\"og:image:width\" content=\"458\" \/>\n\t<meta property=\"og:image:height\" content=\"334\" \/>\n\t<meta property=\"og:image:type\" content=\"image\/jpeg\" \/>\n<meta name=\"twitter:card\" content=\"summary_large_image\" \/>\n<script type=\"application\/ld+json\" class=\"yoast-schema-graph\">{\"@context\":\"https:\\\/\\\/schema.org\",\"@graph\":[{\"@type\":\"WebPage\",\"@id\":\"https:\\\/\\\/bio-medx.com\\\/product\\\/example-of-product\\\/\",\"url\":\"https:\\\/\\\/bio-medx.com\\\/product\\\/example-of-product\\\/\",\"name\":\"Machine \u00e0 ultrasons - Philips - Bio-MedX\",\"isPartOf\":{\"@id\":\"https:\\\/\\\/bio-medx.com\\\/#website\"},\"primaryImageOfPage\":{\"@id\":\"https:\\\/\\\/bio-medx.com\\\/product\\\/example-of-product\\\/#primaryimage\"},\"image\":{\"@id\":\"https:\\\/\\\/bio-medx.com\\\/product\\\/example-of-product\\\/#primaryimage\"},\"thumbnailUrl\":\"https:\\\/\\\/bio-medx.com\\\/wp-content\\\/uploads\\\/2022\\\/11\\\/acuson_p500_ultrasound.jpg\",\"datePublished\":\"2022-11-24T14:54:10+00:00\",\"dateModified\":\"2023-09-01T03:49:33+00:00\",\"breadcrumb\":{\"@id\":\"https:\\\/\\\/bio-medx.com\\\/product\\\/example-of-product\\\/#breadcrumb\"},\"inLanguage\":\"en-US\",\"potentialAction\":[{\"@type\":\"ReadAction\",\"target\":[\"https:\\\/\\\/bio-medx.com\\\/product\\\/example-of-product\\\/\"]}]},{\"@type\":\"ImageObject\",\"inLanguage\":\"en-US\",\"@id\":\"https:\\\/\\\/bio-medx.com\\\/product\\\/example-of-product\\\/#primaryimage\",\"url\":\"https:\\\/\\\/bio-medx.com\\\/wp-content\\\/uploads\\\/2022\\\/11\\\/acuson_p500_ultrasound.jpg\",\"contentUrl\":\"https:\\\/\\\/bio-medx.com\\\/wp-content\\\/uploads\\\/2022\\\/11\\\/acuson_p500_ultrasound.jpg\",\"width\":458,\"height\":334},{\"@type\":\"BreadcrumbList\",\"@id\":\"https:\\\/\\\/bio-medx.com\\\/product\\\/example-of-product\\\/#breadcrumb\",\"itemListElement\":[{\"@type\":\"ListItem\",\"position\":1,\"name\":\"Accueil\",\"item\":\"https:\\\/\\\/bio-medx.com\\\/\"},{\"@type\":\"ListItem\",\"position\":2,\"name\":\"Produits\",\"item\":\"https:\\\/\\\/bio-medx.com\\\/produits\\\/\"},{\"@type\":\"ListItem\",\"position\":3,\"name\":\"Machine \u00e0 ultrasons &#8211; Philips\"}]},{\"@type\":\"WebSite\",\"@id\":\"https:\\\/\\\/bio-medx.com\\\/#website\",\"url\":\"https:\\\/\\\/bio-medx.com\\\/\",\"name\":\"Bio-MedX\",\"description\":\"Nous facillitons l&#039;achat, l&#039;installation et la maintenance d&#039;\u00e9quipement m\u00e9dicaux \u00e0 l&#039;\u00e9chelle mondiale.\",\"publisher\":{\"@id\":\"https:\\\/\\\/bio-medx.com\\\/#organization\"},\"potentialAction\":[{\"@type\":\"SearchAction\",\"target\":{\"@type\":\"EntryPoint\",\"urlTemplate\":\"https:\\\/\\\/bio-medx.com\\\/?s={search_term_string}\"},\"query-input\":{\"@type\":\"PropertyValueSpecification\",\"valueRequired\":true,\"valueName\":\"search_term_string\"}}],\"inLanguage\":\"en-US\"},{\"@type\":\"Organization\",\"@id\":\"https:\\\/\\\/bio-medx.com\\\/#organization\",\"name\":\"Bio-MedX\",\"url\":\"https:\\\/\\\/bio-medx.com\\\/\",\"logo\":{\"@type\":\"ImageObject\",\"inLanguage\":\"en-US\",\"@id\":\"https:\\\/\\\/bio-medx.com\\\/#\\\/schema\\\/logo\\\/image\\\/\",\"url\":\"https:\\\/\\\/bio-medx.com\\\/wp-content\\\/uploads\\\/2022\\\/09\\\/cropped-5.png\",\"contentUrl\":\"https:\\\/\\\/bio-medx.com\\\/wp-content\\\/uploads\\\/2022\\\/09\\\/cropped-5.png\",\"width\":250,\"height\":144,\"caption\":\"Bio-MedX\"},\"image\":{\"@id\":\"https:\\\/\\\/bio-medx.com\\\/#\\\/schema\\\/logo\\\/image\\\/\"},\"sameAs\":[\"https:\\\/\\\/www.facebook.com\\\/biomedx99\",\"https:\\\/\\\/www.linkedin.com\\\/company\\\/biomed-x\\\/\"]}]}<\/script>\n<!-- \/ Yoast SEO plugin. -->","yoast_head_json":{"title":"Machine \u00e0 ultrasons - Philips - Bio-MedX","robots":{"index":"index","follow":"follow","max-snippet":"max-snippet:-1","max-image-preview":"max-image-preview:large","max-video-preview":"max-video-preview:-1"},"canonical":"https:\/\/bio-medx.com\/en\/product\/example-of-product\/","og_locale":"en_US","og_type":"article","og_title":"Machine \u00e0 ultrasons - Philips - Bio-MedX","og_url":"https:\/\/bio-medx.com\/en\/product\/example-of-product\/","og_site_name":"Bio-MedX","article_publisher":"https:\/\/www.facebook.com\/biomedx99","article_modified_time":"2023-09-01T03:49:33+00:00","og_image":[{"width":458,"height":334,"url":"https:\/\/bio-medx.com\/wp-content\/uploads\/2022\/11\/acuson_p500_ultrasound.jpg","type":"image\/jpeg"}],"twitter_card":"summary_large_image","schema":{"@context":"https:\/\/schema.org","@graph":[{"@type":"WebPage","@id":"https:\/\/bio-medx.com\/product\/example-of-product\/","url":"https:\/\/bio-medx.com\/product\/example-of-product\/","name":"Machine \u00e0 ultrasons - Philips - Bio-MedX","isPartOf":{"@id":"https:\/\/bio-medx.com\/#website"},"primaryImageOfPage":{"@id":"https:\/\/bio-medx.com\/product\/example-of-product\/#primaryimage"},"image":{"@id":"https:\/\/bio-medx.com\/product\/example-of-product\/#primaryimage"},"thumbnailUrl":"https:\/\/bio-medx.com\/wp-content\/uploads\/2022\/11\/acuson_p500_ultrasound.jpg","datePublished":"2022-11-24T14:54:10+00:00","dateModified":"2023-09-01T03:49:33+00:00","breadcrumb":{"@id":"https:\/\/bio-medx.com\/product\/example-of-product\/#breadcrumb"},"inLanguage":"en-US","potentialAction":[{"@type":"ReadAction","target":["https:\/\/bio-medx.com\/product\/example-of-product\/"]}]},{"@type":"ImageObject","inLanguage":"en-US","@id":"https:\/\/bio-medx.com\/product\/example-of-product\/#primaryimage","url":"https:\/\/bio-medx.com\/wp-content\/uploads\/2022\/11\/acuson_p500_ultrasound.jpg","contentUrl":"https:\/\/bio-medx.com\/wp-content\/uploads\/2022\/11\/acuson_p500_ultrasound.jpg","width":458,"height":334},{"@type":"BreadcrumbList","@id":"https:\/\/bio-medx.com\/product\/example-of-product\/#breadcrumb","itemListElement":[{"@type":"ListItem","position":1,"name":"Accueil","item":"https:\/\/bio-medx.com\/"},{"@type":"ListItem","position":2,"name":"Produits","item":"https:\/\/bio-medx.com\/produits\/"},{"@type":"ListItem","position":3,"name":"Machine \u00e0 ultrasons &#8211; Philips"}]},{"@type":"WebSite","@id":"https:\/\/bio-medx.com\/#website","url":"https:\/\/bio-medx.com\/","name":"Bio-MedX","description":"Nous facillitons l&#039;achat, l&#039;installation et la maintenance d&#039;\u00e9quipement m\u00e9dicaux \u00e0 l&#039;\u00e9chelle mondiale.","publisher":{"@id":"https:\/\/bio-medx.com\/#organization"},"potentialAction":[{"@type":"SearchAction","target":{"@type":"EntryPoint","urlTemplate":"https:\/\/bio-medx.com\/?s={search_term_string}"},"query-input":{"@type":"PropertyValueSpecification","valueRequired":true,"valueName":"search_term_string"}}],"inLanguage":"en-US"},{"@type":"Organization","@id":"https:\/\/bio-medx.com\/#organization","name":"Bio-MedX","url":"https:\/\/bio-medx.com\/","logo":{"@type":"ImageObject","inLanguage":"en-US","@id":"https:\/\/bio-medx.com\/#\/schema\/logo\/image\/","url":"https:\/\/bio-medx.com\/wp-content\/uploads\/2022\/09\/cropped-5.png","contentUrl":"https:\/\/bio-medx.com\/wp-content\/uploads\/2022\/09\/cropped-5.png","width":250,"height":144,"caption":"Bio-MedX"},"image":{"@id":"https:\/\/bio-medx.com\/#\/schema\/logo\/image\/"},"sameAs":["https:\/\/www.facebook.com\/biomedx99","https:\/\/www.linkedin.com\/company\/biomed-x\/"]}]}},"_links":{"self":[{"href":"https:\/\/bio-medx.com\/en\/wp-json\/wp\/v2\/product\/1174","targetHints":{"allow":["GET"]}}],"collection":[{"href":"https:\/\/bio-medx.com\/en\/wp-json\/wp\/v2\/product"}],"about":[{"href":"https:\/\/bio-medx.com\/en\/wp-json\/wp\/v2\/types\/product"}],"replies":[{"embeddable":true,"href":"https:\/\/bio-medx.com\/en\/wp-json\/wp\/v2\/comments?post=1174"}],"wp:featuredmedia":[{"embeddable":true,"href":"https:\/\/bio-medx.com\/en\/wp-json\/wp\/v2\/media\/1243"}],"wp:attachment":[{"href":"https:\/\/bio-medx.com\/en\/wp-json\/wp\/v2\/media?parent=1174"}],"wp:term":[{"taxonomy":"product_brand","embeddable":true,"href":"https:\/\/bio-medx.com\/en\/wp-json\/wp\/v2\/product_brand?post=1174"},{"taxonomy":"product_cat","embeddable":true,"href":"https:\/\/bio-medx.com\/en\/wp-json\/wp\/v2\/product_cat?post=1174"},{"taxonomy":"product_tag","embeddable":true,"href":"https:\/\/bio-medx.com\/en\/wp-json\/wp\/v2\/product_tag?post=1174"}],"curies":[{"name":"wp","href":"https:\/\/api.w.org\/{rel}","templated":true}]}}