{"id":1033,"date":"2022-11-20T03:08:49","date_gmt":"2022-11-20T03:08:49","guid":{"rendered":"https:\/\/bio-medx.com\/?post_type=product&#038;p=1033"},"modified":"2023-09-01T03:49:04","modified_gmt":"2023-09-01T03:49:04","slug":"philips-x5-1-ultrasound-probe","status":"publish","type":"product","link":"https:\/\/bio-medx.com\/en\/product\/philips-x5-1-ultrasound-probe\/","title":{"rendered":"Sonde convexe \u00e0 ultrasons Philips X5-1"},"content":{"rendered":"<p>Transducteur matriciel X5-1 xMATRIX avec technologie \u00e0 cristal PureWave (5-1 MHz).<\/p>\n<p>Pour applications cardiaques adulte\/p\u00e9diatrique, vasculaire abdominale, et TCD (Doppler transcr\u00e2nien).<\/p>\n<p>Livr\u00e9 avec une garantie standard de 60 jours.<\/p>\n<p>D\u00e9tails :<br \/>\nNum\u00e9ro de pi\u00e8ce : 453561457413<br \/>\nMod\u00e8le : X5-1<br \/>\nFabricant : Philips<br \/>\nPrix : Contactez-nous.<\/p>","protected":false},"excerpt":{"rendered":"<p>Transducteur matriciel X5-1 xMATRIX avec technologie \u00e0 cristal PureWave (5-1 MHz). Pour applications cardiaques adulte\/p\u00e9diatrique, vasculaire abdominale, et TCD (Doppler transcr\u00e2nien). Livr\u00e9 avec une garantie standard de 60 jours. D\u00e9tails : Num\u00e9ro de pi\u00e8ce : 453561457413 Mod\u00e8le : X5-1 Fabricant : Philips Prix : Contactez-nous.<\/p>","protected":false},"featured_media":1034,"comment_status":"open","ping_status":"closed","template":"","meta":[],"product_brand":[],"product_cat":[46],"product_tag":[],"class_list":{"0":"post-1033","1":"product","2":"type-product","3":"status-publish","4":"has-post-thumbnail","6":"product_cat-piecesgm","8":"first","9":"instock","10":"shipping-taxable","11":"product-type-simple"},"yoast_head":"<!-- This site is optimized with the Yoast SEO plugin v27.4 - https:\/\/yoast.com\/product\/yoast-seo-wordpress\/ -->\n<title>Sonde convexe \u00e0 ultrasons Philips X5-1 - Bio-MedX<\/title>\n<meta name=\"robots\" content=\"index, follow, max-snippet:-1, max-image-preview:large, max-video-preview:-1\" \/>\n<link rel=\"canonical\" href=\"https:\/\/bio-medx.com\/en\/product\/philips-x5-1-ultrasound-probe\/\" \/>\n<meta property=\"og:locale\" content=\"en_US\" \/>\n<meta property=\"og:type\" content=\"article\" \/>\n<meta property=\"og:title\" content=\"Sonde convexe \u00e0 ultrasons Philips X5-1 - Bio-MedX\" \/>\n<meta property=\"og:description\" content=\"Transducteur matriciel X5-1 xMATRIX avec technologie \u00e0 cristal PureWave (5-1 MHz). Pour applications cardiaques adulte\/p\u00e9diatrique, vasculaire abdominale, et TCD (Doppler transcr\u00e2nien). Livr\u00e9 avec une garantie standard de 60 jours. D\u00e9tails : Num\u00e9ro de pi\u00e8ce : 453561457413 Mod\u00e8le : X5-1 Fabricant : Philips Prix : Contactez-nous.\" \/>\n<meta property=\"og:url\" content=\"https:\/\/bio-medx.com\/en\/product\/philips-x5-1-ultrasound-probe\/\" \/>\n<meta property=\"og:site_name\" content=\"Bio-MedX\" \/>\n<meta property=\"article:publisher\" content=\"https:\/\/www.facebook.com\/biomedx99\" \/>\n<meta property=\"article:modified_time\" content=\"2023-09-01T03:49:04+00:00\" \/>\n<meta property=\"og:image\" content=\"https:\/\/bio-medx.com\/wp-content\/uploads\/2022\/11\/Philips_X5-1.jpg\" \/>\n\t<meta property=\"og:image:width\" content=\"1500\" \/>\n\t<meta property=\"og:image:height\" content=\"1500\" \/>\n\t<meta property=\"og:image:type\" content=\"image\/jpeg\" \/>\n<meta name=\"twitter:card\" content=\"summary_large_image\" \/>\n<script type=\"application\/ld+json\" class=\"yoast-schema-graph\">{\"@context\":\"https:\\\/\\\/schema.org\",\"@graph\":[{\"@type\":\"WebPage\",\"@id\":\"https:\\\/\\\/bio-medx.com\\\/product\\\/philips-x5-1-ultrasound-probe\\\/\",\"url\":\"https:\\\/\\\/bio-medx.com\\\/product\\\/philips-x5-1-ultrasound-probe\\\/\",\"name\":\"Sonde convexe \u00e0 ultrasons Philips X5-1 - Bio-MedX\",\"isPartOf\":{\"@id\":\"https:\\\/\\\/bio-medx.com\\\/#website\"},\"primaryImageOfPage\":{\"@id\":\"https:\\\/\\\/bio-medx.com\\\/product\\\/philips-x5-1-ultrasound-probe\\\/#primaryimage\"},\"image\":{\"@id\":\"https:\\\/\\\/bio-medx.com\\\/product\\\/philips-x5-1-ultrasound-probe\\\/#primaryimage\"},\"thumbnailUrl\":\"https:\\\/\\\/bio-medx.com\\\/wp-content\\\/uploads\\\/2022\\\/11\\\/Philips_X5-1.jpg\",\"datePublished\":\"2022-11-20T03:08:49+00:00\",\"dateModified\":\"2023-09-01T03:49:04+00:00\",\"breadcrumb\":{\"@id\":\"https:\\\/\\\/bio-medx.com\\\/product\\\/philips-x5-1-ultrasound-probe\\\/#breadcrumb\"},\"inLanguage\":\"en-US\",\"potentialAction\":[{\"@type\":\"ReadAction\",\"target\":[\"https:\\\/\\\/bio-medx.com\\\/product\\\/philips-x5-1-ultrasound-probe\\\/\"]}]},{\"@type\":\"ImageObject\",\"inLanguage\":\"en-US\",\"@id\":\"https:\\\/\\\/bio-medx.com\\\/product\\\/philips-x5-1-ultrasound-probe\\\/#primaryimage\",\"url\":\"https:\\\/\\\/bio-medx.com\\\/wp-content\\\/uploads\\\/2022\\\/11\\\/Philips_X5-1.jpg\",\"contentUrl\":\"https:\\\/\\\/bio-medx.com\\\/wp-content\\\/uploads\\\/2022\\\/11\\\/Philips_X5-1.jpg\",\"width\":1500,\"height\":1500},{\"@type\":\"BreadcrumbList\",\"@id\":\"https:\\\/\\\/bio-medx.com\\\/product\\\/philips-x5-1-ultrasound-probe\\\/#breadcrumb\",\"itemListElement\":[{\"@type\":\"ListItem\",\"position\":1,\"name\":\"Accueil\",\"item\":\"https:\\\/\\\/bio-medx.com\\\/\"},{\"@type\":\"ListItem\",\"position\":2,\"name\":\"Produits\",\"item\":\"https:\\\/\\\/bio-medx.com\\\/produits\\\/\"},{\"@type\":\"ListItem\",\"position\":3,\"name\":\"Sonde convexe \u00e0 ultrasons Philips X5-1\"}]},{\"@type\":\"WebSite\",\"@id\":\"https:\\\/\\\/bio-medx.com\\\/#website\",\"url\":\"https:\\\/\\\/bio-medx.com\\\/\",\"name\":\"Bio-MedX\",\"description\":\"Nous facillitons l&#039;achat, l&#039;installation et la maintenance d&#039;\u00e9quipement m\u00e9dicaux \u00e0 l&#039;\u00e9chelle mondiale.\",\"publisher\":{\"@id\":\"https:\\\/\\\/bio-medx.com\\\/#organization\"},\"potentialAction\":[{\"@type\":\"SearchAction\",\"target\":{\"@type\":\"EntryPoint\",\"urlTemplate\":\"https:\\\/\\\/bio-medx.com\\\/?s={search_term_string}\"},\"query-input\":{\"@type\":\"PropertyValueSpecification\",\"valueRequired\":true,\"valueName\":\"search_term_string\"}}],\"inLanguage\":\"en-US\"},{\"@type\":\"Organization\",\"@id\":\"https:\\\/\\\/bio-medx.com\\\/#organization\",\"name\":\"Bio-MedX\",\"url\":\"https:\\\/\\\/bio-medx.com\\\/\",\"logo\":{\"@type\":\"ImageObject\",\"inLanguage\":\"en-US\",\"@id\":\"https:\\\/\\\/bio-medx.com\\\/#\\\/schema\\\/logo\\\/image\\\/\",\"url\":\"https:\\\/\\\/bio-medx.com\\\/wp-content\\\/uploads\\\/2022\\\/09\\\/cropped-5.png\",\"contentUrl\":\"https:\\\/\\\/bio-medx.com\\\/wp-content\\\/uploads\\\/2022\\\/09\\\/cropped-5.png\",\"width\":250,\"height\":144,\"caption\":\"Bio-MedX\"},\"image\":{\"@id\":\"https:\\\/\\\/bio-medx.com\\\/#\\\/schema\\\/logo\\\/image\\\/\"},\"sameAs\":[\"https:\\\/\\\/www.facebook.com\\\/biomedx99\",\"https:\\\/\\\/www.linkedin.com\\\/company\\\/biomed-x\\\/\"]}]}<\/script>\n<!-- \/ Yoast SEO plugin. -->","yoast_head_json":{"title":"Sonde convexe \u00e0 ultrasons Philips X5-1 - Bio-MedX","robots":{"index":"index","follow":"follow","max-snippet":"max-snippet:-1","max-image-preview":"max-image-preview:large","max-video-preview":"max-video-preview:-1"},"canonical":"https:\/\/bio-medx.com\/en\/product\/philips-x5-1-ultrasound-probe\/","og_locale":"en_US","og_type":"article","og_title":"Sonde convexe \u00e0 ultrasons Philips X5-1 - Bio-MedX","og_description":"Transducteur matriciel X5-1 xMATRIX avec technologie \u00e0 cristal PureWave (5-1 MHz). Pour applications cardiaques adulte\/p\u00e9diatrique, vasculaire abdominale, et TCD (Doppler transcr\u00e2nien). Livr\u00e9 avec une garantie standard de 60 jours. D\u00e9tails : Num\u00e9ro de pi\u00e8ce : 453561457413 Mod\u00e8le : X5-1 Fabricant : Philips Prix : Contactez-nous.","og_url":"https:\/\/bio-medx.com\/en\/product\/philips-x5-1-ultrasound-probe\/","og_site_name":"Bio-MedX","article_publisher":"https:\/\/www.facebook.com\/biomedx99","article_modified_time":"2023-09-01T03:49:04+00:00","og_image":[{"width":1500,"height":1500,"url":"https:\/\/bio-medx.com\/wp-content\/uploads\/2022\/11\/Philips_X5-1.jpg","type":"image\/jpeg"}],"twitter_card":"summary_large_image","schema":{"@context":"https:\/\/schema.org","@graph":[{"@type":"WebPage","@id":"https:\/\/bio-medx.com\/product\/philips-x5-1-ultrasound-probe\/","url":"https:\/\/bio-medx.com\/product\/philips-x5-1-ultrasound-probe\/","name":"Sonde convexe \u00e0 ultrasons Philips X5-1 - Bio-MedX","isPartOf":{"@id":"https:\/\/bio-medx.com\/#website"},"primaryImageOfPage":{"@id":"https:\/\/bio-medx.com\/product\/philips-x5-1-ultrasound-probe\/#primaryimage"},"image":{"@id":"https:\/\/bio-medx.com\/product\/philips-x5-1-ultrasound-probe\/#primaryimage"},"thumbnailUrl":"https:\/\/bio-medx.com\/wp-content\/uploads\/2022\/11\/Philips_X5-1.jpg","datePublished":"2022-11-20T03:08:49+00:00","dateModified":"2023-09-01T03:49:04+00:00","breadcrumb":{"@id":"https:\/\/bio-medx.com\/product\/philips-x5-1-ultrasound-probe\/#breadcrumb"},"inLanguage":"en-US","potentialAction":[{"@type":"ReadAction","target":["https:\/\/bio-medx.com\/product\/philips-x5-1-ultrasound-probe\/"]}]},{"@type":"ImageObject","inLanguage":"en-US","@id":"https:\/\/bio-medx.com\/product\/philips-x5-1-ultrasound-probe\/#primaryimage","url":"https:\/\/bio-medx.com\/wp-content\/uploads\/2022\/11\/Philips_X5-1.jpg","contentUrl":"https:\/\/bio-medx.com\/wp-content\/uploads\/2022\/11\/Philips_X5-1.jpg","width":1500,"height":1500},{"@type":"BreadcrumbList","@id":"https:\/\/bio-medx.com\/product\/philips-x5-1-ultrasound-probe\/#breadcrumb","itemListElement":[{"@type":"ListItem","position":1,"name":"Accueil","item":"https:\/\/bio-medx.com\/"},{"@type":"ListItem","position":2,"name":"Produits","item":"https:\/\/bio-medx.com\/produits\/"},{"@type":"ListItem","position":3,"name":"Sonde convexe \u00e0 ultrasons Philips X5-1"}]},{"@type":"WebSite","@id":"https:\/\/bio-medx.com\/#website","url":"https:\/\/bio-medx.com\/","name":"Bio-MedX","description":"Nous facillitons l&#039;achat, l&#039;installation et la maintenance d&#039;\u00e9quipement m\u00e9dicaux \u00e0 l&#039;\u00e9chelle mondiale.","publisher":{"@id":"https:\/\/bio-medx.com\/#organization"},"potentialAction":[{"@type":"SearchAction","target":{"@type":"EntryPoint","urlTemplate":"https:\/\/bio-medx.com\/?s={search_term_string}"},"query-input":{"@type":"PropertyValueSpecification","valueRequired":true,"valueName":"search_term_string"}}],"inLanguage":"en-US"},{"@type":"Organization","@id":"https:\/\/bio-medx.com\/#organization","name":"Bio-MedX","url":"https:\/\/bio-medx.com\/","logo":{"@type":"ImageObject","inLanguage":"en-US","@id":"https:\/\/bio-medx.com\/#\/schema\/logo\/image\/","url":"https:\/\/bio-medx.com\/wp-content\/uploads\/2022\/09\/cropped-5.png","contentUrl":"https:\/\/bio-medx.com\/wp-content\/uploads\/2022\/09\/cropped-5.png","width":250,"height":144,"caption":"Bio-MedX"},"image":{"@id":"https:\/\/bio-medx.com\/#\/schema\/logo\/image\/"},"sameAs":["https:\/\/www.facebook.com\/biomedx99","https:\/\/www.linkedin.com\/company\/biomed-x\/"]}]}},"_links":{"self":[{"href":"https:\/\/bio-medx.com\/en\/wp-json\/wp\/v2\/product\/1033","targetHints":{"allow":["GET"]}}],"collection":[{"href":"https:\/\/bio-medx.com\/en\/wp-json\/wp\/v2\/product"}],"about":[{"href":"https:\/\/bio-medx.com\/en\/wp-json\/wp\/v2\/types\/product"}],"replies":[{"embeddable":true,"href":"https:\/\/bio-medx.com\/en\/wp-json\/wp\/v2\/comments?post=1033"}],"wp:featuredmedia":[{"embeddable":true,"href":"https:\/\/bio-medx.com\/en\/wp-json\/wp\/v2\/media\/1034"}],"wp:attachment":[{"href":"https:\/\/bio-medx.com\/en\/wp-json\/wp\/v2\/media?parent=1033"}],"wp:term":[{"taxonomy":"product_brand","embeddable":true,"href":"https:\/\/bio-medx.com\/en\/wp-json\/wp\/v2\/product_brand?post=1033"},{"taxonomy":"product_cat","embeddable":true,"href":"https:\/\/bio-medx.com\/en\/wp-json\/wp\/v2\/product_cat?post=1033"},{"taxonomy":"product_tag","embeddable":true,"href":"https:\/\/bio-medx.com\/en\/wp-json\/wp\/v2\/product_tag?post=1033"}],"curies":[{"name":"wp","href":"https:\/\/api.w.org\/{rel}","templated":true}]}}