{"id":987,"date":"2022-11-19T21:10:43","date_gmt":"2022-11-19T21:10:43","guid":{"rendered":"https:\/\/bio-medx.com\/?page_id=987"},"modified":"2026-04-07T11:50:34","modified_gmt":"2026-04-07T11:50:34","slug":"leasing-biomed","status":"publish","type":"page","link":"https:\/\/bio-medx.com\/en\/leasing-biomed\/","title":{"rendered":"Leasing Biomed"},"content":{"rendered":"<div class=\"brz-root__container brz-reset-all brz brz-root__container-page\">\n<section id=\"_wapdcewrptymqiezwmvzprnedoxcioloqvhk\" class=\"brz-section brz-css-1l89xy4\">\n<div class=\"brz-section__content brz-section--boxed brz-css-1e30qyr brz-css-1hbs77a\" data-brz-custom-id=\"dilkjziuvyizzxcbyhgveorfxhexhhluhzfa\">\n<div class=\"brz-bg\">\n<div class=\"brz-bg-image\"><\/div>\n<\/div>\n<div class=\"brz-container brz-css-1dkzb9h brz-css-1djll7q\">\n<div class=\"brz-row__container brz-css-1svl5du\" data-brz-custom-id=\"tqgvopfxmytrynsdqeaingumxpjnqtmcukvg\">\n<div class=\"brz-bg\"><\/div>\n<div class=\"brz-row brz-css-rozj4a brz-css-1iszf5u\">\n<div class=\"brz-columns brz-css-jrpy5f brz-css-zpjk6q\" data-brz-custom-id=\"icvatincntsqujuiehyqypqqaqhzyaxrogwo\">\n<div class=\"brz-bg\"><\/div>\n<div class=\"brz-column__items brz-css-1osr2m2\">\n<div id=\"\" class=\"brz-css-18o0367 brz-css-1373jtv brz-wrapper\">\n<div class=\"brz-image brz-image__lightbox brz-css-1c4flm7 brz-css-1woedcr\" data-brz-custom-id=\"epdergovvygfrbpzrfomrrnofhdybpxibipn\"><a class=\"brz-a\" href=\"https:\/\/bio-medx.com\/wp-content\/uploads\/2022\/11\/ian-mackey-Uzg0pq7pDCU-unsplash-scaled.jpg\" target=\"_self\" rel=\"noopener\" data-brz-link-type=\"lightBox\"><img decoding=\"async\" class=\"brz-img\" src=\"https:\/\/bio-medx.com\/wp-content\/uploads\/2022\/11\/ian-mackey-Uzg0pq7pDCU-unsplash-scaled.jpg\" alt=\"\" loading=\"lazy\"><\/a><\/div>\n<\/div>\n<div id=\"\" class=\"brz-css-18o0367 brz-css-jwek5e brz-wrapper\">\n<div class=\"brz-image brz-image__lightbox brz-css-1agwwwe brz-css-1uf0to0\" data-brz-custom-id=\"zqkjjivsmmgfylxiswgsqyvwmncpgzlyxhth\"><a class=\"brz-a\" href=\"https:\/\/bio-medx.com\/wp-content\/uploads\/2022\/11\/medical-imaging-asset-recovery.jpg\" target=\"_self\" rel=\"noopener\" data-brz-link-type=\"lightBox\"><img decoding=\"async\" class=\"brz-img\" src=\"https:\/\/bio-medx.com\/wp-content\/uploads\/2022\/11\/medical-imaging-asset-recovery.jpg\" alt=\"\" loading=\"lazy\"><\/a><\/div>\n<\/div>\n<\/div>\n<\/div>\n<div class=\"brz-columns brz-css-jrpy5f brz-css-1jkvhzx\" data-brz-custom-id=\"mimkphwdvvhtnlzngasudkmuwdvpgslpyain\">\n<div class=\"brz-bg\"><\/div>\n<div class=\"brz-column__items brz-css-1osr2m2 brz-css-1vhngh9\">\n<div id=\"\" class=\"brz-css-18o0367 brz-wrapper\">\n<div class=\"brz-rich-text brz-rich-text__custom brz-css-wmt824\" data-brz-custom-id=\"vqnlketuuoudchxtwgqiwlauamwcjlrerzmr\">\n<div data-brz-translate-text=\"1\">\n<p class=\"brz-tp-lg-abovetitle brz-css-u_IVG\" data-uniq-id=\"vvzbr\" data-generated-css=\"brz-css-hicmu\"><span class=\"brz-cp-color7\">FINANCEMENT DE LA SANTE<\/span><\/p>\n<\/div>\n<\/div>\n<\/div>\n<div id=\"\" class=\"brz-css-18o0367 brz-css-1gvvemd brz-wrapper\">\n<div class=\"brz-rich-text brz-rich-text__custom brz-css-wmt824\" data-brz-custom-id=\"shiyufsxplwiwodpmmxdsngwokinlofaahxz\">\n<div data-brz-translate-text=\"1\">\n<h1 class=\"brz-tp-lg-heading1 brz-css-oYpL7\" data-generated-css=\"brz-css-ezfqc\" data-uniq-id=\"oawkq\">BIOMED LEASING<\/h1>\n<\/div>\n<\/div>\n<\/div>\n<div id=\"\" class=\"brz-css-18o0367 brz-wrapper\">\n<div class=\"brz-rich-text brz-rich-text__custom brz-css-wmt824\" data-brz-custom-id=\"bpusbhfclltyqcscavxdjnuirmtuvisgtuts\">\n<div data-brz-translate-text=\"1\">\n<p class=\"brz-mb-xs-0 brz-mb-lg-20 brz-tp-lg-paragraph brz-mb-sm-0 brz-css-uNVhk\" data-uniq-id=\"icazd\" data-generated-css=\"brz-css-pnzqu\"><span class=\"brz-cp-color7\">Bio-MedX comprend les besoins changeants des prestataires de soins de sant\u00e9, qu&rsquo;il s&rsquo;agisse d&rsquo;h\u00f4pitaux, de m\u00e9decins ou d&rsquo;\u00e9tablissements autonomes. Vous comprenez l&rsquo;efficacit\u00e9 apport\u00e9e par les derni\u00e8res am\u00e9liorations en mati\u00e8re d&rsquo;\u00e9quipement m\u00e9dical. Ensemble, nous pouvons aider les fournisseurs de soins de sant\u00e9 \u00e0 continuer d&rsquo;offrir les meilleurs soins, les plus abordables et les plus r\u00e9cents \u00e0 leurs patients.<\/span><\/p>\n<p class=\"brz-mb-xs-0 brz-mb-lg-20 brz-tp-lg-paragraph brz-mb-sm-0 brz-css-l3h9B\" data-uniq-id=\"iemyl\" data-generated-css=\"brz-css-sujfg\"><strong class=\"brz-cp-color7\"><u>Cette offre est uniquement disponible pour nos clients en Amerique du Nord<\/u><\/strong><span class=\"brz-cp-color7\"> <\/span><\/p>\n<\/div>\n<\/div>\n<\/div>\n<\/div>\n<\/div>\n<\/div>\n<\/div>\n<\/div>\n<\/div>\n<\/section>\n<\/div>\n<p>    <!-- version:1737004362 --><\/p>","protected":false},"excerpt":{"rendered":"<p>FINANCEMENT DE LA SANTE BIOMED LEASING Bio-MedX comprend les besoins changeants des prestataires de soins de sant\u00e9, qu&rsquo;il s&rsquo;agisse d&rsquo;h\u00f4pitaux, de m\u00e9decins ou d&rsquo;\u00e9tablissements autonomes. Vous comprenez l&rsquo;efficacit\u00e9 apport\u00e9e par les derni\u00e8res am\u00e9liorations en mati\u00e8re d&rsquo;\u00e9quipement m\u00e9dical. Ensemble, nous pouvons aider les fournisseurs de soins de sant\u00e9 \u00e0 continuer d&rsquo;offrir les meilleurs soins, les plus [&hellip;]<\/p>\n","protected":false},"author":3,"featured_media":611,"parent":0,"menu_order":0,"comment_status":"closed","ping_status":"closed","template":"","meta":{"footnotes":""},"class_list":["post-987","page","type-page","status-publish","has-post-thumbnail","hentry"],"yoast_head":"<!-- This site is optimized with the Yoast SEO plugin v27.4 - https:\/\/yoast.com\/product\/yoast-seo-wordpress\/ -->\n<title>Leasing Biomed - Bio-MedX<\/title>\n<meta name=\"robots\" content=\"index, follow, max-snippet:-1, max-image-preview:large, max-video-preview:-1\" \/>\n<link rel=\"canonical\" href=\"https:\/\/bio-medx.com\/en\/leasing-biomed\/\" \/>\n<meta property=\"og:locale\" content=\"en_US\" \/>\n<meta property=\"og:type\" content=\"article\" \/>\n<meta property=\"og:title\" content=\"Leasing Biomed - Bio-MedX\" \/>\n<meta property=\"og:description\" content=\"FINANCEMENT DE LA SANTE BIOMED LEASING Bio-MedX comprend les besoins changeants des prestataires de soins de sant\u00e9, qu&rsquo;il s&rsquo;agisse d&rsquo;h\u00f4pitaux, de m\u00e9decins ou d&rsquo;\u00e9tablissements autonomes. Vous comprenez l&rsquo;efficacit\u00e9 apport\u00e9e par les derni\u00e8res am\u00e9liorations en mati\u00e8re d&rsquo;\u00e9quipement m\u00e9dical. Ensemble, nous pouvons aider les fournisseurs de soins de sant\u00e9 \u00e0 continuer d&rsquo;offrir les meilleurs soins, les plus [&hellip;]\" \/>\n<meta property=\"og:url\" content=\"https:\/\/bio-medx.com\/en\/leasing-biomed\/\" \/>\n<meta property=\"og:site_name\" content=\"Bio-MedX\" \/>\n<meta property=\"article:publisher\" content=\"https:\/\/www.facebook.com\/biomedx99\" \/>\n<meta property=\"article:modified_time\" content=\"2026-04-07T11:50:34+00:00\" \/>\n<meta property=\"og:image\" content=\"https:\/\/bio-medx.com\/wp-content\/uploads\/2022\/10\/arseny-togulev-DE6rYp1nAho-unsplash-scaled.jpg\" \/>\n\t<meta property=\"og:image:width\" content=\"2560\" \/>\n\t<meta property=\"og:image:height\" content=\"1440\" \/>\n\t<meta property=\"og:image:type\" content=\"image\/jpeg\" \/>\n<meta name=\"twitter:card\" content=\"summary_large_image\" \/>\n<script type=\"application\/ld+json\" class=\"yoast-schema-graph\">{\"@context\":\"https:\\\/\\\/schema.org\",\"@graph\":[{\"@type\":\"WebPage\",\"@id\":\"https:\\\/\\\/bio-medx.com\\\/leasing-biomed\\\/\",\"url\":\"https:\\\/\\\/bio-medx.com\\\/leasing-biomed\\\/\",\"name\":\"Leasing Biomed - Bio-MedX\",\"isPartOf\":{\"@id\":\"https:\\\/\\\/bio-medx.com\\\/#website\"},\"primaryImageOfPage\":{\"@id\":\"https:\\\/\\\/bio-medx.com\\\/leasing-biomed\\\/#primaryimage\"},\"image\":{\"@id\":\"https:\\\/\\\/bio-medx.com\\\/leasing-biomed\\\/#primaryimage\"},\"thumbnailUrl\":\"https:\\\/\\\/bio-medx.com\\\/wp-content\\\/uploads\\\/2022\\\/10\\\/arseny-togulev-DE6rYp1nAho-unsplash-scaled.jpg\",\"datePublished\":\"2022-11-19T21:10:43+00:00\",\"dateModified\":\"2026-04-07T11:50:34+00:00\",\"breadcrumb\":{\"@id\":\"https:\\\/\\\/bio-medx.com\\\/leasing-biomed\\\/#breadcrumb\"},\"inLanguage\":\"en-US\",\"potentialAction\":[{\"@type\":\"ReadAction\",\"target\":[\"https:\\\/\\\/bio-medx.com\\\/leasing-biomed\\\/\"]}]},{\"@type\":\"ImageObject\",\"inLanguage\":\"en-US\",\"@id\":\"https:\\\/\\\/bio-medx.com\\\/leasing-biomed\\\/#primaryimage\",\"url\":\"https:\\\/\\\/bio-medx.com\\\/wp-content\\\/uploads\\\/2022\\\/10\\\/arseny-togulev-DE6rYp1nAho-unsplash-scaled.jpg\",\"contentUrl\":\"https:\\\/\\\/bio-medx.com\\\/wp-content\\\/uploads\\\/2022\\\/10\\\/arseny-togulev-DE6rYp1nAho-unsplash-scaled.jpg\",\"width\":2560,\"height\":1440},{\"@type\":\"BreadcrumbList\",\"@id\":\"https:\\\/\\\/bio-medx.com\\\/leasing-biomed\\\/#breadcrumb\",\"itemListElement\":[{\"@type\":\"ListItem\",\"position\":1,\"name\":\"Accueil\",\"item\":\"https:\\\/\\\/bio-medx.com\\\/\"},{\"@type\":\"ListItem\",\"position\":2,\"name\":\"Leasing Biomed\"}]},{\"@type\":\"WebSite\",\"@id\":\"https:\\\/\\\/bio-medx.com\\\/#website\",\"url\":\"https:\\\/\\\/bio-medx.com\\\/\",\"name\":\"Bio-MedX\",\"description\":\"Nous facillitons l&#039;achat, l&#039;installation et la maintenance d&#039;\u00e9quipement m\u00e9dicaux \u00e0 l&#039;\u00e9chelle mondiale.\",\"publisher\":{\"@id\":\"https:\\\/\\\/bio-medx.com\\\/#organization\"},\"potentialAction\":[{\"@type\":\"SearchAction\",\"target\":{\"@type\":\"EntryPoint\",\"urlTemplate\":\"https:\\\/\\\/bio-medx.com\\\/?s={search_term_string}\"},\"query-input\":{\"@type\":\"PropertyValueSpecification\",\"valueRequired\":true,\"valueName\":\"search_term_string\"}}],\"inLanguage\":\"en-US\"},{\"@type\":\"Organization\",\"@id\":\"https:\\\/\\\/bio-medx.com\\\/#organization\",\"name\":\"Bio-MedX\",\"url\":\"https:\\\/\\\/bio-medx.com\\\/\",\"logo\":{\"@type\":\"ImageObject\",\"inLanguage\":\"en-US\",\"@id\":\"https:\\\/\\\/bio-medx.com\\\/#\\\/schema\\\/logo\\\/image\\\/\",\"url\":\"https:\\\/\\\/bio-medx.com\\\/wp-content\\\/uploads\\\/2022\\\/09\\\/cropped-5.png\",\"contentUrl\":\"https:\\\/\\\/bio-medx.com\\\/wp-content\\\/uploads\\\/2022\\\/09\\\/cropped-5.png\",\"width\":250,\"height\":144,\"caption\":\"Bio-MedX\"},\"image\":{\"@id\":\"https:\\\/\\\/bio-medx.com\\\/#\\\/schema\\\/logo\\\/image\\\/\"},\"sameAs\":[\"https:\\\/\\\/www.facebook.com\\\/biomedx99\",\"https:\\\/\\\/www.linkedin.com\\\/company\\\/biomed-x\\\/\"]}]}<\/script>\n<!-- \/ Yoast SEO plugin. -->","yoast_head_json":{"title":"Leasing Biomed - Bio-MedX","robots":{"index":"index","follow":"follow","max-snippet":"max-snippet:-1","max-image-preview":"max-image-preview:large","max-video-preview":"max-video-preview:-1"},"canonical":"https:\/\/bio-medx.com\/en\/leasing-biomed\/","og_locale":"en_US","og_type":"article","og_title":"Leasing Biomed - Bio-MedX","og_description":"FINANCEMENT DE LA SANTE BIOMED LEASING Bio-MedX comprend les besoins changeants des prestataires de soins de sant\u00e9, qu&rsquo;il s&rsquo;agisse d&rsquo;h\u00f4pitaux, de m\u00e9decins ou d&rsquo;\u00e9tablissements autonomes. Vous comprenez l&rsquo;efficacit\u00e9 apport\u00e9e par les derni\u00e8res am\u00e9liorations en mati\u00e8re d&rsquo;\u00e9quipement m\u00e9dical. Ensemble, nous pouvons aider les fournisseurs de soins de sant\u00e9 \u00e0 continuer d&rsquo;offrir les meilleurs soins, les plus [&hellip;]","og_url":"https:\/\/bio-medx.com\/en\/leasing-biomed\/","og_site_name":"Bio-MedX","article_publisher":"https:\/\/www.facebook.com\/biomedx99","article_modified_time":"2026-04-07T11:50:34+00:00","og_image":[{"width":2560,"height":1440,"url":"https:\/\/bio-medx.com\/wp-content\/uploads\/2022\/10\/arseny-togulev-DE6rYp1nAho-unsplash-scaled.jpg","type":"image\/jpeg"}],"twitter_card":"summary_large_image","schema":{"@context":"https:\/\/schema.org","@graph":[{"@type":"WebPage","@id":"https:\/\/bio-medx.com\/leasing-biomed\/","url":"https:\/\/bio-medx.com\/leasing-biomed\/","name":"Leasing Biomed - Bio-MedX","isPartOf":{"@id":"https:\/\/bio-medx.com\/#website"},"primaryImageOfPage":{"@id":"https:\/\/bio-medx.com\/leasing-biomed\/#primaryimage"},"image":{"@id":"https:\/\/bio-medx.com\/leasing-biomed\/#primaryimage"},"thumbnailUrl":"https:\/\/bio-medx.com\/wp-content\/uploads\/2022\/10\/arseny-togulev-DE6rYp1nAho-unsplash-scaled.jpg","datePublished":"2022-11-19T21:10:43+00:00","dateModified":"2026-04-07T11:50:34+00:00","breadcrumb":{"@id":"https:\/\/bio-medx.com\/leasing-biomed\/#breadcrumb"},"inLanguage":"en-US","potentialAction":[{"@type":"ReadAction","target":["https:\/\/bio-medx.com\/leasing-biomed\/"]}]},{"@type":"ImageObject","inLanguage":"en-US","@id":"https:\/\/bio-medx.com\/leasing-biomed\/#primaryimage","url":"https:\/\/bio-medx.com\/wp-content\/uploads\/2022\/10\/arseny-togulev-DE6rYp1nAho-unsplash-scaled.jpg","contentUrl":"https:\/\/bio-medx.com\/wp-content\/uploads\/2022\/10\/arseny-togulev-DE6rYp1nAho-unsplash-scaled.jpg","width":2560,"height":1440},{"@type":"BreadcrumbList","@id":"https:\/\/bio-medx.com\/leasing-biomed\/#breadcrumb","itemListElement":[{"@type":"ListItem","position":1,"name":"Accueil","item":"https:\/\/bio-medx.com\/"},{"@type":"ListItem","position":2,"name":"Leasing Biomed"}]},{"@type":"WebSite","@id":"https:\/\/bio-medx.com\/#website","url":"https:\/\/bio-medx.com\/","name":"Bio-MedX","description":"Nous facillitons l&#039;achat, l&#039;installation et la maintenance d&#039;\u00e9quipement m\u00e9dicaux \u00e0 l&#039;\u00e9chelle mondiale.","publisher":{"@id":"https:\/\/bio-medx.com\/#organization"},"potentialAction":[{"@type":"SearchAction","target":{"@type":"EntryPoint","urlTemplate":"https:\/\/bio-medx.com\/?s={search_term_string}"},"query-input":{"@type":"PropertyValueSpecification","valueRequired":true,"valueName":"search_term_string"}}],"inLanguage":"en-US"},{"@type":"Organization","@id":"https:\/\/bio-medx.com\/#organization","name":"Bio-MedX","url":"https:\/\/bio-medx.com\/","logo":{"@type":"ImageObject","inLanguage":"en-US","@id":"https:\/\/bio-medx.com\/#\/schema\/logo\/image\/","url":"https:\/\/bio-medx.com\/wp-content\/uploads\/2022\/09\/cropped-5.png","contentUrl":"https:\/\/bio-medx.com\/wp-content\/uploads\/2022\/09\/cropped-5.png","width":250,"height":144,"caption":"Bio-MedX"},"image":{"@id":"https:\/\/bio-medx.com\/#\/schema\/logo\/image\/"},"sameAs":["https:\/\/www.facebook.com\/biomedx99","https:\/\/www.linkedin.com\/company\/biomed-x\/"]}]}},"brizy_media":[{"id":1036,"url":"https:\/\/bio-medx.com\/wp-content\/uploads\/2022\/11\/ian-mackey-Uzg0pq7pDCU-unsplash-scaled.jpg","name":"ian-mackey-Uzg0pq7pDCU-unsplash.jpg","meta":{"brizy_attachment_uid":"wp-e5187bc94d755e8a4021e399047d7c68.jpg","brizy_post_uid":["b129ab33095acafb6b662afc6f743996","e4467779e5b54d38a5b29bf5dba970f5"]}},{"id":1037,"url":"https:\/\/bio-medx.com\/wp-content\/uploads\/2022\/11\/medical-imaging-asset-recovery.jpg","name":"medical-imaging-asset-recovery.jpg","meta":{"brizy_attachment_uid":"wp-9891253e0d4b8e4c18e0e058d64d2f2d.jpg","brizy_post_uid":["b129ab33095acafb6b662afc6f743996"]}},{"id":1279,"url":"https:\/\/bio-medx.com\/wp-content\/uploads\/2022\/12\/d03-custom-background-green-white-1024x432-1.png","name":"d03-custom-background-green-white-1024x432-1.png","meta":{"brizy_attachment_uid":"wp-d25ef6471653bc130f7190b16504f4eb.png","brizy_post_uid":["b129ab33095acafb6b662afc6f743996"]}}],"_links":{"self":[{"href":"https:\/\/bio-medx.com\/en\/wp-json\/wp\/v2\/pages\/987","targetHints":{"allow":["GET"]}}],"collection":[{"href":"https:\/\/bio-medx.com\/en\/wp-json\/wp\/v2\/pages"}],"about":[{"href":"https:\/\/bio-medx.com\/en\/wp-json\/wp\/v2\/types\/page"}],"author":[{"embeddable":true,"href":"https:\/\/bio-medx.com\/en\/wp-json\/wp\/v2\/users\/3"}],"replies":[{"embeddable":true,"href":"https:\/\/bio-medx.com\/en\/wp-json\/wp\/v2\/comments?post=987"}],"version-history":[{"count":17,"href":"https:\/\/bio-medx.com\/en\/wp-json\/wp\/v2\/pages\/987\/revisions"}],"predecessor-version":[{"id":1661,"href":"https:\/\/bio-medx.com\/en\/wp-json\/wp\/v2\/pages\/987\/revisions\/1661"}],"wp:featuredmedia":[{"embeddable":true,"href":"https:\/\/bio-medx.com\/en\/wp-json\/wp\/v2\/media\/611"}],"wp:attachment":[{"href":"https:\/\/bio-medx.com\/en\/wp-json\/wp\/v2\/media?parent=987"}],"curies":[{"name":"wp","href":"https:\/\/api.w.org\/{rel}","templated":true}]}}