{"id":89,"date":"2022-09-20T19:13:38","date_gmt":"2022-09-20T19:13:38","guid":{"rendered":"https:\/\/bio-medx.com\/?page_id=89"},"modified":"2022-11-24T09:24:37","modified_gmt":"2022-11-24T09:24:37","slug":"formations","status":"publish","type":"page","link":"https:\/\/bio-medx.com\/en\/formations\/","title":{"rendered":"Formations"},"content":{"rendered":"<div id=\"post-grid-lazy-1137\" class=\"post-grid-lazy\"><img decoding=\"async\" alt=\"\" src=\"\" \/><\/div>\n    <script>\n      jQuery('#post-grid-lazy-1137').ready(function($) {\n        $('#post-grid-lazy-1137').fadeOut();\n        $('#post-grid-1137   ').fadeIn();\n      })\n    <\/script>\n    <style type=\"text\/css\">\n      #post-grid-1137 {\n        display: none;\n      }\n\n      .post-grid-lazy {\n        text-align: center;\n      }\n    <\/style>\n    <div data-options='{&quot;id&quot;:&quot;1137&quot;,&quot;lazy_load&quot;:&quot;yes&quot;,&quot;masonry_enable&quot;:&quot;no&quot;,&quot;view_type&quot;:&quot;grid&quot;}' id=\"post-grid-1137\" class=\"post-grid grid\">\n    \n\n\n    <div class=\"grid-items\">\n      <div class=\"item item-1417 skin flat even 0\">\n        <div class=\"layer-wrapper layout-889\">\n          <div class=\"layer-media element_1587187627902\"\r\n        id=\"\">\r\n        <div\r\n        class=\"element element_1669213772205  element-media\">\r\n        <a target=\"_self\" href=\"https:\/\/bio-medx.com\/en\/implementing-a-biomedical-program-when-ressources-are-scarce\/\"><img fetchpriority=\"high\" decoding=\"async\" width=\"300\" height=\"300\" src=\"https:\/\/bio-medx.com\/wp-content\/uploads\/2022\/12\/moustabarry_a_ebook_cover_on_healthcare_technology_management_i_bca3eaab-0101-476c-a80a-5e4b5651aa93_cleanup-300x300.png\" class=\"attachment-woocommerce_thumbnail size-woocommerce_thumbnail wp-post-image\" alt=\"\" \/><\/a>    <\/div>\r\n    <\/div>\r\n    <div class=\"layer-content element_1587187714568\"\r\n        id=\"\">\r\n        <div class=\"element element_1587187895341  title\">\r\n                    <a target=\"_blank\"\r\n                href=\"https:\/\/bio-medx.com\/en\/implementing-a-biomedical-program-when-ressources-are-scarce\/\">Mettre en \u0153uvre un programme biom\u00e9dical lorsque les ressources sont limit\u00e9es.<\/a>\r\n            <\/div>\r\n    <div class=\"element element_1587187729822  excerpt\">\r\n        Mettre en \u0153uvre un programme biom\u00e9dical lorsque les ressources sont limit\u00e9es.D\u00e9velopper et mettre en place un programme d'entretien d'\u00e9quipements biom\u00e9dicaux            <\/div>\r\n            <a class=\"element element_1669213750154  read_more\"\r\n            target=\"_blank\"\r\n            href=\"https:\/\/bio-medx.com\/en\/implementing-a-biomedical-program-when-ressources-are-scarce\/\">Lire Plus<\/a>\r\n        <\/div>\r\n    <\/div>\n  <\/div><div class=\"item item-1542 skin flat odd 1\">\n        <div class=\"layer-wrapper layout-889\">\n          <div class=\"layer-media element_1587187627902\"\r\n        id=\"\">\r\n        <div\r\n        class=\"element element_1669213772205  element-media\">\r\n        <a target=\"_self\" href=\"https:\/\/bio-medx.com\/en\/guide-dachat-comment-choisir-un-scanner-ct\/\"><img decoding=\"async\" width=\"300\" height=\"300\" src=\"https:\/\/bio-medx.com\/wp-content\/uploads\/2023\/08\/2021_09_21_22_12_3214_2021_09_21_Revolution_Ascend_GE_Healthcare-300x300.jpg\" class=\"attachment-woocommerce_thumbnail size-woocommerce_thumbnail wp-post-image\" alt=\"\" \/><\/a>    <\/div>\r\n    <\/div>\r\n    <div class=\"layer-content element_1587187714568\"\r\n        id=\"\">\r\n        <div class=\"element element_1587187895341  title\">\r\n                    <a target=\"_blank\"\r\n                href=\"https:\/\/bio-medx.com\/en\/guide-dachat-comment-choisir-un-scanner-ct\/\">Guide d&#8217;achat : Comment choisir un scanner CT<\/a>\r\n            <\/div>\r\n    <div class=\"element element_1587187729822  excerpt\">\r\n        La tomodensitom\u00e9trie, commun\u00e9ment appel\u00e9e scanographie ou scanner CT, est une technique d'imagerie m\u00e9dicale qui utilise des rayons X pour obtenir            <\/div>\r\n            <a class=\"element element_1669213750154  read_more\"\r\n            target=\"_blank\"\r\n            href=\"https:\/\/bio-medx.com\/en\/guide-dachat-comment-choisir-un-scanner-ct\/\">Lire Plus<\/a>\r\n        <\/div>\r\n    <\/div>\n  <\/div><div class=\"item item-1629 skin flat even 2\">\n        <div class=\"layer-wrapper layout-889\">\n          <div class=\"layer-media element_1587187627902\"\r\n        id=\"\">\r\n        <div\r\n        class=\"element element_1669213772205  element-media\">\r\n        <a target=\"_self\" href=\"https:\/\/bio-medx.com\/en\/brizy-1629\/\"><img decoding=\"async\" src=\"https:\/\/bio-medx.com\/wp-content\/uploads\/brizy\/imgs\/USS-WS8AL40-US-26-0-2ynqhka5el296ybjppdz40-1391x743x654x0x555x743x1693541718.jpg\" \/><\/a>    <\/div>\r\n    <\/div>\r\n    <div class=\"layer-content element_1587187714568\"\r\n        id=\"\">\r\n        <div class=\"element element_1587187895341  title\">\r\n                    <a target=\"_blank\"\r\n                href=\"https:\/\/bio-medx.com\/en\/brizy-1629\/\">Guide d\u2019achat pour une machine \u00e0 ultrasons<\/a>\r\n            <\/div>\r\n    <div class=\"element element_1587187729822  excerpt\">\r\n        Guide d'achat pour une machine \u00e0 ultrasonsL'acquisition d'une machine \u00e0 ultrasons pour une installation m\u00e9dicale est une d\u00e9cision cruciale qui            <\/div>\r\n            <a class=\"element element_1669213750154  read_more\"\r\n            target=\"_blank\"\r\n            href=\"https:\/\/bio-medx.com\/en\/brizy-1629\/\">Lire Plus<\/a>\r\n        <\/div>\r\n    <\/div>\n  <\/div><div class=\"item item-568 skin flat odd 3\">\n        <div class=\"layer-wrapper layout-889\">\n          <div class=\"layer-media element_1587187627902\"\r\n        id=\"\">\r\n        <div\r\n        class=\"element element_1669213772205  element-media\">\r\n        <a target=\"_self\" href=\"https:\/\/bio-medx.com\/en\/comment-prevoir-la-duree-de-fonctionnement-de-son-tube-a-rayons-x\/\"><img decoding=\"async\" src=\"https:\/\/bio-medx.com\/wp-content\/uploads\/2022\/10\/31957565_1749826731797041_264613832754724864_n.jpg\" \/><\/a>    <\/div>\r\n    <\/div>\r\n    <div class=\"layer-content element_1587187714568\"\r\n        id=\"\">\r\n        <div class=\"element element_1587187895341  title\">\r\n                    <a target=\"_blank\"\r\n                href=\"https:\/\/bio-medx.com\/en\/comment-prevoir-la-duree-de-fonctionnement-de-son-tube-a-rayons-x\/\">Dur\u00e9e de vie d'un tube \u00e0 rayons X?<\/a>\r\n            <\/div>\r\n    <div class=\"element element_1587187729822  excerpt\">\r\n        Comment pr\u00e9voir la dur\u00e9e de fonctionnement de son tube \u00e0 rayons X?Le tube \u00e0 rayons X est l'un des composants            <\/div>\r\n            <a class=\"element element_1669213750154  read_more\"\r\n            target=\"_blank\"\r\n            href=\"https:\/\/bio-medx.com\/en\/comment-prevoir-la-duree-de-fonctionnement-de-son-tube-a-rayons-x\/\">Lire Plus<\/a>\r\n        <\/div>\r\n    <\/div>\n  <\/div><div class=\"item item-1153 skin flat even 4\">\n        <div class=\"layer-wrapper layout-889\">\n          <div class=\"layer-media element_1587187627902\"\r\n        id=\"\">\r\n        <div\r\n        class=\"element element_1669213772205  element-media\">\r\n        <a target=\"_self\" href=\"https:\/\/bio-medx.com\/en\/depannage-au-niveau-des-composants\/\"><img decoding=\"async\" width=\"300\" height=\"300\" src=\"https:\/\/bio-medx.com\/wp-content\/uploads\/2022\/11\/32191192_1754734444639603_2817026069708668928_n-300x300.jpg\" class=\"attachment-woocommerce_thumbnail size-woocommerce_thumbnail wp-post-image\" alt=\"\" \/><\/a>    <\/div>\r\n    <\/div>\r\n    <div class=\"layer-content element_1587187714568\"\r\n        id=\"\">\r\n        <div class=\"element element_1587187895341  title\">\r\n                    <a target=\"_blank\"\r\n                href=\"https:\/\/bio-medx.com\/en\/depannage-au-niveau-des-composants\/\">Depannage au niveau des composants<\/a>\r\n            <\/div>\r\n    <div class=\"element element_1587187729822  excerpt\">\r\n        S\u00fbrement la comp\u00e9tence la plus importante dans le domaine de la maintenance de nos appareils \u00e9lectroniques en g\u00e9n\u00e9ral : le            <\/div>\r\n            <a class=\"element element_1669213750154  read_more\"\r\n            target=\"_blank\"\r\n            href=\"https:\/\/bio-medx.com\/en\/depannage-au-niveau-des-composants\/\">Lire Plus<\/a>\r\n        <\/div>\r\n    <\/div>\n  <\/div>    <\/div>\n    <div class=\"pagination\">\n      <div class=\"paginate\">\n      <\/div>\n  <style type=\"text\/css\">\n    #post-grid-1137 .pagination .page-numbers {\n      font-size: 16px;\n      color: #fff;\n      background: #646464;\n    }\n\n    #post-grid-1137 .pagination .page-numbers:hover,\n    #post-grid-1137 .pagination .page-numbers.current {\n      background: #4b4b4b;\n    }\n  <\/style>\n  <\/div>\n        <style type=\"text\/css\">\r\n            .layout-889 .element_1587187627902 {\r\n                            }\r\n\r\n                    <\/style>\r\n        <style type=\"text\/css\">\r\n        .layout-889 .element_1669213772205 {\r\n            overflow: hidden;\r\n                    }\r\n\r\n        .layout-889 .element_1669213772205 img {\r\n            max-width: 100%;\r\n            height: auto;\r\n        }\r\n\r\n        @media only screen and (min-width: 1024px) {\r\n            .layout-889 .element_1669213772205 {\r\n                height: auto;\r\n                            }\r\n        }\r\n\r\n        @media only screen and (min-width: 768px) and (max-width: 1023px) {\r\n            .layout-889 .element_1669213772205 {\r\n                height: auto;\r\n                            }\r\n        }\r\n\r\n        @media only screen and (min-width: 0px) and (max-width: 767px) {\r\n            .layout-889 .element_1669213772205 {\r\n                height: auto;\r\n                            }\r\n        }\r\n    <\/style>\r\n        <style type=\"text\/css\">\r\n            .layout-889 .element_1587187714568 {\r\n                margin: 10px;\r\n                            }\r\n\r\n                    <\/style>\r\n        <style type=\"text\/css\">\r\n        .layout-889 .element_1587187895341 {\r\n            font-size: 18px;\r\n            margin: 5px 0px;\r\n            text-align: left;\r\n                    }\r\n\r\n        .layout-889 .element_1587187895341 a {\r\n            font-size: 18px;\r\n            margin: 5px 0px;\r\n            text-align: left;\r\n                    }\r\n    <\/style>\r\n    <style type=\"text\/css\">\r\n        .layout-889 .element_1587187729822 {\r\n            font-size: 13px;\r\n            margin: 0px 0px;\r\n            text-align: left;\r\n                    }\r\n\r\n        .layout-889 .element_1587187729822 a {\r\n            font-size: 13px;\r\n                    }\r\n    <\/style>\r\n    <style type=\"text\/css\">\r\n        .layout-889 .element_1669213750154 {\r\n            text-align: left;\r\n                    }\r\n\r\n        .layout-889 .element_1669213750154 a {\r\n                    }\r\n    <\/style>\r\n        <style type=\"text\/css\">\n      .layout-889 a{text-decoration:none}.layout-889{vertical-align:top}.layout-889 .layer-content{padding:10px}    <\/style>\n    <script>\n          <\/script>\n    <style type=\"text\/css\">\n    #post-grid-1137 {\n      padding: 10px;\n          }\n\n    #post-grid-1137 .item {\n      padding: 0px;\n      background: #fff;\n          }\n\n    #post-grid-1137 .item .layer-media {\n      height:auto;    }\n\n    @media only screen and (min-width: 0px) and (max-width: 767px) {\n      #post-grid-1137 .grid-items {\n        display: grid;\n        grid-template-columns: 1fr ;\n        column-gap: 10px;\n        row-gap: 10px;\n              }\n\n      #post-grid-1137 .item {\n        width: 1;\n        margin: 10px;\n        display: inline-block;\n        vertical-align: top;\n        height:auto;      }\n    }\n\n    @media only screen and (min-width: 768px) and (max-width: 1023px) {\n      #post-grid-1137 .grid-items {\n        display: grid;\n        grid-template-columns: 1fr 1fr ;\n        column-gap: 10px;\n        row-gap: 10px;\n              }\n\n      #post-grid-1137 .item {\n        width: 2;\n        margin: 10px;\n        display: inline-block;\n        vertical-align: top;\n        max-height:auto;      }\n    }\n\n    @media only screen and (min-width: 1024px) {\n      #post-grid-1137 .grid-items {\n        text-align: left;\n              }\n\n      #post-grid-1137 .item {\n        width: 25%;\n        display: inline-block;\n        margin: 10px;\n        vertical-align: top;\n        height:auto;      }\n    }\n\n      <\/style>\n  <\/div>","protected":false},"excerpt":{"rendered":"","protected":false},"author":1,"featured_media":0,"parent":0,"menu_order":0,"comment_status":"closed","ping_status":"closed","template":"","meta":{"footnotes":""},"class_list":["post-89","page","type-page","status-publish","hentry"],"yoast_head":"<!-- This site is optimized with the Yoast SEO plugin v27.4 - https:\/\/yoast.com\/product\/yoast-seo-wordpress\/ -->\n<title>Formations - Bio-MedX<\/title>\n<meta name=\"robots\" content=\"index, follow, max-snippet:-1, max-image-preview:large, max-video-preview:-1\" \/>\n<link rel=\"canonical\" href=\"https:\/\/bio-medx.com\/en\/formations\/\" \/>\n<meta property=\"og:locale\" content=\"en_US\" \/>\n<meta property=\"og:type\" content=\"article\" \/>\n<meta property=\"og:title\" content=\"Formations - Bio-MedX\" \/>\n<meta property=\"og:url\" content=\"https:\/\/bio-medx.com\/en\/formations\/\" \/>\n<meta property=\"og:site_name\" content=\"Bio-MedX\" \/>\n<meta property=\"article:publisher\" content=\"https:\/\/www.facebook.com\/biomedx99\" \/>\n<meta property=\"article:modified_time\" content=\"2022-11-24T09:24:37+00:00\" \/>\n<meta name=\"twitter:card\" content=\"summary_large_image\" \/>\n<script type=\"application\/ld+json\" class=\"yoast-schema-graph\">{\"@context\":\"https:\\\/\\\/schema.org\",\"@graph\":[{\"@type\":\"WebPage\",\"@id\":\"https:\\\/\\\/bio-medx.com\\\/formations\\\/\",\"url\":\"https:\\\/\\\/bio-medx.com\\\/formations\\\/\",\"name\":\"Formations - Bio-MedX\",\"isPartOf\":{\"@id\":\"https:\\\/\\\/bio-medx.com\\\/#website\"},\"datePublished\":\"2022-09-20T19:13:38+00:00\",\"dateModified\":\"2022-11-24T09:24:37+00:00\",\"breadcrumb\":{\"@id\":\"https:\\\/\\\/bio-medx.com\\\/formations\\\/#breadcrumb\"},\"inLanguage\":\"en-US\",\"potentialAction\":[{\"@type\":\"ReadAction\",\"target\":[\"https:\\\/\\\/bio-medx.com\\\/formations\\\/\"]}]},{\"@type\":\"BreadcrumbList\",\"@id\":\"https:\\\/\\\/bio-medx.com\\\/formations\\\/#breadcrumb\",\"itemListElement\":[{\"@type\":\"ListItem\",\"position\":1,\"name\":\"Accueil\",\"item\":\"https:\\\/\\\/bio-medx.com\\\/\"},{\"@type\":\"ListItem\",\"position\":2,\"name\":\"Formations\"}]},{\"@type\":\"WebSite\",\"@id\":\"https:\\\/\\\/bio-medx.com\\\/#website\",\"url\":\"https:\\\/\\\/bio-medx.com\\\/\",\"name\":\"Bio-MedX\",\"description\":\"Nous facillitons l&#039;achat, l&#039;installation et la maintenance d&#039;\u00e9quipement m\u00e9dicaux \u00e0 l&#039;\u00e9chelle mondiale.\",\"publisher\":{\"@id\":\"https:\\\/\\\/bio-medx.com\\\/#organization\"},\"potentialAction\":[{\"@type\":\"SearchAction\",\"target\":{\"@type\":\"EntryPoint\",\"urlTemplate\":\"https:\\\/\\\/bio-medx.com\\\/?s={search_term_string}\"},\"query-input\":{\"@type\":\"PropertyValueSpecification\",\"valueRequired\":true,\"valueName\":\"search_term_string\"}}],\"inLanguage\":\"en-US\"},{\"@type\":\"Organization\",\"@id\":\"https:\\\/\\\/bio-medx.com\\\/#organization\",\"name\":\"Bio-MedX\",\"url\":\"https:\\\/\\\/bio-medx.com\\\/\",\"logo\":{\"@type\":\"ImageObject\",\"inLanguage\":\"en-US\",\"@id\":\"https:\\\/\\\/bio-medx.com\\\/#\\\/schema\\\/logo\\\/image\\\/\",\"url\":\"https:\\\/\\\/bio-medx.com\\\/wp-content\\\/uploads\\\/2022\\\/09\\\/cropped-5.png\",\"contentUrl\":\"https:\\\/\\\/bio-medx.com\\\/wp-content\\\/uploads\\\/2022\\\/09\\\/cropped-5.png\",\"width\":250,\"height\":144,\"caption\":\"Bio-MedX\"},\"image\":{\"@id\":\"https:\\\/\\\/bio-medx.com\\\/#\\\/schema\\\/logo\\\/image\\\/\"},\"sameAs\":[\"https:\\\/\\\/www.facebook.com\\\/biomedx99\",\"https:\\\/\\\/www.linkedin.com\\\/company\\\/biomed-x\\\/\"]}]}<\/script>\n<!-- \/ Yoast SEO plugin. -->","yoast_head_json":{"title":"Formations - Bio-MedX","robots":{"index":"index","follow":"follow","max-snippet":"max-snippet:-1","max-image-preview":"max-image-preview:large","max-video-preview":"max-video-preview:-1"},"canonical":"https:\/\/bio-medx.com\/en\/formations\/","og_locale":"en_US","og_type":"article","og_title":"Formations - Bio-MedX","og_url":"https:\/\/bio-medx.com\/en\/formations\/","og_site_name":"Bio-MedX","article_publisher":"https:\/\/www.facebook.com\/biomedx99","article_modified_time":"2022-11-24T09:24:37+00:00","twitter_card":"summary_large_image","schema":{"@context":"https:\/\/schema.org","@graph":[{"@type":"WebPage","@id":"https:\/\/bio-medx.com\/formations\/","url":"https:\/\/bio-medx.com\/formations\/","name":"Formations - Bio-MedX","isPartOf":{"@id":"https:\/\/bio-medx.com\/#website"},"datePublished":"2022-09-20T19:13:38+00:00","dateModified":"2022-11-24T09:24:37+00:00","breadcrumb":{"@id":"https:\/\/bio-medx.com\/formations\/#breadcrumb"},"inLanguage":"en-US","potentialAction":[{"@type":"ReadAction","target":["https:\/\/bio-medx.com\/formations\/"]}]},{"@type":"BreadcrumbList","@id":"https:\/\/bio-medx.com\/formations\/#breadcrumb","itemListElement":[{"@type":"ListItem","position":1,"name":"Accueil","item":"https:\/\/bio-medx.com\/"},{"@type":"ListItem","position":2,"name":"Formations"}]},{"@type":"WebSite","@id":"https:\/\/bio-medx.com\/#website","url":"https:\/\/bio-medx.com\/","name":"Bio-MedX","description":"Nous facillitons l&#039;achat, l&#039;installation et la maintenance d&#039;\u00e9quipement m\u00e9dicaux \u00e0 l&#039;\u00e9chelle mondiale.","publisher":{"@id":"https:\/\/bio-medx.com\/#organization"},"potentialAction":[{"@type":"SearchAction","target":{"@type":"EntryPoint","urlTemplate":"https:\/\/bio-medx.com\/?s={search_term_string}"},"query-input":{"@type":"PropertyValueSpecification","valueRequired":true,"valueName":"search_term_string"}}],"inLanguage":"en-US"},{"@type":"Organization","@id":"https:\/\/bio-medx.com\/#organization","name":"Bio-MedX","url":"https:\/\/bio-medx.com\/","logo":{"@type":"ImageObject","inLanguage":"en-US","@id":"https:\/\/bio-medx.com\/#\/schema\/logo\/image\/","url":"https:\/\/bio-medx.com\/wp-content\/uploads\/2022\/09\/cropped-5.png","contentUrl":"https:\/\/bio-medx.com\/wp-content\/uploads\/2022\/09\/cropped-5.png","width":250,"height":144,"caption":"Bio-MedX"},"image":{"@id":"https:\/\/bio-medx.com\/#\/schema\/logo\/image\/"},"sameAs":["https:\/\/www.facebook.com\/biomedx99","https:\/\/www.linkedin.com\/company\/biomed-x\/"]}]}},"brizy_media":[],"_links":{"self":[{"href":"https:\/\/bio-medx.com\/en\/wp-json\/wp\/v2\/pages\/89","targetHints":{"allow":["GET"]}}],"collection":[{"href":"https:\/\/bio-medx.com\/en\/wp-json\/wp\/v2\/pages"}],"about":[{"href":"https:\/\/bio-medx.com\/en\/wp-json\/wp\/v2\/types\/page"}],"author":[{"embeddable":true,"href":"https:\/\/bio-medx.com\/en\/wp-json\/wp\/v2\/users\/1"}],"replies":[{"embeddable":true,"href":"https:\/\/bio-medx.com\/en\/wp-json\/wp\/v2\/comments?post=89"}],"version-history":[{"count":3,"href":"https:\/\/bio-medx.com\/en\/wp-json\/wp\/v2\/pages\/89\/revisions"}],"predecessor-version":[{"id":1160,"href":"https:\/\/bio-medx.com\/en\/wp-json\/wp\/v2\/pages\/89\/revisions\/1160"}],"wp:attachment":[{"href":"https:\/\/bio-medx.com\/en\/wp-json\/wp\/v2\/media?parent=89"}],"curies":[{"name":"wp","href":"https:\/\/api.w.org\/{rel}","templated":true}]}}