{"id":64,"date":"2022-09-20T19:04:53","date_gmt":"2022-09-20T19:04:53","guid":{"rendered":"https:\/\/bio-medx.com\/?page_id=64"},"modified":"2026-04-07T11:47:39","modified_gmt":"2026-04-07T11:47:39","slug":"sav-360","status":"publish","type":"page","link":"https:\/\/bio-medx.com\/en\/sav-360\/","title":{"rendered":"SAV 360\u00b0"},"content":{"rendered":"<div class=\"brz-root__container brz-reset-all brz brz-root__container-page\">\n<section id=\"_okubeukalctfgtvsfnfqznsrttlxwvskcoxe\" class=\"brz-section brz-css-kim77l\">\n<div class=\"brz-section__content brz-section--boxed brz-css-izwjr9\" data-brz-custom-id=\"mroizcwmyrjdafdaxbwuiygxqpaphueufrwk\">\n<div class=\"brz-container brz-css-1b811qk brz-css-hm7ap4\">\n<div class=\"brz-row__container brz-css-1yv0ird\" data-brz-custom-id=\"vnmiychmopqorczzlokchabnhaipyynsqanz\">\n<div class=\"brz-bg\"><\/div>\n<div class=\"brz-row brz-css-w4efxt brz-css-15s6xyv\">\n<div class=\"brz-columns brz-css-126dr7q brz-css-1wndm37\" data-brz-custom-id=\"ookcpaabpdluimctastygvermqyscbmpshso\">\n<div class=\"brz-bg\"><\/div>\n<div class=\"brz-column__items brz-css-f6in48 brz-css-407amn\">\n<div id=\"\" class=\"brz-css-15ql0e brz-wrapper\">\n<div class=\"brz-image brz-css-1jagx64 brz-css-1qvofk3\" data-brz-custom-id=\"opuzuamnttvbyhebnywwesqzeiksivvmfzpb\"><img decoding=\"async\" class=\"brz-img\" src=\"https:\/\/bio-medx.com\/wp-content\/uploads\/brizy\/imgs\/PPL_AW_Healthcare_HTM_MRI_Maintenance-478x313x0x22x478x269x1669332021.jpg\" alt=\"\" loading=\"lazy\"><\/div>\n<\/div>\n<\/div>\n<\/div>\n<div class=\"brz-columns brz-css-126dr7q brz-css-vphu0x\" data-brz-custom-id=\"argflaxyezotytplbouqwhybbtixrxcjtwwx\">\n<div class=\"brz-bg\"><\/div>\n<div class=\"brz-column__items brz-css-f6in48 brz-css-t3p3d3\">\n<div id=\"\" class=\"brz-css-15ql0e brz-wrapper\">\n<div class=\"brz-rich-text brz-rich-text__custom brz-css-13s3gey\" data-brz-custom-id=\"vfhkespsxyejkhbzzjwtgieyrddnkisirmre\">\n<div data-brz-translate-text=\"1\">\n<h4 class=\"brz-tp-lg-heading4 brz-css-xhFe5\" data-uniq-id=\"uslak\" data-generated-css=\"brz-css-syvxe\"><span class=\"brz-cp-color2\">Nous couvrons vos arrieres<\/span><\/h4>\n<\/div>\n<\/div>\n<\/div>\n<div id=\"\" class=\"brz-css-15ql0e brz-wrapper\">\n<div class=\"brz-rich-text brz-rich-text__custom brz-css-13s3gey\" data-brz-custom-id=\"qjwiahvjwmlamwallzormywbvaltcouhzuyb\">\n<div data-brz-translate-text=\"1\">\n<p class=\"brz-tp-lg-paragraph brz-css-wnlec\" data-generated-css=\"brz-css-vdpzd\" data-uniq-id=\"fmxww\"><span class=\"brz-cp-color7\">Tout responsable d&rsquo;infrastructure hopsitaliere d&rsquo;un autre \u00e9tablissement m\u00e9dical admet l&rsquo;importance de garder votre \u00e9quipement m\u00e9dical en bon \u00e9tat. Il est beaucoup trop cher d&rsquo;acheter de nouveaux \u00e9quipements lorsque ce que vous avez tombe en panne, mais rien ne dure \u00e9ternellement et les pannes sont in\u00e9vitables. C&rsquo;est pourquoi vous avez besoin d&rsquo;un service de r\u00e9paration de mat\u00e9riel m\u00e9dical digne de confiance.<\/span><\/p>\n<\/div>\n<\/div>\n<\/div>\n<\/div>\n<\/div>\n<\/div>\n<\/div>\n<div id=\"\" class=\"brz-css-15ql0e brz-css-rpydm1 brz-wrapper\">\n<div class=\"brz-spacer brz-css-en2hib brz-css-186huy7\"><\/div>\n<\/div>\n<div class=\"brz-row__container brz-css-1yv0ird brz-css-10jyzjl\" data-brz-custom-id=\"dlcnxihbmyvyrpcazgxzvfodklpxjwtdabrp\">\n<div class=\"brz-bg\"><\/div>\n<div class=\"brz-row brz-css-w4efxt brz-css-15s6xyv\">\n<div class=\"brz-columns brz-css-126dr7q brz-css-1v8d15z\" data-brz-custom-id=\"ftbwscnlupnidzzjyljmbyewrwzgxjlknwhx\">\n<div class=\"brz-column__items brz-css-f6in48 brz-css-11wpwa1\">\n<div id=\"\" class=\"brz-css-15ql0e brz-wrapper\">\n<div class=\"brz-rich-text brz-rich-text__custom brz-css-13s3gey\" data-brz-custom-id=\"fnmooblecsfzhootlbysfinsizmzvbezwdvi\">\n<div data-brz-translate-text=\"1\">\n<h4 class=\"brz-tp-lg-heading4 brz-css-yxHho\" data-uniq-id=\"adoel\" data-generated-css=\"brz-css-bdtuq\"><span class=\"brz-cp-color2\">Nos avantages<\/span><\/h4>\n<\/div>\n<\/div>\n<\/div>\n<div id=\"\" class=\"brz-css-15ql0e brz-wrapper\">\n<div class=\"brz-rich-text brz-rich-text__custom brz-css-13s3gey\" data-brz-custom-id=\"adcblfkdawktqfnxixzmazgxnvvfsecehtnc\">\n<div data-brz-translate-text=\"1\">\n<p class=\"brz-tp-lg-paragraph brz-css-hVRJ1\" data-uniq-id=\"jmdtp\" data-generated-css=\"brz-css-ahthm\"><span class=\"brz-cp-color7\">Les fabricants d&rsquo;\u00e9quipement d&rsquo;origine (OEM) ont des politiques et des cultures d&rsquo;entreprise strictes qui les rendent moins flexibles. Pour palier a cela, Bio-MedX propose un service flexible et individualis\u00e9 en plus de notre service technique lqui interagit directement avec les equipementiers pour une resoluation rapide tout probleme.<\/span><\/p>\n<p class=\"brz-tp-lg-paragraph brz-css-aYkry\" data-uniq-id=\"mhnpo\" data-generated-css=\"brz-css-nxxog\"><span class=\"brz-cp-color7\"> \u00catre ind\u00e9pendant de la marque offre aux acheteurs une grande commodit\u00e9 et un acc\u00e8s \u00e0 un large \u00e9ventail de produits de haute qualit\u00e9 couvrant une vari\u00e9t\u00e9 de sp\u00e9cialit\u00e9s.<\/span><\/p>\n<\/div>\n<\/div>\n<\/div>\n<\/div>\n<\/div>\n<div class=\"brz-columns brz-css-126dr7q brz-css-uyj2j2\" data-brz-custom-id=\"vbawktpymqnlqehbtkfjiinhcxryxcbwjgqj\">\n<div class=\"brz-column__items brz-css-f6in48 brz-css-16cx58g\">\n<div id=\"\" class=\"brz-css-15ql0e brz-wrapper\">\n<div class=\"brz-image brz-css-1b7uomk brz-css-t29syi\" data-brz-custom-id=\"hxvjhpdhdwiyoooyueobcywjuweletmarfny\"><img decoding=\"async\" class=\"brz-img\" src=\"https:\/\/bio-medx.com\/wp-content\/uploads\/brizy\/imgs\/ct-scanner-service-plan-options-562x294x18x0x527x294x1669332242.webp\" alt=\"\" loading=\"lazy\"><\/div>\n<\/div>\n<\/div>\n<\/div>\n<\/div>\n<\/div>\n<\/div>\n<\/div>\n<\/section>\n<\/div>\n<p>    <!-- version:1737025401 --><\/p>","protected":false},"excerpt":{"rendered":"<p>Nous couvrons vos arrieres Tout responsable d&rsquo;infrastructure hopsitaliere d&rsquo;un autre \u00e9tablissement m\u00e9dical admet l&rsquo;importance de garder votre \u00e9quipement m\u00e9dical en bon \u00e9tat. Il est beaucoup trop cher d&rsquo;acheter de nouveaux \u00e9quipements lorsque ce que vous avez tombe en panne, mais rien ne dure \u00e9ternellement et les pannes sont in\u00e9vitables. C&rsquo;est pourquoi vous avez besoin d&rsquo;un [&hellip;]<\/p>\n","protected":false},"author":1,"featured_media":0,"parent":0,"menu_order":0,"comment_status":"closed","ping_status":"closed","template":"","meta":{"footnotes":""},"class_list":["post-64","page","type-page","status-publish","hentry"],"yoast_head":"<!-- This site is optimized with the Yoast SEO plugin v27.4 - https:\/\/yoast.com\/product\/yoast-seo-wordpress\/ -->\n<title>SAV 360\u00b0 - Bio-MedX<\/title>\n<meta name=\"robots\" content=\"index, follow, max-snippet:-1, max-image-preview:large, max-video-preview:-1\" \/>\n<link rel=\"canonical\" href=\"https:\/\/bio-medx.com\/en\/sav-360\/\" \/>\n<meta property=\"og:locale\" content=\"en_US\" \/>\n<meta property=\"og:type\" content=\"article\" \/>\n<meta property=\"og:title\" content=\"SAV 360\u00b0 - Bio-MedX\" \/>\n<meta property=\"og:description\" content=\"Nous couvrons vos arrieres Tout responsable d&rsquo;infrastructure hopsitaliere d&rsquo;un autre \u00e9tablissement m\u00e9dical admet l&rsquo;importance de garder votre \u00e9quipement m\u00e9dical en bon \u00e9tat. Il est beaucoup trop cher d&rsquo;acheter de nouveaux \u00e9quipements lorsque ce que vous avez tombe en panne, mais rien ne dure \u00e9ternellement et les pannes sont in\u00e9vitables. C&rsquo;est pourquoi vous avez besoin d&rsquo;un [&hellip;]\" \/>\n<meta property=\"og:url\" content=\"https:\/\/bio-medx.com\/en\/sav-360\/\" \/>\n<meta property=\"og:site_name\" content=\"Bio-MedX\" \/>\n<meta property=\"article:publisher\" content=\"https:\/\/www.facebook.com\/biomedx99\" \/>\n<meta property=\"article:modified_time\" content=\"2026-04-07T11:47:39+00:00\" \/>\n<meta property=\"og:image\" content=\"https:\/\/bio-medx.com\/wp-content\/uploads\/brizy\/imgs\/PPL_AW_Healthcare_HTM_MRI_Maintenance-478x313x0x22x478x269x1669332021.jpg\" \/>\n<meta name=\"twitter:card\" content=\"summary_large_image\" \/>\n<meta name=\"twitter:label1\" content=\"Est. reading time\" \/>\n\t<meta name=\"twitter:data1\" content=\"1 minute\" \/>\n<script type=\"application\/ld+json\" class=\"yoast-schema-graph\">{\"@context\":\"https:\\\/\\\/schema.org\",\"@graph\":[{\"@type\":\"WebPage\",\"@id\":\"https:\\\/\\\/bio-medx.com\\\/en\\\/sav-360\\\/\",\"url\":\"https:\\\/\\\/bio-medx.com\\\/en\\\/sav-360\\\/\",\"name\":\"SAV 360\u00b0 - Bio-MedX\",\"isPartOf\":{\"@id\":\"https:\\\/\\\/bio-medx.com\\\/#website\"},\"primaryImageOfPage\":{\"@id\":\"https:\\\/\\\/bio-medx.com\\\/en\\\/sav-360\\\/#primaryimage\"},\"image\":{\"@id\":\"https:\\\/\\\/bio-medx.com\\\/en\\\/sav-360\\\/#primaryimage\"},\"thumbnailUrl\":\"https:\\\/\\\/bio-medx.com\\\/wp-content\\\/uploads\\\/brizy\\\/imgs\\\/PPL_AW_Healthcare_HTM_MRI_Maintenance-478x313x0x22x478x269x1669332021.jpg\",\"datePublished\":\"2022-09-20T19:04:53+00:00\",\"dateModified\":\"2026-04-07T11:47:39+00:00\",\"breadcrumb\":{\"@id\":\"https:\\\/\\\/bio-medx.com\\\/en\\\/sav-360\\\/#breadcrumb\"},\"inLanguage\":\"en-US\",\"potentialAction\":[{\"@type\":\"ReadAction\",\"target\":[\"https:\\\/\\\/bio-medx.com\\\/en\\\/sav-360\\\/\"]}]},{\"@type\":\"ImageObject\",\"inLanguage\":\"en-US\",\"@id\":\"https:\\\/\\\/bio-medx.com\\\/en\\\/sav-360\\\/#primaryimage\",\"url\":\"https:\\\/\\\/bio-medx.com\\\/wp-content\\\/uploads\\\/brizy\\\/imgs\\\/PPL_AW_Healthcare_HTM_MRI_Maintenance-478x313x0x22x478x269x1669332021.jpg\",\"contentUrl\":\"https:\\\/\\\/bio-medx.com\\\/wp-content\\\/uploads\\\/brizy\\\/imgs\\\/PPL_AW_Healthcare_HTM_MRI_Maintenance-478x313x0x22x478x269x1669332021.jpg\"},{\"@type\":\"BreadcrumbList\",\"@id\":\"https:\\\/\\\/bio-medx.com\\\/en\\\/sav-360\\\/#breadcrumb\",\"itemListElement\":[{\"@type\":\"ListItem\",\"position\":1,\"name\":\"Accueil\",\"item\":\"https:\\\/\\\/bio-medx.com\\\/\"},{\"@type\":\"ListItem\",\"position\":2,\"name\":\"SAV 360\u00b0\"}]},{\"@type\":\"WebSite\",\"@id\":\"https:\\\/\\\/bio-medx.com\\\/#website\",\"url\":\"https:\\\/\\\/bio-medx.com\\\/\",\"name\":\"Bio-MedX\",\"description\":\"Nous facillitons l&#039;achat, l&#039;installation et la maintenance d&#039;\u00e9quipement m\u00e9dicaux \u00e0 l&#039;\u00e9chelle mondiale.\",\"publisher\":{\"@id\":\"https:\\\/\\\/bio-medx.com\\\/#organization\"},\"potentialAction\":[{\"@type\":\"SearchAction\",\"target\":{\"@type\":\"EntryPoint\",\"urlTemplate\":\"https:\\\/\\\/bio-medx.com\\\/?s={search_term_string}\"},\"query-input\":{\"@type\":\"PropertyValueSpecification\",\"valueRequired\":true,\"valueName\":\"search_term_string\"}}],\"inLanguage\":\"en-US\"},{\"@type\":\"Organization\",\"@id\":\"https:\\\/\\\/bio-medx.com\\\/#organization\",\"name\":\"Bio-MedX\",\"url\":\"https:\\\/\\\/bio-medx.com\\\/\",\"logo\":{\"@type\":\"ImageObject\",\"inLanguage\":\"en-US\",\"@id\":\"https:\\\/\\\/bio-medx.com\\\/#\\\/schema\\\/logo\\\/image\\\/\",\"url\":\"https:\\\/\\\/bio-medx.com\\\/wp-content\\\/uploads\\\/2022\\\/09\\\/cropped-5.png\",\"contentUrl\":\"https:\\\/\\\/bio-medx.com\\\/wp-content\\\/uploads\\\/2022\\\/09\\\/cropped-5.png\",\"width\":250,\"height\":144,\"caption\":\"Bio-MedX\"},\"image\":{\"@id\":\"https:\\\/\\\/bio-medx.com\\\/#\\\/schema\\\/logo\\\/image\\\/\"},\"sameAs\":[\"https:\\\/\\\/www.facebook.com\\\/biomedx99\",\"https:\\\/\\\/www.linkedin.com\\\/company\\\/biomed-x\\\/\"]}]}<\/script>\n<!-- \/ Yoast SEO plugin. -->","yoast_head_json":{"title":"SAV 360\u00b0 - Bio-MedX","robots":{"index":"index","follow":"follow","max-snippet":"max-snippet:-1","max-image-preview":"max-image-preview:large","max-video-preview":"max-video-preview:-1"},"canonical":"https:\/\/bio-medx.com\/en\/sav-360\/","og_locale":"en_US","og_type":"article","og_title":"SAV 360\u00b0 - Bio-MedX","og_description":"Nous couvrons vos arrieres Tout responsable d&rsquo;infrastructure hopsitaliere d&rsquo;un autre \u00e9tablissement m\u00e9dical admet l&rsquo;importance de garder votre \u00e9quipement m\u00e9dical en bon \u00e9tat. Il est beaucoup trop cher d&rsquo;acheter de nouveaux \u00e9quipements lorsque ce que vous avez tombe en panne, mais rien ne dure \u00e9ternellement et les pannes sont in\u00e9vitables. C&rsquo;est pourquoi vous avez besoin d&rsquo;un [&hellip;]","og_url":"https:\/\/bio-medx.com\/en\/sav-360\/","og_site_name":"Bio-MedX","article_publisher":"https:\/\/www.facebook.com\/biomedx99","article_modified_time":"2026-04-07T11:47:39+00:00","og_image":[{"url":"https:\/\/bio-medx.com\/wp-content\/uploads\/brizy\/imgs\/PPL_AW_Healthcare_HTM_MRI_Maintenance-478x313x0x22x478x269x1669332021.jpg","type":"","width":"","height":""}],"twitter_card":"summary_large_image","twitter_misc":{"Est. reading time":"1 minute"},"schema":{"@context":"https:\/\/schema.org","@graph":[{"@type":"WebPage","@id":"https:\/\/bio-medx.com\/en\/sav-360\/","url":"https:\/\/bio-medx.com\/en\/sav-360\/","name":"SAV 360\u00b0 - Bio-MedX","isPartOf":{"@id":"https:\/\/bio-medx.com\/#website"},"primaryImageOfPage":{"@id":"https:\/\/bio-medx.com\/en\/sav-360\/#primaryimage"},"image":{"@id":"https:\/\/bio-medx.com\/en\/sav-360\/#primaryimage"},"thumbnailUrl":"https:\/\/bio-medx.com\/wp-content\/uploads\/brizy\/imgs\/PPL_AW_Healthcare_HTM_MRI_Maintenance-478x313x0x22x478x269x1669332021.jpg","datePublished":"2022-09-20T19:04:53+00:00","dateModified":"2026-04-07T11:47:39+00:00","breadcrumb":{"@id":"https:\/\/bio-medx.com\/en\/sav-360\/#breadcrumb"},"inLanguage":"en-US","potentialAction":[{"@type":"ReadAction","target":["https:\/\/bio-medx.com\/en\/sav-360\/"]}]},{"@type":"ImageObject","inLanguage":"en-US","@id":"https:\/\/bio-medx.com\/en\/sav-360\/#primaryimage","url":"https:\/\/bio-medx.com\/wp-content\/uploads\/brizy\/imgs\/PPL_AW_Healthcare_HTM_MRI_Maintenance-478x313x0x22x478x269x1669332021.jpg","contentUrl":"https:\/\/bio-medx.com\/wp-content\/uploads\/brizy\/imgs\/PPL_AW_Healthcare_HTM_MRI_Maintenance-478x313x0x22x478x269x1669332021.jpg"},{"@type":"BreadcrumbList","@id":"https:\/\/bio-medx.com\/en\/sav-360\/#breadcrumb","itemListElement":[{"@type":"ListItem","position":1,"name":"Accueil","item":"https:\/\/bio-medx.com\/"},{"@type":"ListItem","position":2,"name":"SAV 360\u00b0"}]},{"@type":"WebSite","@id":"https:\/\/bio-medx.com\/#website","url":"https:\/\/bio-medx.com\/","name":"Bio-MedX","description":"Nous facillitons l&#039;achat, l&#039;installation et la maintenance d&#039;\u00e9quipement m\u00e9dicaux \u00e0 l&#039;\u00e9chelle mondiale.","publisher":{"@id":"https:\/\/bio-medx.com\/#organization"},"potentialAction":[{"@type":"SearchAction","target":{"@type":"EntryPoint","urlTemplate":"https:\/\/bio-medx.com\/?s={search_term_string}"},"query-input":{"@type":"PropertyValueSpecification","valueRequired":true,"valueName":"search_term_string"}}],"inLanguage":"en-US"},{"@type":"Organization","@id":"https:\/\/bio-medx.com\/#organization","name":"Bio-MedX","url":"https:\/\/bio-medx.com\/","logo":{"@type":"ImageObject","inLanguage":"en-US","@id":"https:\/\/bio-medx.com\/#\/schema\/logo\/image\/","url":"https:\/\/bio-medx.com\/wp-content\/uploads\/2022\/09\/cropped-5.png","contentUrl":"https:\/\/bio-medx.com\/wp-content\/uploads\/2022\/09\/cropped-5.png","width":250,"height":144,"caption":"Bio-MedX"},"image":{"@id":"https:\/\/bio-medx.com\/#\/schema\/logo\/image\/"},"sameAs":["https:\/\/www.facebook.com\/biomedx99","https:\/\/www.linkedin.com\/company\/biomed-x\/"]}]}},"brizy_media":[{"id":1189,"url":"https:\/\/bio-medx.com\/wp-content\/uploads\/2022\/11\/PPL_AW_Healthcare_HTM_MRI_Maintenance.jpg","name":"PPL_AW_Healthcare_HTM_MRI_Maintenance.jpg","meta":{"brizy_attachment_uid":"wp-9d114921f34b4ee05978d389300cf0c4.jpg","brizy_post_uid":["2bf286114982ba52af8d150c1cfee34b"]}},{"id":1190,"url":"https:\/\/bio-medx.com\/wp-content\/uploads\/2022\/11\/images.jpg","name":"images.jpg","meta":{"brizy_attachment_uid":"wp-bd58a431a9cac732fe592fdc2d4b3afd.jpg","brizy_post_uid":["2bf286114982ba52af8d150c1cfee34b"]}},{"id":1191,"url":"https:\/\/bio-medx.com\/wp-content\/uploads\/2022\/11\/0_0_376_375_Mantenimiento-informatico-empresas.jpg","name":"0_0_376_375_Mantenimiento-informatico-empresas.jpg","meta":{"brizy_attachment_uid":"wp-e87daec49d315431d0cd16162bf4de66.jpg","brizy_post_uid":["2bf286114982ba52af8d150c1cfee34b","6505f78402fbee5577e9798598aba9fb"]}},{"id":1192,"url":"https:\/\/bio-medx.com\/wp-content\/uploads\/2022\/11\/ct-scanner-service-plan-options.webp","name":"ct-scanner-service-plan-options.webp","meta":{"brizy_attachment_uid":"wp-632afbc84d8ed5b45e0f679986e538d1.webp","brizy_post_uid":["2bf286114982ba52af8d150c1cfee34b","6505f78402fbee5577e9798598aba9fb"]}}],"_links":{"self":[{"href":"https:\/\/bio-medx.com\/en\/wp-json\/wp\/v2\/pages\/64","targetHints":{"allow":["GET"]}}],"collection":[{"href":"https:\/\/bio-medx.com\/en\/wp-json\/wp\/v2\/pages"}],"about":[{"href":"https:\/\/bio-medx.com\/en\/wp-json\/wp\/v2\/types\/page"}],"author":[{"embeddable":true,"href":"https:\/\/bio-medx.com\/en\/wp-json\/wp\/v2\/users\/1"}],"replies":[{"embeddable":true,"href":"https:\/\/bio-medx.com\/en\/wp-json\/wp\/v2\/comments?post=64"}],"version-history":[{"count":19,"href":"https:\/\/bio-medx.com\/en\/wp-json\/wp\/v2\/pages\/64\/revisions"}],"predecessor-version":[{"id":1295,"href":"https:\/\/bio-medx.com\/en\/wp-json\/wp\/v2\/pages\/64\/revisions\/1295"}],"wp:attachment":[{"href":"https:\/\/bio-medx.com\/en\/wp-json\/wp\/v2\/media?parent=64"}],"curies":[{"name":"wp","href":"https:\/\/api.w.org\/{rel}","templated":true}]}}