{"id":62,"date":"2022-09-20T19:03:31","date_gmt":"2022-09-20T19:03:31","guid":{"rendered":"https:\/\/bio-medx.com\/?page_id=62"},"modified":"2026-04-07T08:45:28","modified_gmt":"2026-04-07T08:45:28","slug":"installation","status":"publish","type":"page","link":"https:\/\/bio-medx.com\/en\/installation\/","title":{"rendered":"Installation"},"content":{"rendered":"<div class=\"brz-root__container brz-reset-all brz brz-root__container-page\">\n<section id=\"_qpqpmesygphlhkwspuhzwlwfghooyrfcdfbf\" class=\"brz-section brz-css-4eg1wf\">\n<div class=\"brz-section__content brz-section--boxed brz-css-o3k961 brz-css-1n58il8\" data-brz-custom-id=\"kpecxjseybeqaajlxxmevpyjjzpucgezboyz\">\n<div class=\"brz-bg\">\n<div class=\"brz-bg-image\"><\/div>\n<\/div>\n<div class=\"brz-container brz-css-13vj2it brz-css-1lbhr8o\">\n<div id=\"\" class=\"brz-css-l2wfgu brz-wrapper\">\n<div class=\"brz-rich-text brz-rich-text__custom brz-css-13pkimc\" data-brz-custom-id=\"nxapkmiefinsnjhhdbvltuobeqmqtsexdffn\">\n<div data-brz-translate-text=\"1\">\n<h2 class=\"brz-tp-lg-heading2 brz-text-lg-center brz-css-swhmD\" data-generated-css=\"brz-css-cclbq\" data-uniq-id=\"faydc\"><span class=\"brz-cp-color2\">Installation d&rsquo;\u00e9quipements m\u00e9dicaux de pointe<\/span><\/h2>\n<\/div>\n<\/div>\n<\/div>\n<div id=\"\" class=\"brz-css-l2wfgu brz-css-1l5e8h0 brz-wrapper\">\n<div class=\"brz-rich-text brz-rich-text__custom brz-css-13pkimc\" data-brz-custom-id=\"vinabofukyszbgftmglnlkstyyfxghloltim\">\n<div data-brz-translate-text=\"1\">\n<ul>\n<li data-generated-css=\"brz-css-lstcg\" data-uniq-id=\"shgew\" class=\"brz-tp-lg-subtitle brz-text-lg-justify brz-bcp-color7 brz-css-tPig6\"><span class=\"brz-cp-color7\">Apr\u00e8s avoir d\u00e9termin\u00e9 quel \u00e9quipement d&rsquo;imagerie m\u00e9dicale convient le mieux \u00e0 votre cabinet, clinique, \u00e9tablissement ou h\u00f4pital, il est tout aussi important de prendre en compte la taille, les sp\u00e9cifications et la logistique entourant l&rsquo;installation de votre nouvel \u00e9quipement de diagnostic. Chez BiomedX, l&rsquo;exp\u00e9rience nous a appris que la planification pr\u00e9alable \u00e9vite beaucoup de chagrin. Par exemple, nous connaissons un m\u00e9decin qui a achet\u00e9 le C-Arm parfait pour son cabinet, seulement pour d\u00e9couvrir qu&rsquo;il ne rentre pas dans la pi\u00e8ce pour laquelle il l&rsquo;a achet\u00e9&nbsp;!<\/span><\/li>\n<li data-generated-css=\"brz-css-lzbcc\" data-uniq-id=\"uqtkw\" class=\"brz-tp-lg-subtitle brz-text-lg-justify brz-css-aARIy\"><\/li>\n<li class=\"brz-tp-lg-subtitle brz-text-lg-justify brz-bcp-color7 brz-css-ezJ4O\" data-generated-css=\"brz-css-lbhhl\" data-uniq-id=\"grqhz\"><span class=\"brz-cp-color7\">Il existe tellement de types de syst\u00e8mes d&rsquo;imagerie m\u00e9dicale &#8211; certains sont compacts et d&rsquo;autres \u00e9normes. Cependant, chacun n\u00e9cessite une pr\u00e9paration pr\u00e9alable avant l&rsquo;installation. Voici quelques points \u00e0 garder \u00e0 l&rsquo;esprit lors de la pr\u00e9paration de l&rsquo;installation d&rsquo;un \u00e9quipement d&rsquo;imagerie m\u00e9dicale comme un TEP\/TDM, une IRM, un scanner, un C-Arm ou une machine de mammographie.<\/span><\/li>\n<\/ul>\n<\/div>\n<\/div>\n<\/div>\n<div id=\"\" class=\"brz-css-l2wfgu brz-css-qm6mph brz-css-8y2mh9 brz-wrapper\">\n<div class=\"brz-spacer brz-css-1p96icu brz-css-ezlwu7\"><\/div>\n<\/div>\n<div id=\"\" class=\"brz-css-l2wfgu brz-css-q022fd brz-wrapper\">\n<div class=\"brz-video brz-youtube-video brz-video-on-controls-hidden brz-css-1fhx9zr brz-css-1dn6vty\" data-brz-custom-id=\"zquauaktbjsdmpvweziddfdknjdidnuszekh\">\n<div class=\"brz-video-content\" data-loop=\"false\" data-muted=\"false\" data-autoplay=\"off\">\n<div class=\"video-wrapper brz-image-fix-16-9\">\n<div class=\"brz-video-data brz-hidden\" data-src=\"https:\/\/www.youtube.com\/embed\/6uaUSm89HTM?autoplay=0&amp;controls=1&amp;start=0&amp;end=0&amp;modestbranding=0&amp;wmode=transparent&amp;enablejsapi=1&amp;loop=0&amp;rel=0&amp;mute=0\" data-population=\"\" data-controls=\"true\" data-branding=\"true\" data-intro=\"true\" data-start=\"0\" data-end=\"0\" data-loop=\"false\" data-autoplay=\"off\"><\/div>\n<\/div>\n<\/div>\n<\/div>\n<\/div>\n<\/div>\n<\/div>\n<\/section>\n<\/div>\n<p>    <!-- version:1737019265 --><\/p>","protected":false},"excerpt":{"rendered":"<p>Installation d&rsquo;\u00e9quipements m\u00e9dicaux de pointe Apr\u00e8s avoir d\u00e9termin\u00e9 quel \u00e9quipement d&rsquo;imagerie m\u00e9dicale convient le mieux \u00e0 votre cabinet, clinique, \u00e9tablissement ou h\u00f4pital, il est tout aussi important de prendre en compte la taille, les sp\u00e9cifications et la logistique entourant l&rsquo;installation de votre nouvel \u00e9quipement de diagnostic. Chez BiomedX, l&rsquo;exp\u00e9rience nous a appris que la planification [&hellip;]<\/p>\n","protected":false},"author":1,"featured_media":0,"parent":0,"menu_order":0,"comment_status":"closed","ping_status":"closed","template":"","meta":{"footnotes":""},"class_list":["post-62","page","type-page","status-publish","hentry"],"yoast_head":"<!-- This site is optimized with the Yoast SEO plugin v27.4 - https:\/\/yoast.com\/product\/yoast-seo-wordpress\/ -->\n<title>Installation - Bio-MedX<\/title>\n<meta name=\"robots\" content=\"index, follow, max-snippet:-1, max-image-preview:large, max-video-preview:-1\" \/>\n<link rel=\"canonical\" href=\"https:\/\/bio-medx.com\/en\/installation\/\" \/>\n<meta property=\"og:locale\" content=\"en_US\" \/>\n<meta property=\"og:type\" content=\"article\" \/>\n<meta property=\"og:title\" content=\"Installation - Bio-MedX\" \/>\n<meta property=\"og:description\" content=\"Installation d&rsquo;\u00e9quipements m\u00e9dicaux de pointe Apr\u00e8s avoir d\u00e9termin\u00e9 quel \u00e9quipement d&rsquo;imagerie m\u00e9dicale convient le mieux \u00e0 votre cabinet, clinique, \u00e9tablissement ou h\u00f4pital, il est tout aussi important de prendre en compte la taille, les sp\u00e9cifications et la logistique entourant l&rsquo;installation de votre nouvel \u00e9quipement de diagnostic. Chez BiomedX, l&rsquo;exp\u00e9rience nous a appris que la planification [&hellip;]\" \/>\n<meta property=\"og:url\" content=\"https:\/\/bio-medx.com\/en\/installation\/\" \/>\n<meta property=\"og:site_name\" content=\"Bio-MedX\" \/>\n<meta property=\"article:publisher\" content=\"https:\/\/www.facebook.com\/biomedx99\" \/>\n<meta property=\"article:modified_time\" content=\"2026-04-07T08:45:28+00:00\" \/>\n<meta name=\"twitter:card\" content=\"summary_large_image\" \/>\n<meta name=\"twitter:label1\" content=\"Est. reading time\" \/>\n\t<meta name=\"twitter:data1\" content=\"1 minute\" \/>\n<script type=\"application\/ld+json\" class=\"yoast-schema-graph\">{\"@context\":\"https:\\\/\\\/schema.org\",\"@graph\":[{\"@type\":\"WebPage\",\"@id\":\"https:\\\/\\\/bio-medx.com\\\/installation\\\/\",\"url\":\"https:\\\/\\\/bio-medx.com\\\/installation\\\/\",\"name\":\"Installation - Bio-MedX\",\"isPartOf\":{\"@id\":\"https:\\\/\\\/bio-medx.com\\\/#website\"},\"datePublished\":\"2022-09-20T19:03:31+00:00\",\"dateModified\":\"2026-04-07T08:45:28+00:00\",\"breadcrumb\":{\"@id\":\"https:\\\/\\\/bio-medx.com\\\/installation\\\/#breadcrumb\"},\"inLanguage\":\"en-US\",\"potentialAction\":[{\"@type\":\"ReadAction\",\"target\":[\"https:\\\/\\\/bio-medx.com\\\/installation\\\/\"]}]},{\"@type\":\"BreadcrumbList\",\"@id\":\"https:\\\/\\\/bio-medx.com\\\/installation\\\/#breadcrumb\",\"itemListElement\":[{\"@type\":\"ListItem\",\"position\":1,\"name\":\"Accueil\",\"item\":\"https:\\\/\\\/bio-medx.com\\\/\"},{\"@type\":\"ListItem\",\"position\":2,\"name\":\"Installation\"}]},{\"@type\":\"WebSite\",\"@id\":\"https:\\\/\\\/bio-medx.com\\\/#website\",\"url\":\"https:\\\/\\\/bio-medx.com\\\/\",\"name\":\"Bio-MedX\",\"description\":\"Nous facillitons l&#039;achat, l&#039;installation et la maintenance d&#039;\u00e9quipement m\u00e9dicaux \u00e0 l&#039;\u00e9chelle mondiale.\",\"publisher\":{\"@id\":\"https:\\\/\\\/bio-medx.com\\\/#organization\"},\"potentialAction\":[{\"@type\":\"SearchAction\",\"target\":{\"@type\":\"EntryPoint\",\"urlTemplate\":\"https:\\\/\\\/bio-medx.com\\\/?s={search_term_string}\"},\"query-input\":{\"@type\":\"PropertyValueSpecification\",\"valueRequired\":true,\"valueName\":\"search_term_string\"}}],\"inLanguage\":\"en-US\"},{\"@type\":\"Organization\",\"@id\":\"https:\\\/\\\/bio-medx.com\\\/#organization\",\"name\":\"Bio-MedX\",\"url\":\"https:\\\/\\\/bio-medx.com\\\/\",\"logo\":{\"@type\":\"ImageObject\",\"inLanguage\":\"en-US\",\"@id\":\"https:\\\/\\\/bio-medx.com\\\/#\\\/schema\\\/logo\\\/image\\\/\",\"url\":\"https:\\\/\\\/bio-medx.com\\\/wp-content\\\/uploads\\\/2022\\\/09\\\/cropped-5.png\",\"contentUrl\":\"https:\\\/\\\/bio-medx.com\\\/wp-content\\\/uploads\\\/2022\\\/09\\\/cropped-5.png\",\"width\":250,\"height\":144,\"caption\":\"Bio-MedX\"},\"image\":{\"@id\":\"https:\\\/\\\/bio-medx.com\\\/#\\\/schema\\\/logo\\\/image\\\/\"},\"sameAs\":[\"https:\\\/\\\/www.facebook.com\\\/biomedx99\",\"https:\\\/\\\/www.linkedin.com\\\/company\\\/biomed-x\\\/\"]}]}<\/script>\n<!-- \/ Yoast SEO plugin. -->","yoast_head_json":{"title":"Installation - Bio-MedX","robots":{"index":"index","follow":"follow","max-snippet":"max-snippet:-1","max-image-preview":"max-image-preview:large","max-video-preview":"max-video-preview:-1"},"canonical":"https:\/\/bio-medx.com\/en\/installation\/","og_locale":"en_US","og_type":"article","og_title":"Installation - Bio-MedX","og_description":"Installation d&rsquo;\u00e9quipements m\u00e9dicaux de pointe Apr\u00e8s avoir d\u00e9termin\u00e9 quel \u00e9quipement d&rsquo;imagerie m\u00e9dicale convient le mieux \u00e0 votre cabinet, clinique, \u00e9tablissement ou h\u00f4pital, il est tout aussi important de prendre en compte la taille, les sp\u00e9cifications et la logistique entourant l&rsquo;installation de votre nouvel \u00e9quipement de diagnostic. Chez BiomedX, l&rsquo;exp\u00e9rience nous a appris que la planification [&hellip;]","og_url":"https:\/\/bio-medx.com\/en\/installation\/","og_site_name":"Bio-MedX","article_publisher":"https:\/\/www.facebook.com\/biomedx99","article_modified_time":"2026-04-07T08:45:28+00:00","twitter_card":"summary_large_image","twitter_misc":{"Est. reading time":"1 minute"},"schema":{"@context":"https:\/\/schema.org","@graph":[{"@type":"WebPage","@id":"https:\/\/bio-medx.com\/installation\/","url":"https:\/\/bio-medx.com\/installation\/","name":"Installation - Bio-MedX","isPartOf":{"@id":"https:\/\/bio-medx.com\/#website"},"datePublished":"2022-09-20T19:03:31+00:00","dateModified":"2026-04-07T08:45:28+00:00","breadcrumb":{"@id":"https:\/\/bio-medx.com\/installation\/#breadcrumb"},"inLanguage":"en-US","potentialAction":[{"@type":"ReadAction","target":["https:\/\/bio-medx.com\/installation\/"]}]},{"@type":"BreadcrumbList","@id":"https:\/\/bio-medx.com\/installation\/#breadcrumb","itemListElement":[{"@type":"ListItem","position":1,"name":"Accueil","item":"https:\/\/bio-medx.com\/"},{"@type":"ListItem","position":2,"name":"Installation"}]},{"@type":"WebSite","@id":"https:\/\/bio-medx.com\/#website","url":"https:\/\/bio-medx.com\/","name":"Bio-MedX","description":"Nous facillitons l&#039;achat, l&#039;installation et la maintenance d&#039;\u00e9quipement m\u00e9dicaux \u00e0 l&#039;\u00e9chelle mondiale.","publisher":{"@id":"https:\/\/bio-medx.com\/#organization"},"potentialAction":[{"@type":"SearchAction","target":{"@type":"EntryPoint","urlTemplate":"https:\/\/bio-medx.com\/?s={search_term_string}"},"query-input":{"@type":"PropertyValueSpecification","valueRequired":true,"valueName":"search_term_string"}}],"inLanguage":"en-US"},{"@type":"Organization","@id":"https:\/\/bio-medx.com\/#organization","name":"Bio-MedX","url":"https:\/\/bio-medx.com\/","logo":{"@type":"ImageObject","inLanguage":"en-US","@id":"https:\/\/bio-medx.com\/#\/schema\/logo\/image\/","url":"https:\/\/bio-medx.com\/wp-content\/uploads\/2022\/09\/cropped-5.png","contentUrl":"https:\/\/bio-medx.com\/wp-content\/uploads\/2022\/09\/cropped-5.png","width":250,"height":144,"caption":"Bio-MedX"},"image":{"@id":"https:\/\/bio-medx.com\/#\/schema\/logo\/image\/"},"sameAs":["https:\/\/www.facebook.com\/biomedx99","https:\/\/www.linkedin.com\/company\/biomed-x\/"]}]}},"brizy_media":[],"_links":{"self":[{"href":"https:\/\/bio-medx.com\/en\/wp-json\/wp\/v2\/pages\/62","targetHints":{"allow":["GET"]}}],"collection":[{"href":"https:\/\/bio-medx.com\/en\/wp-json\/wp\/v2\/pages"}],"about":[{"href":"https:\/\/bio-medx.com\/en\/wp-json\/wp\/v2\/types\/page"}],"author":[{"embeddable":true,"href":"https:\/\/bio-medx.com\/en\/wp-json\/wp\/v2\/users\/1"}],"replies":[{"embeddable":true,"href":"https:\/\/bio-medx.com\/en\/wp-json\/wp\/v2\/comments?post=62"}],"version-history":[{"count":9,"href":"https:\/\/bio-medx.com\/en\/wp-json\/wp\/v2\/pages\/62\/revisions"}],"predecessor-version":[{"id":1620,"href":"https:\/\/bio-medx.com\/en\/wp-json\/wp\/v2\/pages\/62\/revisions\/1620"}],"wp:attachment":[{"href":"https:\/\/bio-medx.com\/en\/wp-json\/wp\/v2\/media?parent=62"}],"curies":[{"name":"wp","href":"https:\/\/api.w.org\/{rel}","templated":true}]}}