{"id":1237,"date":"2022-11-30T09:22:49","date_gmt":"2022-11-30T09:22:49","guid":{"rendered":"https:\/\/bio-medx.com\/?page_id=1237"},"modified":"2022-11-30T09:30:56","modified_gmt":"2022-11-30T09:30:56","slug":"systeme-dimagerie","status":"publish","type":"page","link":"https:\/\/bio-medx.com\/en\/systeme-dimagerie\/","title":{"rendered":"Syst\u00e8me d&rsquo;Imagerie"},"content":{"rendered":"<p>L\u2019imagerie m\u00e9dicale occupe une place croissante dans le secteur de la sant\u00e9. L\u2019avanc\u00e9e constante des techniques d\u2019imagerie permet de d\u00e9tecter les maladies plus t\u00f4t et plus pr\u00e9cis\u00e9ment, pour un traitement plus cibl\u00e9, moins invasif et une surveillance \u00e9troite de la r\u00e9ponse th\u00e9rapeutique.<\/p><div class=\"wp-block-columns is-layout-flex wp-container-core-columns-is-layout-9d6595d7 wp-block-columns-is-layout-flex\"><div class=\"wp-block-column is-layout-flow wp-block-column-is-layout-flow\"><div class=\"wp-block-media-text alignwide is-stacked-on-mobile\"><figure class=\"wp-block-media-text__media\"><img fetchpriority=\"high\" decoding=\"async\" width=\"458\" height=\"334\" src=\"https:\/\/bio-medx.com\/wp-content\/uploads\/2022\/11\/scanner.jpg\" alt=\"\" class=\"wp-image-1239 size-full\" srcset=\"https:\/\/bio-medx.com\/wp-content\/uploads\/2022\/11\/scanner.jpg 458w, https:\/\/bio-medx.com\/wp-content\/uploads\/2022\/11\/scanner-300x219.jpg 300w, https:\/\/bio-medx.com\/wp-content\/uploads\/2022\/11\/scanner-16x12.jpg 16w\" sizes=\"(max-width: 458px) 100vw, 458px\" \/><\/figure><div class=\"wp-block-media-text__content\"><h3 class=\"wp-block-heading\">SCANNER<\/h3>\n\n<p>Avec sa gamme de scanner Somatom go, Siemens propose une technologie de pointe donnant acc\u00e8s \u00e0 une imagerie de haute qualit\u00e9 et ultra rapide.<\/p><\/div><\/div><\/div>\n\n<div class=\"wp-block-column is-layout-flow wp-block-column-is-layout-flow\"><div class=\"wp-block-media-text alignwide is-stacked-on-mobile\"><figure class=\"wp-block-media-text__media\"><img decoding=\"async\" width=\"458\" height=\"334\" src=\"https:\/\/bio-medx.com\/wp-content\/uploads\/2022\/11\/irm-1.jpg\" alt=\"\" class=\"wp-image-1242 size-full\" srcset=\"https:\/\/bio-medx.com\/wp-content\/uploads\/2022\/11\/irm-1.jpg 458w, https:\/\/bio-medx.com\/wp-content\/uploads\/2022\/11\/irm-1-300x219.jpg 300w, https:\/\/bio-medx.com\/wp-content\/uploads\/2022\/11\/irm-1-16x12.jpg 16w\" sizes=\"(max-width: 458px) 100vw, 458px\" \/><\/figure><div class=\"wp-block-media-text__content\"><h3 class=\"wp-block-heading\">IRM 0.35T A 1T<\/h3>\n\n<p>Avec cette gamme, Siemens propose de nouveaux standards d\u2019efficacit\u00e9, de facilit\u00e9 d\u2019utilisation et de qualit\u00e9 de soins, tout en r\u00e9pondant aux multiples besoins des h\u00f4pitaux et des \u00e9tablissements de sant\u00e9.<\/p><\/div><\/div><\/div><\/div><div class=\"wp-block-columns is-layout-flex wp-container-core-columns-is-layout-9d6595d7 wp-block-columns-is-layout-flex\"><div class=\"wp-block-column is-layout-flow wp-block-column-is-layout-flow\"><div class=\"wp-block-media-text alignwide is-stacked-on-mobile\"><figure class=\"wp-block-media-text__media\"><img decoding=\"async\" width=\"458\" height=\"334\" src=\"https:\/\/bio-medx.com\/wp-content\/uploads\/2022\/11\/acuson_p500_ultrasound.jpg\" alt=\"\" class=\"wp-image-1243 size-full\" srcset=\"https:\/\/bio-medx.com\/wp-content\/uploads\/2022\/11\/acuson_p500_ultrasound.jpg 458w, https:\/\/bio-medx.com\/wp-content\/uploads\/2022\/11\/acuson_p500_ultrasound-300x219.jpg 300w, https:\/\/bio-medx.com\/wp-content\/uploads\/2022\/11\/acuson_p500_ultrasound-16x12.jpg 16w\" sizes=\"(max-width: 458px) 100vw, 458px\" \/><\/figure><div class=\"wp-block-media-text__content\"><h3 class=\"wp-block-heading\">ECHOGRAPHIE<\/h3>\n\n<p>Siemens offre des solutions avanc\u00e9es pour la gyn\u00e9cologie-obst\u00e9trique, l\u2019\u00e9chocardiographie avec des technologies d\u2019imagerie de derni\u00e8re g\u00e9n\u00e9ration qui offrent une qualit\u00e9 d\u2019imagerie d\u2019exception contribuant \u00e0 renforcer la confiance des praticiens dans leurs diagnostics.<\/p><\/div><\/div><\/div>\n\n<div class=\"wp-block-column is-layout-flow wp-block-column-is-layout-flow\"><div class=\"wp-block-media-text alignwide is-stacked-on-mobile\"><figure class=\"wp-block-media-text__media\"><img loading=\"lazy\" decoding=\"async\" width=\"458\" height=\"334\" src=\"https:\/\/bio-medx.com\/wp-content\/uploads\/2022\/11\/Mammomat_inspiration.jpg\" alt=\"\" class=\"wp-image-1244 size-full\" srcset=\"https:\/\/bio-medx.com\/wp-content\/uploads\/2022\/11\/Mammomat_inspiration.jpg 458w, https:\/\/bio-medx.com\/wp-content\/uploads\/2022\/11\/Mammomat_inspiration-300x219.jpg 300w, https:\/\/bio-medx.com\/wp-content\/uploads\/2022\/11\/Mammomat_inspiration-16x12.jpg 16w\" sizes=\"(max-width: 458px) 100vw, 458px\" \/><\/figure><div class=\"wp-block-media-text__content\"><h3 class=\"wp-block-heading\">MAMMOGRAPHIE<\/h3>\n\n<p>Les syst\u00e8mes de mammographie num\u00e9rique Siemens Healthineers offrent une haute qualit\u00e9 d\u2019image pour une dose minimale ainsi que des stations de travail adapt\u00e9es pour une lecture et une interpr\u00e9tation rapide des examens mammaires.<\/p><\/div><\/div><\/div><\/div><div class=\"wp-block-columns is-layout-flex wp-container-core-columns-is-layout-9d6595d7 wp-block-columns-is-layout-flex\"><div class=\"wp-block-column is-layout-flow wp-block-column-is-layout-flow\"><div class=\"wp-block-media-text alignwide is-stacked-on-mobile\"><figure class=\"wp-block-media-text__media\"><img loading=\"lazy\" decoding=\"async\" width=\"458\" height=\"334\" src=\"https:\/\/bio-medx.com\/wp-content\/uploads\/2022\/11\/digital-radiography-system.jpg\" alt=\"\" class=\"wp-image-1245 size-full\" srcset=\"https:\/\/bio-medx.com\/wp-content\/uploads\/2022\/11\/digital-radiography-system.jpg 458w, https:\/\/bio-medx.com\/wp-content\/uploads\/2022\/11\/digital-radiography-system-300x219.jpg 300w, https:\/\/bio-medx.com\/wp-content\/uploads\/2022\/11\/digital-radiography-system-16x12.jpg 16w\" sizes=\"(max-width: 458px) 100vw, 458px\" \/><\/figure><div class=\"wp-block-media-text__content\"><h3 class=\"wp-block-heading\">RADIOGRAPHIE<\/h3>\n\n<p>Siemens Healthineers propose une gamme compl\u00e8te des syst\u00e8mes de radiographie digitaux, analogiques ou mobiles. Cette gamme de produits \u00e0 la pointe de la technologie permet d\u2019am\u00e9liorer la performance des \u00e9tablissements de sante.<\/p><\/div><\/div><\/div>\n\n<div class=\"wp-block-column is-layout-flow wp-block-column-is-layout-flow\"><div class=\"wp-block-media-text alignwide is-stacked-on-mobile\"><figure class=\"wp-block-media-text__media\"><img loading=\"lazy\" decoding=\"async\" width=\"458\" height=\"334\" src=\"https:\/\/bio-medx.com\/wp-content\/uploads\/2022\/11\/arceaux.jpg\" alt=\"\" class=\"wp-image-1246 size-full\" srcset=\"https:\/\/bio-medx.com\/wp-content\/uploads\/2022\/11\/arceaux.jpg 458w, https:\/\/bio-medx.com\/wp-content\/uploads\/2022\/11\/arceaux-300x219.jpg 300w, https:\/\/bio-medx.com\/wp-content\/uploads\/2022\/11\/arceaux-16x12.jpg 16w\" sizes=\"(max-width: 458px) 100vw, 458px\" \/><\/figure><div class=\"wp-block-media-text__content\"><h3 class=\"wp-block-heading\">ARCEAUX<\/h3>\n\n<p>Les arceaux mobiles de Siemens Healthineers combinent qualit\u00e9 image, maniabilit\u00e9, flexibilit\u00e9 et confiance dans les actes chirurgicaux.<\/p><\/div><\/div><\/div><\/div><div class=\"wp-block-columns is-layout-flex wp-container-core-columns-is-layout-9d6595d7 wp-block-columns-is-layout-flex\"><div class=\"wp-block-column is-layout-flow wp-block-column-is-layout-flow\"><div class=\"wp-block-media-text alignwide is-stacked-on-mobile\"><figure class=\"wp-block-media-text__media\"><img loading=\"lazy\" decoding=\"async\" width=\"458\" height=\"334\" src=\"https:\/\/bio-medx.com\/wp-content\/uploads\/2022\/11\/numeristation.jpg\" alt=\"\" class=\"wp-image-1247 size-full\" srcset=\"https:\/\/bio-medx.com\/wp-content\/uploads\/2022\/11\/numeristation.jpg 458w, https:\/\/bio-medx.com\/wp-content\/uploads\/2022\/11\/numeristation-300x219.jpg 300w, https:\/\/bio-medx.com\/wp-content\/uploads\/2022\/11\/numeristation-16x12.jpg 16w\" sizes=\"(max-width: 458px) 100vw, 458px\" \/><\/figure><div class=\"wp-block-media-text__content\"><h3 class=\"wp-block-heading\">NUM\u00c9RISATION<\/h3>\n\n<p>Pour cette gamme Carestream propose differents format de numerisation compact, abordables et qui vous pemettent de choisir les performances qui correspondent aux besoins de votre etablisement en fonction de votre debit de plaques par heure.<\/p><\/div><\/div><\/div>\n\n<div class=\"wp-block-column is-layout-flow wp-block-column-is-layout-flow\"><div class=\"wp-block-media-text alignwide is-stacked-on-mobile\"><figure class=\"wp-block-media-text__media\"><img loading=\"lazy\" decoding=\"async\" width=\"458\" height=\"334\" src=\"https:\/\/bio-medx.com\/wp-content\/uploads\/2022\/11\/cs9300_3d.jpg\" alt=\"\" class=\"wp-image-1248 size-full\" srcset=\"https:\/\/bio-medx.com\/wp-content\/uploads\/2022\/11\/cs9300_3d.jpg 458w, https:\/\/bio-medx.com\/wp-content\/uploads\/2022\/11\/cs9300_3d-300x219.jpg 300w, https:\/\/bio-medx.com\/wp-content\/uploads\/2022\/11\/cs9300_3d-16x12.jpg 16w\" sizes=\"(max-width: 458px) 100vw, 458px\" \/><\/figure><div class=\"wp-block-media-text__content\"><h3 class=\"wp-block-heading\">IMAGERIE DENTAIRE<\/h3>\n\n<p>La radiologie bucco-dentaire capte aussi bien des images en 2D qu\u2019en trois dimensions (3D) tr\u00e8s pr\u00e9cises qui peuvent \u00eatre utilis\u00e9es pour planifier le positionnement d\u2019implants dentaires ou pour guider votre dentiste lors d\u2019un traitement de canal.<\/p><\/div><\/div><\/div><\/div><div class=\"wp-block-media-text alignwide is-stacked-on-mobile\"><figure class=\"wp-block-media-text__media\"><img loading=\"lazy\" decoding=\"async\" width=\"458\" height=\"334\" src=\"https:\/\/bio-medx.com\/wp-content\/uploads\/2022\/11\/image_3.jpg\" alt=\"\" class=\"wp-image-1253 size-full\" srcset=\"https:\/\/bio-medx.com\/wp-content\/uploads\/2022\/11\/image_3.jpg 458w, https:\/\/bio-medx.com\/wp-content\/uploads\/2022\/11\/image_3-300x219.jpg 300w, https:\/\/bio-medx.com\/wp-content\/uploads\/2022\/11\/image_3-16x12.jpg 16w\" sizes=\"(max-width: 458px) 100vw, 458px\" \/><\/figure><div class=\"wp-block-media-text__content\"><h3 class=\"wp-block-heading\">DIALYSE<\/h3>\n\n<p>A partir de son savoir-faire en tant qu&rsquo;op\u00e9rateur de soins, Fresenius Medical Care propose les produits et th\u00e9rapies les mieux adapt\u00e9s \u00e0 ces traitements aussi bien en termes d&rsquo;innovation th\u00e9rapeutique que de facilit\u00e9 d&rsquo;utilisation. Les prestations de haut niveau de Fresenius Medical Care d\u00e9butent avec une gamme de produits compl\u00e8te et innovante. Les principaux composants sont con\u00e7us et fabriqu\u00e9s dans leurs laboratoires et les lieux de production sont la plupart en Allemagne.<\/p><\/div><\/div><div class=\"wp-block-media-text alignwide is-stacked-on-mobile\"><figure class=\"wp-block-media-text__media\"><img loading=\"lazy\" decoding=\"async\" width=\"458\" height=\"334\" src=\"https:\/\/bio-medx.com\/wp-content\/uploads\/2022\/11\/image_2.jpg\" alt=\"\" class=\"wp-image-1252 size-full\" srcset=\"https:\/\/bio-medx.com\/wp-content\/uploads\/2022\/11\/image_2.jpg 458w, https:\/\/bio-medx.com\/wp-content\/uploads\/2022\/11\/image_2-300x219.jpg 300w, https:\/\/bio-medx.com\/wp-content\/uploads\/2022\/11\/image_2-16x12.jpg 16w\" sizes=\"(max-width: 458px) 100vw, 458px\" \/><\/figure><div class=\"wp-block-media-text__content\"><h3 class=\"wp-block-heading\">ENDOSCOPIE<\/h3>\n\n<p>Leader mondial de l\u2019endoscopie m\u00e9dicale Olympus propose une large gamme d\u2019\u00e9quipements enti\u00e8rement ax\u00e9s sur le d\u00e9pistage pr\u00e9coce et les traitements minimalement invasifs d\u2019un grand nombre d\u2019affections.<\/p><\/div><\/div><div class=\"wp-block-media-text alignwide is-stacked-on-mobile\"><figure class=\"wp-block-media-text__media\"><img loading=\"lazy\" decoding=\"async\" width=\"458\" height=\"334\" src=\"https:\/\/bio-medx.com\/wp-content\/uploads\/2022\/11\/radiotherapie.jpg\" alt=\"\" class=\"wp-image-1251 size-full\" srcset=\"https:\/\/bio-medx.com\/wp-content\/uploads\/2022\/11\/radiotherapie.jpg 458w, https:\/\/bio-medx.com\/wp-content\/uploads\/2022\/11\/radiotherapie-300x219.jpg 300w, https:\/\/bio-medx.com\/wp-content\/uploads\/2022\/11\/radiotherapie-16x12.jpg 16w\" sizes=\"(max-width: 458px) 100vw, 458px\" \/><\/figure><div class=\"wp-block-media-text__content\"><h3 class=\"wp-block-heading\">RADIOTHERAPIE<\/h3>\n\n<p>Dans cette gamme Elekta est le leader mondial avec ses avanc\u00e9es technologiques en radiation oncologique.<\/p><\/div><\/div><div class=\"wp-block-media-text alignwide is-stacked-on-mobile\"><figure class=\"wp-block-media-text__media\"><img loading=\"lazy\" decoding=\"async\" width=\"458\" height=\"334\" src=\"https:\/\/bio-medx.com\/wp-content\/uploads\/2022\/11\/reanimation.jpg\" alt=\"\" class=\"wp-image-1250 size-full\" srcset=\"https:\/\/bio-medx.com\/wp-content\/uploads\/2022\/11\/reanimation.jpg 458w, https:\/\/bio-medx.com\/wp-content\/uploads\/2022\/11\/reanimation-300x219.jpg 300w, https:\/\/bio-medx.com\/wp-content\/uploads\/2022\/11\/reanimation-16x12.jpg 16w\" sizes=\"(max-width: 458px) 100vw, 458px\" \/><\/figure><div class=\"wp-block-media-text__content\"><h3 class=\"wp-block-heading\">REANIMATION<\/h3>\n\n<p>Leader mondial dans les technologies m\u00e9dicales notamment en \u00e9quipements de r\u00e9animation, Drager propose diff\u00e9rentes technologies innovantes des stations d\u2019anesth\u00e9sie en passant par la ventilation et le monitorage respiratoire.<\/p><\/div><\/div><div class=\"wp-block-media-text alignwide is-stacked-on-mobile\"><figure class=\"wp-block-media-text__media\"><img loading=\"lazy\" decoding=\"async\" width=\"458\" height=\"334\" src=\"https:\/\/bio-medx.com\/wp-content\/uploads\/2022\/11\/laboratoire.jpg\" alt=\"\" class=\"wp-image-1249 size-full\" srcset=\"https:\/\/bio-medx.com\/wp-content\/uploads\/2022\/11\/laboratoire.jpg 458w, https:\/\/bio-medx.com\/wp-content\/uploads\/2022\/11\/laboratoire-300x219.jpg 300w, https:\/\/bio-medx.com\/wp-content\/uploads\/2022\/11\/laboratoire-16x12.jpg 16w\" sizes=\"(max-width: 458px) 100vw, 458px\" \/><\/figure><div class=\"wp-block-media-text__content\"><h3 class=\"wp-block-heading\">LABORATOIRE<\/h3>\n\n<p>En plus de l\u2019imagerie, Siemens Healthineers propose une large gamme d\u2019\u00e9quipements de laboratoire de l\u2019hematologie \u00e0 la Biologie moleculaire en passant par l\u2019immunoanalyse.<\/p><\/div><\/div>","protected":false},"excerpt":{"rendered":"<p>L\u2019imagerie m\u00e9dicale occupe une place croissante dans le secteur de la sant\u00e9. L\u2019avanc\u00e9e constante des techniques d\u2019imagerie permet de d\u00e9tecter les maladies plus t\u00f4t et plus pr\u00e9cis\u00e9ment, pour un traitement plus cibl\u00e9, moins invasif et une surveillance \u00e9troite de la r\u00e9ponse th\u00e9rapeutique. SCANNER Avec sa gamme de scanner Somatom go, Siemens propose une technologie de [&hellip;]<\/p>\n","protected":false},"author":1,"featured_media":0,"parent":0,"menu_order":0,"comment_status":"closed","ping_status":"closed","template":"","meta":{"footnotes":""},"class_list":["post-1237","page","type-page","status-publish","hentry"],"yoast_head":"<!-- This site is optimized with the Yoast SEO plugin v27.4 - https:\/\/yoast.com\/product\/yoast-seo-wordpress\/ -->\n<title>Syst\u00e8me d&#039;Imagerie - Bio-MedX<\/title>\n<meta name=\"robots\" content=\"index, follow, max-snippet:-1, max-image-preview:large, max-video-preview:-1\" \/>\n<link rel=\"canonical\" href=\"https:\/\/bio-medx.com\/en\/systeme-dimagerie\/\" \/>\n<meta property=\"og:locale\" content=\"en_US\" \/>\n<meta property=\"og:type\" content=\"article\" \/>\n<meta property=\"og:title\" content=\"Syst\u00e8me d&#039;Imagerie - Bio-MedX\" \/>\n<meta property=\"og:description\" content=\"L\u2019imagerie m\u00e9dicale occupe une place croissante dans le secteur de la sant\u00e9. L\u2019avanc\u00e9e constante des techniques d\u2019imagerie permet de d\u00e9tecter les maladies plus t\u00f4t et plus pr\u00e9cis\u00e9ment, pour un traitement plus cibl\u00e9, moins invasif et une surveillance \u00e9troite de la r\u00e9ponse th\u00e9rapeutique. SCANNER Avec sa gamme de scanner Somatom go, Siemens propose une technologie de [&hellip;]\" \/>\n<meta property=\"og:url\" content=\"https:\/\/bio-medx.com\/en\/systeme-dimagerie\/\" \/>\n<meta property=\"og:site_name\" content=\"Bio-MedX\" \/>\n<meta property=\"article:publisher\" content=\"https:\/\/www.facebook.com\/biomedx99\" \/>\n<meta property=\"article:modified_time\" content=\"2022-11-30T09:30:56+00:00\" \/>\n<meta property=\"og:image\" content=\"https:\/\/bio-medx.com\/wp-content\/uploads\/2022\/11\/scanner.jpg\" \/>\n<meta name=\"twitter:card\" content=\"summary_large_image\" \/>\n<meta name=\"twitter:label1\" content=\"Est. reading time\" \/>\n\t<meta name=\"twitter:data1\" content=\"3 minutes\" \/>\n<script type=\"application\/ld+json\" class=\"yoast-schema-graph\">{\"@context\":\"https:\\\/\\\/schema.org\",\"@graph\":[{\"@type\":\"WebPage\",\"@id\":\"https:\\\/\\\/bio-medx.com\\\/systeme-dimagerie\\\/\",\"url\":\"https:\\\/\\\/bio-medx.com\\\/systeme-dimagerie\\\/\",\"name\":\"Syst\u00e8me d'Imagerie - Bio-MedX\",\"isPartOf\":{\"@id\":\"https:\\\/\\\/bio-medx.com\\\/#website\"},\"primaryImageOfPage\":{\"@id\":\"https:\\\/\\\/bio-medx.com\\\/systeme-dimagerie\\\/#primaryimage\"},\"image\":{\"@id\":\"https:\\\/\\\/bio-medx.com\\\/systeme-dimagerie\\\/#primaryimage\"},\"thumbnailUrl\":\"https:\\\/\\\/bio-medx.com\\\/wp-content\\\/uploads\\\/2022\\\/11\\\/scanner.jpg\",\"datePublished\":\"2022-11-30T09:22:49+00:00\",\"dateModified\":\"2022-11-30T09:30:56+00:00\",\"breadcrumb\":{\"@id\":\"https:\\\/\\\/bio-medx.com\\\/systeme-dimagerie\\\/#breadcrumb\"},\"inLanguage\":\"en-US\",\"potentialAction\":[{\"@type\":\"ReadAction\",\"target\":[\"https:\\\/\\\/bio-medx.com\\\/systeme-dimagerie\\\/\"]}]},{\"@type\":\"ImageObject\",\"inLanguage\":\"en-US\",\"@id\":\"https:\\\/\\\/bio-medx.com\\\/systeme-dimagerie\\\/#primaryimage\",\"url\":\"https:\\\/\\\/bio-medx.com\\\/wp-content\\\/uploads\\\/2022\\\/11\\\/scanner.jpg\",\"contentUrl\":\"https:\\\/\\\/bio-medx.com\\\/wp-content\\\/uploads\\\/2022\\\/11\\\/scanner.jpg\"},{\"@type\":\"BreadcrumbList\",\"@id\":\"https:\\\/\\\/bio-medx.com\\\/systeme-dimagerie\\\/#breadcrumb\",\"itemListElement\":[{\"@type\":\"ListItem\",\"position\":1,\"name\":\"Accueil\",\"item\":\"https:\\\/\\\/bio-medx.com\\\/\"},{\"@type\":\"ListItem\",\"position\":2,\"name\":\"Syst\u00e8me d&#8217;Imagerie\"}]},{\"@type\":\"WebSite\",\"@id\":\"https:\\\/\\\/bio-medx.com\\\/#website\",\"url\":\"https:\\\/\\\/bio-medx.com\\\/\",\"name\":\"Bio-MedX\",\"description\":\"Nous facillitons l&#039;achat, l&#039;installation et la maintenance d&#039;\u00e9quipement m\u00e9dicaux \u00e0 l&#039;\u00e9chelle mondiale.\",\"publisher\":{\"@id\":\"https:\\\/\\\/bio-medx.com\\\/#organization\"},\"potentialAction\":[{\"@type\":\"SearchAction\",\"target\":{\"@type\":\"EntryPoint\",\"urlTemplate\":\"https:\\\/\\\/bio-medx.com\\\/?s={search_term_string}\"},\"query-input\":{\"@type\":\"PropertyValueSpecification\",\"valueRequired\":true,\"valueName\":\"search_term_string\"}}],\"inLanguage\":\"en-US\"},{\"@type\":\"Organization\",\"@id\":\"https:\\\/\\\/bio-medx.com\\\/#organization\",\"name\":\"Bio-MedX\",\"url\":\"https:\\\/\\\/bio-medx.com\\\/\",\"logo\":{\"@type\":\"ImageObject\",\"inLanguage\":\"en-US\",\"@id\":\"https:\\\/\\\/bio-medx.com\\\/#\\\/schema\\\/logo\\\/image\\\/\",\"url\":\"https:\\\/\\\/bio-medx.com\\\/wp-content\\\/uploads\\\/2022\\\/09\\\/cropped-5.png\",\"contentUrl\":\"https:\\\/\\\/bio-medx.com\\\/wp-content\\\/uploads\\\/2022\\\/09\\\/cropped-5.png\",\"width\":250,\"height\":144,\"caption\":\"Bio-MedX\"},\"image\":{\"@id\":\"https:\\\/\\\/bio-medx.com\\\/#\\\/schema\\\/logo\\\/image\\\/\"},\"sameAs\":[\"https:\\\/\\\/www.facebook.com\\\/biomedx99\",\"https:\\\/\\\/www.linkedin.com\\\/company\\\/biomed-x\\\/\"]}]}<\/script>\n<!-- \/ Yoast SEO plugin. -->","yoast_head_json":{"title":"Syst\u00e8me d'Imagerie - Bio-MedX","robots":{"index":"index","follow":"follow","max-snippet":"max-snippet:-1","max-image-preview":"max-image-preview:large","max-video-preview":"max-video-preview:-1"},"canonical":"https:\/\/bio-medx.com\/en\/systeme-dimagerie\/","og_locale":"en_US","og_type":"article","og_title":"Syst\u00e8me d'Imagerie - Bio-MedX","og_description":"L\u2019imagerie m\u00e9dicale occupe une place croissante dans le secteur de la sant\u00e9. L\u2019avanc\u00e9e constante des techniques d\u2019imagerie permet de d\u00e9tecter les maladies plus t\u00f4t et plus pr\u00e9cis\u00e9ment, pour un traitement plus cibl\u00e9, moins invasif et une surveillance \u00e9troite de la r\u00e9ponse th\u00e9rapeutique. SCANNER Avec sa gamme de scanner Somatom go, Siemens propose une technologie de [&hellip;]","og_url":"https:\/\/bio-medx.com\/en\/systeme-dimagerie\/","og_site_name":"Bio-MedX","article_publisher":"https:\/\/www.facebook.com\/biomedx99","article_modified_time":"2022-11-30T09:30:56+00:00","og_image":[{"url":"https:\/\/bio-medx.com\/wp-content\/uploads\/2022\/11\/scanner.jpg","type":"","width":"","height":""}],"twitter_card":"summary_large_image","twitter_misc":{"Est. reading time":"3 minutes"},"schema":{"@context":"https:\/\/schema.org","@graph":[{"@type":"WebPage","@id":"https:\/\/bio-medx.com\/systeme-dimagerie\/","url":"https:\/\/bio-medx.com\/systeme-dimagerie\/","name":"Syst\u00e8me d'Imagerie - Bio-MedX","isPartOf":{"@id":"https:\/\/bio-medx.com\/#website"},"primaryImageOfPage":{"@id":"https:\/\/bio-medx.com\/systeme-dimagerie\/#primaryimage"},"image":{"@id":"https:\/\/bio-medx.com\/systeme-dimagerie\/#primaryimage"},"thumbnailUrl":"https:\/\/bio-medx.com\/wp-content\/uploads\/2022\/11\/scanner.jpg","datePublished":"2022-11-30T09:22:49+00:00","dateModified":"2022-11-30T09:30:56+00:00","breadcrumb":{"@id":"https:\/\/bio-medx.com\/systeme-dimagerie\/#breadcrumb"},"inLanguage":"en-US","potentialAction":[{"@type":"ReadAction","target":["https:\/\/bio-medx.com\/systeme-dimagerie\/"]}]},{"@type":"ImageObject","inLanguage":"en-US","@id":"https:\/\/bio-medx.com\/systeme-dimagerie\/#primaryimage","url":"https:\/\/bio-medx.com\/wp-content\/uploads\/2022\/11\/scanner.jpg","contentUrl":"https:\/\/bio-medx.com\/wp-content\/uploads\/2022\/11\/scanner.jpg"},{"@type":"BreadcrumbList","@id":"https:\/\/bio-medx.com\/systeme-dimagerie\/#breadcrumb","itemListElement":[{"@type":"ListItem","position":1,"name":"Accueil","item":"https:\/\/bio-medx.com\/"},{"@type":"ListItem","position":2,"name":"Syst\u00e8me d&#8217;Imagerie"}]},{"@type":"WebSite","@id":"https:\/\/bio-medx.com\/#website","url":"https:\/\/bio-medx.com\/","name":"Bio-MedX","description":"Nous facillitons l&#039;achat, l&#039;installation et la maintenance d&#039;\u00e9quipement m\u00e9dicaux \u00e0 l&#039;\u00e9chelle mondiale.","publisher":{"@id":"https:\/\/bio-medx.com\/#organization"},"potentialAction":[{"@type":"SearchAction","target":{"@type":"EntryPoint","urlTemplate":"https:\/\/bio-medx.com\/?s={search_term_string}"},"query-input":{"@type":"PropertyValueSpecification","valueRequired":true,"valueName":"search_term_string"}}],"inLanguage":"en-US"},{"@type":"Organization","@id":"https:\/\/bio-medx.com\/#organization","name":"Bio-MedX","url":"https:\/\/bio-medx.com\/","logo":{"@type":"ImageObject","inLanguage":"en-US","@id":"https:\/\/bio-medx.com\/#\/schema\/logo\/image\/","url":"https:\/\/bio-medx.com\/wp-content\/uploads\/2022\/09\/cropped-5.png","contentUrl":"https:\/\/bio-medx.com\/wp-content\/uploads\/2022\/09\/cropped-5.png","width":250,"height":144,"caption":"Bio-MedX"},"image":{"@id":"https:\/\/bio-medx.com\/#\/schema\/logo\/image\/"},"sameAs":["https:\/\/www.facebook.com\/biomedx99","https:\/\/www.linkedin.com\/company\/biomed-x\/"]}]}},"brizy_media":[],"_links":{"self":[{"href":"https:\/\/bio-medx.com\/en\/wp-json\/wp\/v2\/pages\/1237","targetHints":{"allow":["GET"]}}],"collection":[{"href":"https:\/\/bio-medx.com\/en\/wp-json\/wp\/v2\/pages"}],"about":[{"href":"https:\/\/bio-medx.com\/en\/wp-json\/wp\/v2\/types\/page"}],"author":[{"embeddable":true,"href":"https:\/\/bio-medx.com\/en\/wp-json\/wp\/v2\/users\/1"}],"replies":[{"embeddable":true,"href":"https:\/\/bio-medx.com\/en\/wp-json\/wp\/v2\/comments?post=1237"}],"version-history":[{"count":2,"href":"https:\/\/bio-medx.com\/en\/wp-json\/wp\/v2\/pages\/1237\/revisions"}],"predecessor-version":[{"id":1254,"href":"https:\/\/bio-medx.com\/en\/wp-json\/wp\/v2\/pages\/1237\/revisions\/1254"}],"wp:attachment":[{"href":"https:\/\/bio-medx.com\/en\/wp-json\/wp\/v2\/media?parent=1237"}],"curies":[{"name":"wp","href":"https:\/\/api.w.org\/{rel}","templated":true}]}}